{"id":7335,"date":"2025-10-27T16:01:43","date_gmt":"2025-10-27T15:01:43","guid":{"rendered":"https:\/\/academiaedelmann.com\/classes\/ingles\/"},"modified":"2025-12-09T12:01:36","modified_gmt":"2025-12-09T11:01:36","slug":"english","status":"publish","type":"page","link":"https:\/\/academiaedelmann.com\/en\/classes\/english\/","title":{"rendered":"English"},"content":{"rendered":"\t\t<div data-elementor-type=\"wp-page\" data-elementor-id=\"7335\" class=\"elementor elementor-7335 elementor-6646\">\n\t\t\t\t\t\t<section class=\"elementor-section elementor-top-section elementor-element elementor-element-6d5e176 elementor-section-boxed elementor-section-height-default elementor-section-height-default\" data-id=\"6d5e176\" data-element_type=\"section\" data-e-type=\"section\">\n\t\t\t\t\t\t<div class=\"elementor-container elementor-column-gap-default\">\n\t\t\t\t\t<div class=\"elementor-column elementor-col-100 elementor-top-column elementor-element elementor-element-138bc7c\" data-id=\"138bc7c\" data-element_type=\"column\" data-e-type=\"column\">\n\t\t\t<div class=\"elementor-widget-wrap elementor-element-populated\">\n\t\t\t\t\t\t<div class=\"elementor-element elementor-element-222e0ab elementor-widget elementor-widget-text-editor\" data-id=\"222e0ab\" data-element_type=\"widget\" data-e-type=\"widget\" data-widget_type=\"text-editor.default\">\n\t\t\t\t<div class=\"elementor-widget-container\">\n\t\t\t\t\t\t\t\t\t<h1>English<\/h1>\t\t\t\t\t\t\t\t<\/div>\n\t\t\t\t<\/div>\n\t\t\t\t\t<\/div>\n\t\t<\/div>\n\t\t\t\t\t<\/div>\n\t\t<\/section>\n\t\t\t\t<section class=\"elementor-section elementor-top-section elementor-element elementor-element-83a6da4 elementor-section-boxed elementor-section-height-default elementor-section-height-default\" data-id=\"83a6da4\" data-element_type=\"section\" data-e-type=\"section\">\n\t\t\t\t\t\t<div class=\"elementor-container elementor-column-gap-default\">\n\t\t\t\t\t<div class=\"elementor-column elementor-col-100 elementor-top-column elementor-element elementor-element-11f3ce53\" data-id=\"11f3ce53\" data-element_type=\"column\" data-e-type=\"column\">\n\t\t\t<div class=\"elementor-widget-wrap elementor-element-populated\">\n\t\t\t\t\t\t<div class=\"elementor-element elementor-element-3367605 elementor-widget elementor-widget-text-editor\" data-id=\"3367605\" data-element_type=\"widget\" data-e-type=\"widget\" data-widget_type=\"text-editor.default\">\n\t\t\t\t<div class=\"elementor-widget-container\">\n\t\t\t\t\t\t\t\t\t<p>With a Cambridge C1 certification obtained at the age of 18, I offer English classes adapted to different ages and levels, so you can learn effectively and in a practical way.<\/p>\n<p>For children and teenagers, I provide school support and tutoring to help them improve academic performance and gain confidence in understanding and expressing themselves in English.<\/p>\n<p>We work on both oral and written skills so they can communicate confidently at school and in everyday situations. For those who wish to learn English beyond academic requirements, I offer dynamic and personalized lessons.<\/p>\n<p>For adults, I offer classes for levels A1, A2, and B1, focusing on developing communication skills useful for daily life, work, and travel. The goal is to express yourself more fluently, understand spoken and written English, and improve vocabulary and confidence.<\/p>\n<h3><\/h3>\n<h2><strong>The importance of English in the Canary Islands<\/strong><\/h2>\n<ul>\n<li><strong>International tourism:<\/strong> The Canary Islands receive millions of tourists every year, many from English-speaking countries or using English as a common language. In 2023, more than 15 million tourists visited the islands, and many communicate in English in hotels, restaurants, shops, and tourist activities.<\/li>\n<li><strong>Job opportunities:<\/strong> Beyond tourism, many local and multinational companies value English for customer service, administration, trade, and education.<\/li>\n<li><strong>Education and mobility:<\/strong> English is essential for accessing higher studies, international programmes, and for travelling or living abroad.<\/li>\n<\/ul>\n<p><\/p>\n<h3><b>My commitment to you<\/b><\/h3>\n<p>My classes are dynamic, practical, and adapted to your personal and professional goals. Whether you need to improve for school, work, or simply out of personal interest, I offer close, flexible support so you can progress at your own pace.<\/p>\n<p><\/p>\t\t\t\t\t\t\t\t<\/div>\n\t\t\t\t<\/div>\n\t\t\t\t\t<\/div>\n\t\t<\/div>\n\t\t\t\t\t<\/div>\n\t\t<\/section>\n\t\t\t\t<section class=\"elementor-section elementor-top-section elementor-element elementor-element-c39ed36 elementor-section-boxed elementor-section-height-default elementor-section-height-default\" data-id=\"c39ed36\" data-element_type=\"section\" data-e-type=\"section\">\n\t\t\t\t\t\t<div class=\"elementor-container elementor-column-gap-default\">\n\t\t\t\t\t<div class=\"elementor-column elementor-col-100 elementor-top-column elementor-element elementor-element-71d8c7c\" data-id=\"71d8c7c\" data-element_type=\"column\" data-e-type=\"column\">\n\t\t\t<div class=\"elementor-widget-wrap elementor-element-populated\">\n\t\t\t\t\t\t<section class=\"elementor-section elementor-inner-section elementor-element elementor-element-d61eb6c elementor-section-boxed elementor-section-height-default elementor-section-height-default\" data-id=\"d61eb6c\" data-element_type=\"section\" data-e-type=\"section\">\n\t\t\t\t\t\t<div class=\"elementor-container elementor-column-gap-default\">\n\t\t\t\t\t<div class=\"elementor-column elementor-col-33 elementor-inner-column elementor-element elementor-element-7cb6cbb\" data-id=\"7cb6cbb\" data-element_type=\"column\" data-e-type=\"column\">\n\t\t\t<div class=\"elementor-widget-wrap elementor-element-populated\">\n\t\t\t\t\t\t<div class=\"elementor-element elementor-element-bc6bee2 elementor-align-center elementor-widget elementor-widget-button\" data-id=\"bc6bee2\" data-element_type=\"widget\" data-e-type=\"widget\" data-widget_type=\"button.default\">\n\t\t\t\t<div class=\"elementor-widget-container\">\n\t\t\t\t\t\t\t\t\t<div class=\"elementor-button-wrapper\">\n\t\t\t\t\t<a class=\"elementor-button elementor-button-link elementor-size-sm\" href=\"https:\/\/academiaedelmann.com\/en\/methodology\/\">\n\t\t\t\t\t\t<span class=\"elementor-button-content-wrapper\">\n\t\t\t\t\t\t\t\t\t<span class=\"elementor-button-text\">Methodology<\/span>\n\t\t\t\t\t<\/span>\n\t\t\t\t\t<\/a>\n\t\t\t\t<\/div>\n\t\t\t\t\t\t\t\t<\/div>\n\t\t\t\t<\/div>\n\t\t\t\t\t<\/div>\n\t\t<\/div>\n\t\t\t\t<div class=\"elementor-column elementor-col-33 elementor-inner-column elementor-element elementor-element-2b2a21d\" data-id=\"2b2a21d\" data-element_type=\"column\" data-e-type=\"column\">\n\t\t\t<div class=\"elementor-widget-wrap elementor-element-populated\">\n\t\t\t\t\t\t<div class=\"elementor-element elementor-element-a4dc766 elementor-align-center elementor-widget elementor-widget-button\" data-id=\"a4dc766\" data-element_type=\"widget\" data-e-type=\"widget\" data-widget_type=\"button.default\">\n\t\t\t\t<div class=\"elementor-widget-container\">\n\t\t\t\t\t\t\t\t\t<div class=\"elementor-button-wrapper\">\n\t\t\t\t\t<a class=\"elementor-button elementor-button-link elementor-size-sm\" href=\"https:\/\/academiaedelmann.com\/en\/classes\/official-examinations\/\">\n\t\t\t\t\t\t<span class=\"elementor-button-content-wrapper\">\n\t\t\t\t\t\t\t\t\t<span class=\"elementor-button-text\">Official examinations<\/span>\n\t\t\t\t\t<\/span>\n\t\t\t\t\t<\/a>\n\t\t\t\t<\/div>\n\t\t\t\t\t\t\t\t<\/div>\n\t\t\t\t<\/div>\n\t\t\t\t\t<\/div>\n\t\t<\/div>\n\t\t\t\t<div class=\"elementor-column elementor-col-33 elementor-inner-column elementor-element elementor-element-9885d02\" data-id=\"9885d02\" data-element_type=\"column\" data-e-type=\"column\">\n\t\t\t<div class=\"elementor-widget-wrap elementor-element-populated\">\n\t\t\t\t\t\t<div class=\"elementor-element elementor-element-46aaa0f elementor-align-center elementor-widget elementor-widget-button\" data-id=\"46aaa0f\" data-element_type=\"widget\" data-e-type=\"widget\" data-widget_type=\"button.default\">\n\t\t\t\t<div class=\"elementor-widget-container\">\n\t\t\t\t\t\t\t\t\t<div class=\"elementor-button-wrapper\">\n\t\t\t\t\t<a class=\"elementor-button elementor-button-link elementor-size-sm\" href=\"https:\/\/academiaedelmann.com\/en\/contact\/\">\n\t\t\t\t\t\t<span class=\"elementor-button-content-wrapper\">\n\t\t\t\t\t\t\t\t\t<span class=\"elementor-button-text\">Contact<\/span>\n\t\t\t\t\t<\/span>\n\t\t\t\t\t<\/a>\n\t\t\t\t<\/div>\n\t\t\t\t\t\t\t\t<\/div>\n\t\t\t\t<\/div>\n\t\t\t\t\t<\/div>\n\t\t<\/div>\n\t\t\t\t\t<\/div>\n\t\t<\/section>\n\t\t\t\t\t<\/div>\n\t\t<\/div>\n\t\t\t\t\t<\/div>\n\t\t<\/section>\n\t\t\t\t<section class=\"elementor-section elementor-top-section elementor-element elementor-element-072c735 elementor-section-boxed elementor-section-height-default elementor-section-height-default\" data-id=\"072c735\" data-element_type=\"section\" data-e-type=\"section\">\n\t\t\t\t\t\t<div class=\"elementor-container elementor-column-gap-default\">\n\t\t\t\t\t<div class=\"elementor-column elementor-col-100 elementor-top-column elementor-element elementor-element-dd6698e\" data-id=\"dd6698e\" data-element_type=\"column\" data-e-type=\"column\">\n\t\t\t<div class=\"elementor-widget-wrap elementor-element-populated\">\n\t\t\t\t\t\t<div class=\"elementor-element elementor-element-28a1166 elementor-widget elementor-widget-image\" data-id=\"28a1166\" data-element_type=\"widget\" data-e-type=\"widget\" data-widget_type=\"image.default\">\n\t\t\t\t<div class=\"elementor-widget-container\">\n\t\t\t\t\t\t\t\t\t\t\t\t\t\t\t<img fetchpriority=\"high\" decoding=\"async\" width=\"1536\" height=\"1024\" src=\"https:\/\/academiaedelmann.com\/wp-content\/uploads\/2025\/11\/academia-idiomas-en-lapalma-7.jpg\" class=\"attachment-full size-full wp-image-7275\" alt=\"Academia de idiomas en La Palma: Alem\u00e1n, Espa\u00f1ol e Ingl\u00e9s\" srcset=\"https:\/\/academiaedelmann.com\/wp-content\/uploads\/2025\/11\/academia-idiomas-en-lapalma-7.jpg 1536w, https:\/\/academiaedelmann.com\/wp-content\/uploads\/2025\/11\/academia-idiomas-en-lapalma-7-300x200.jpg 300w, https:\/\/academiaedelmann.com\/wp-content\/uploads\/2025\/11\/academia-idiomas-en-lapalma-7-1024x683.jpg 1024w, https:\/\/academiaedelmann.com\/wp-content\/uploads\/2025\/11\/academia-idiomas-en-lapalma-7-768x512.jpg 768w, https:\/\/academiaedelmann.com\/wp-content\/uploads\/2025\/11\/academia-idiomas-en-lapalma-7-750x500.jpg 750w\" sizes=\"(max-width: 1536px) 100vw, 1536px\" \/>\t\t\t\t\t\t\t\t\t\t\t\t\t\t\t<\/div>\n\t\t\t\t<\/div>\n\t\t\t\t\t<\/div>\n\t\t<\/div>\n\t\t\t\t\t<\/div>\n\t\t<\/section>\n\t\t\t\t<\/div>\n\t\t","protected":false},"excerpt":{"rendered":"<p>English With a Cambridge C1 certification obtained at the age of 18, I offer English classes adapted to different ages and levels, so you can learn effectively and in a practical way. For children and teenagers, I provide school support and tutoring to help them improve academic performance and gain confidence in understanding and expressing <\/p>\n","protected":false},"author":1,"featured_media":0,"parent":7327,"menu_order":0,"comment_status":"closed","ping_status":"closed","template":"elementor_header_footer","meta":{"_acf_changed":false,"footnotes":""},"class_list":["post-7335","page","type-page","status-publish","hentry"],"acf":[],"_links":{"self":[{"href":"https:\/\/academiaedelmann.com\/en\/wp-json\/wp\/v2\/pages\/7335","targetHints":{"allow":["GET"]}}],"collection":[{"href":"https:\/\/academiaedelmann.com\/en\/wp-json\/wp\/v2\/pages"}],"about":[{"href":"https:\/\/academiaedelmann.com\/en\/wp-json\/wp\/v2\/types\/page"}],"author":[{"embeddable":true,"href":"https:\/\/academiaedelmann.com\/en\/wp-json\/wp\/v2\/users\/1"}],"replies":[{"embeddable":true,"href":"https:\/\/academiaedelmann.com\/en\/wp-json\/wp\/v2\/comments?post=7335"}],"version-history":[{"count":5,"href":"https:\/\/academiaedelmann.com\/en\/wp-json\/wp\/v2\/pages\/7335\/revisions"}],"predecessor-version":[{"id":7375,"href":"https:\/\/academiaedelmann.com\/en\/wp-json\/wp\/v2\/pages\/7335\/revisions\/7375"}],"up":[{"embeddable":true,"href":"https:\/\/academiaedelmann.com\/en\/wp-json\/wp\/v2\/pages\/7327"}],"wp:attachment":[{"href":"https:\/\/academiaedelmann.com\/en\/wp-json\/wp\/v2\/media?parent=7335"}],"curies":[{"name":"wp","href":"https:\/\/api.w.org\/{rel}","templated":true}]}}