{"id":7333,"date":"2025-10-27T15:59:52","date_gmt":"2025-10-27T14:59:52","guid":{"rendered":"https:\/\/academiaedelmann.com\/classes\/espanol\/"},"modified":"2025-12-09T12:04:23","modified_gmt":"2025-12-09T11:04:23","slug":"spanish","status":"publish","type":"page","link":"https:\/\/academiaedelmann.com\/en\/classes\/spanish\/","title":{"rendered":"Spanish"},"content":{"rendered":"\t\t<div data-elementor-type=\"wp-page\" data-elementor-id=\"7333\" class=\"elementor elementor-7333 elementor-6647\">\n\t\t\t\t\t\t<section class=\"elementor-section elementor-top-section elementor-element elementor-element-c92cb1d elementor-section-boxed elementor-section-height-default elementor-section-height-default\" data-id=\"c92cb1d\" data-element_type=\"section\" data-e-type=\"section\">\n\t\t\t\t\t\t<div class=\"elementor-container elementor-column-gap-default\">\n\t\t\t\t\t<div class=\"elementor-column elementor-col-100 elementor-top-column elementor-element elementor-element-7e54b69\" data-id=\"7e54b69\" data-element_type=\"column\" data-e-type=\"column\">\n\t\t\t<div class=\"elementor-widget-wrap elementor-element-populated\">\n\t\t\t\t\t\t<div class=\"elementor-element elementor-element-f727068 elementor-widget elementor-widget-text-editor\" data-id=\"f727068\" data-element_type=\"widget\" data-e-type=\"widget\" data-widget_type=\"text-editor.default\">\n\t\t\t\t<div class=\"elementor-widget-container\">\n\t\t\t\t\t\t\t\t\t<h1 class=\"wp-block-heading\"><strong>Spanish<\/strong><\/h1>\t\t\t\t\t\t\t\t<\/div>\n\t\t\t\t<\/div>\n\t\t\t\t\t<\/div>\n\t\t<\/div>\n\t\t\t\t\t<\/div>\n\t\t<\/section>\n\t\t\t\t<section class=\"elementor-section elementor-top-section elementor-element elementor-element-fc6ebfa elementor-section-boxed elementor-section-height-default elementor-section-height-default\" data-id=\"fc6ebfa\" data-element_type=\"section\" data-e-type=\"section\">\n\t\t\t\t\t\t<div class=\"elementor-container elementor-column-gap-default\">\n\t\t\t\t\t<div class=\"elementor-column elementor-col-100 elementor-top-column elementor-element elementor-element-2f437b2\" data-id=\"2f437b2\" data-element_type=\"column\" data-e-type=\"column\">\n\t\t\t<div class=\"elementor-widget-wrap elementor-element-populated\">\n\t\t\t\t\t\t<div class=\"elementor-element elementor-element-3079bb3 elementor-widget elementor-widget-text-editor\" data-id=\"3079bb3\" data-element_type=\"widget\" data-e-type=\"widget\" data-widget_type=\"text-editor.default\">\n\t\t\t\t<div class=\"elementor-widget-container\">\n\t\t\t\t\t\t\t\t\t<div class=\"wp-block-buttons\">\n<div class=\"wp-block-button\">\n<p><span style=\"font-weight: 400;\">I grew up and studied on La Palma and became deeply integrated into the island\u2019s life and culture. Therefore, I not only teach Spanish to foreigners but also offer an authentic and complete insight into the customs, traditions, and cultural particularities of La Palma and the Canary Islands. My local knowledge allows me to support you so you can not only communicate but truly feel integrated and comfortable in your environment.<\/span><\/p>\n<p><\/p>\n<\/div>\n<\/div>\n<h2><strong>Why speaking Spanish is important if you live on La Palma<\/strong><\/h2>\n<ul>\n<li style=\"font-weight: 400;\" aria-level=\"1\"><strong>Social and cultural integration:<\/strong> Spanish helps you connect with the local community, make friends, participate in events, and better understand the island\u2019s history and traditions.<\/li>\n<li style=\"font-weight: 400;\" aria-level=\"1\"><strong>Access to employment:<\/strong> Most jobs on La Palma require a good command of Spanish, especially in hospitality, administration, services, and commerce.<\/li>\n<li style=\"font-weight: 400;\" aria-level=\"1\"><strong>Administrative tasks:<\/strong> From doctor\u2019s appointments to official paperwork or dealing with public institutions\u2014Spanish is essential to handle daily procedures successfully.<\/li>\n<li style=\"font-weight: 400;\" aria-level=\"1\"><strong>Everyday life:<\/strong> Shopping, chatting with neighbours, enjoying social life\u2014Spanish is key to an enriching and independent daily experience.<\/li>\n<\/ul>\n<h3><strong>My proposal<\/strong><\/h3>\n<p>In addition to teaching all levels of Spanish, I offer personalized support with translations and bureaucratic matters, helping students overcome barriers and navigate life with confidence.<\/p>\n<p>As a bilingual German-Spanish speaker, I bring a unique perspective when teaching Spanish to German learners, explaining not only the language but also the expressions and cultural features of La Palma and the Canary Islands\u2014making learning more natural and contextualized.<\/p>\n<h3><strong>My local experience<\/strong><\/h3>\n<p>Having spent my entire childhood and youth here, I know La Palma very well.<\/p>\n<p>This allows me to:<\/p>\n<ul>\n<li>Guide you with real, firsthand knowledge of the island and its people.<\/li>\n<li>Adapt lessons so they connect with local culture.<\/li>\n<li>Offer practical advice and personal experiences that enrich the learning process.<\/li>\n<\/ul>\n<p>Speaking Spanish is the key to many opportunities on La Palma, and my goal is to help you master it with enthusiasm\u2014accompanying you every step of the way.<\/p>\t\t\t\t\t\t\t\t<\/div>\n\t\t\t\t<\/div>\n\t\t\t\t\t<\/div>\n\t\t<\/div>\n\t\t\t\t\t<\/div>\n\t\t<\/section>\n\t\t\t\t<section class=\"elementor-section elementor-top-section elementor-element elementor-element-a8c9fd9 elementor-section-boxed elementor-section-height-default elementor-section-height-default\" data-id=\"a8c9fd9\" data-element_type=\"section\" data-e-type=\"section\">\n\t\t\t\t\t\t<div class=\"elementor-container elementor-column-gap-default\">\n\t\t\t\t\t<div class=\"elementor-column elementor-col-100 elementor-top-column elementor-element elementor-element-150a87f\" data-id=\"150a87f\" data-element_type=\"column\" data-e-type=\"column\">\n\t\t\t<div class=\"elementor-widget-wrap elementor-element-populated\">\n\t\t\t\t\t\t<section class=\"elementor-section elementor-inner-section elementor-element elementor-element-3e30a30 elementor-section-boxed elementor-section-height-default elementor-section-height-default\" data-id=\"3e30a30\" data-element_type=\"section\" data-e-type=\"section\">\n\t\t\t\t\t\t<div class=\"elementor-container elementor-column-gap-default\">\n\t\t\t\t\t<div class=\"elementor-column elementor-col-50 elementor-inner-column elementor-element elementor-element-04156a5\" data-id=\"04156a5\" data-element_type=\"column\" data-e-type=\"column\">\n\t\t\t<div class=\"elementor-widget-wrap elementor-element-populated\">\n\t\t\t\t\t\t<div class=\"elementor-element elementor-element-aa20372 elementor-align-center elementor-widget elementor-widget-button\" data-id=\"aa20372\" data-element_type=\"widget\" data-e-type=\"widget\" data-widget_type=\"button.default\">\n\t\t\t\t<div class=\"elementor-widget-container\">\n\t\t\t\t\t\t\t\t\t<div class=\"elementor-button-wrapper\">\n\t\t\t\t\t<a class=\"elementor-button elementor-button-link elementor-size-sm\" href=\"https:\/\/academiaedelmann.com\/en\/methodology\/\">\n\t\t\t\t\t\t<span class=\"elementor-button-content-wrapper\">\n\t\t\t\t\t\t\t\t\t<span class=\"elementor-button-text\">Methodology<\/span>\n\t\t\t\t\t<\/span>\n\t\t\t\t\t<\/a>\n\t\t\t\t<\/div>\n\t\t\t\t\t\t\t\t<\/div>\n\t\t\t\t<\/div>\n\t\t\t\t\t<\/div>\n\t\t<\/div>\n\t\t\t\t<div class=\"elementor-column elementor-col-50 elementor-inner-column elementor-element elementor-element-104c5b3\" data-id=\"104c5b3\" data-element_type=\"column\" data-e-type=\"column\">\n\t\t\t<div class=\"elementor-widget-wrap elementor-element-populated\">\n\t\t\t\t\t\t<div class=\"elementor-element elementor-element-d7449aa elementor-align-center elementor-widget elementor-widget-button\" data-id=\"d7449aa\" data-element_type=\"widget\" data-e-type=\"widget\" data-widget_type=\"button.default\">\n\t\t\t\t<div class=\"elementor-widget-container\">\n\t\t\t\t\t\t\t\t\t<div class=\"elementor-button-wrapper\">\n\t\t\t\t\t<a class=\"elementor-button elementor-button-link elementor-size-sm\" href=\"https:\/\/academiaedelmann.com\/en\/contact\/\">\n\t\t\t\t\t\t<span class=\"elementor-button-content-wrapper\">\n\t\t\t\t\t\t\t\t\t<span class=\"elementor-button-text\">Contact<\/span>\n\t\t\t\t\t<\/span>\n\t\t\t\t\t<\/a>\n\t\t\t\t<\/div>\n\t\t\t\t\t\t\t\t<\/div>\n\t\t\t\t<\/div>\n\t\t\t\t\t<\/div>\n\t\t<\/div>\n\t\t\t\t\t<\/div>\n\t\t<\/section>\n\t\t\t\t\t<\/div>\n\t\t<\/div>\n\t\t\t\t\t<\/div>\n\t\t<\/section>\n\t\t\t\t<section class=\"elementor-section elementor-top-section elementor-element elementor-element-c7a1988 elementor-section-boxed elementor-section-height-default elementor-section-height-default\" data-id=\"c7a1988\" data-element_type=\"section\" data-e-type=\"section\">\n\t\t\t\t\t\t<div class=\"elementor-container elementor-column-gap-default\">\n\t\t\t\t\t<div class=\"elementor-column elementor-col-100 elementor-top-column elementor-element elementor-element-eab21dd\" data-id=\"eab21dd\" data-element_type=\"column\" data-e-type=\"column\">\n\t\t\t<div class=\"elementor-widget-wrap elementor-element-populated\">\n\t\t\t\t\t\t<div class=\"elementor-element elementor-element-f158dbf elementor-widget elementor-widget-image\" data-id=\"f158dbf\" data-element_type=\"widget\" data-e-type=\"widget\" data-widget_type=\"image.default\">\n\t\t\t\t<div class=\"elementor-widget-container\">\n\t\t\t\t\t\t\t\t\t\t\t\t\t\t\t<img decoding=\"async\" src=\"https:\/\/academiaedelmann.com\/wp-content\/uploads\/2025\/11\/academia-idiomas-en-lapalma-2.jpg\" title=\"\" alt=\"Academia de idiomas en La Palma: Alem\u00e1n, Espa\u00f1ol e Ingl\u00e9s\" loading=\"lazy\" \/>\t\t\t\t\t\t\t\t\t\t\t\t\t\t\t<\/div>\n\t\t\t\t<\/div>\n\t\t\t\t\t<\/div>\n\t\t<\/div>\n\t\t\t\t\t<\/div>\n\t\t<\/section>\n\t\t\t\t<\/div>\n\t\t","protected":false},"excerpt":{"rendered":"<p>Spanish I grew up and studied on La Palma and became deeply integrated into the island\u2019s life and culture. Therefore, I not only teach Spanish to foreigners but also offer an authentic and complete insight into the customs, traditions, and cultural particularities of La Palma and the Canary Islands. My local knowledge allows me to <\/p>\n","protected":false},"author":1,"featured_media":0,"parent":7327,"menu_order":0,"comment_status":"closed","ping_status":"closed","template":"elementor_header_footer","meta":{"_acf_changed":false,"footnotes":""},"class_list":["post-7333","page","type-page","status-publish","hentry"],"acf":[],"_links":{"self":[{"href":"https:\/\/academiaedelmann.com\/en\/wp-json\/wp\/v2\/pages\/7333","targetHints":{"allow":["GET"]}}],"collection":[{"href":"https:\/\/academiaedelmann.com\/en\/wp-json\/wp\/v2\/pages"}],"about":[{"href":"https:\/\/academiaedelmann.com\/en\/wp-json\/wp\/v2\/types\/page"}],"author":[{"embeddable":true,"href":"https:\/\/academiaedelmann.com\/en\/wp-json\/wp\/v2\/users\/1"}],"replies":[{"embeddable":true,"href":"https:\/\/academiaedelmann.com\/en\/wp-json\/wp\/v2\/comments?post=7333"}],"version-history":[{"count":4,"href":"https:\/\/academiaedelmann.com\/en\/wp-json\/wp\/v2\/pages\/7333\/revisions"}],"predecessor-version":[{"id":7372,"href":"https:\/\/academiaedelmann.com\/en\/wp-json\/wp\/v2\/pages\/7333\/revisions\/7372"}],"up":[{"embeddable":true,"href":"https:\/\/academiaedelmann.com\/en\/wp-json\/wp\/v2\/pages\/7327"}],"wp:attachment":[{"href":"https:\/\/academiaedelmann.com\/en\/wp-json\/wp\/v2\/media?parent=7333"}],"curies":[{"name":"wp","href":"https:\/\/api.w.org\/{rel}","templated":true}]}}