{"id":7331,"date":"2025-10-27T16:00:24","date_gmt":"2025-10-27T15:00:24","guid":{"rendered":"https:\/\/academiaedelmann.com\/classes\/aleman\/"},"modified":"2025-12-09T12:02:36","modified_gmt":"2025-12-09T11:02:36","slug":"german","status":"publish","type":"page","link":"https:\/\/academiaedelmann.com\/en\/classes\/german\/","title":{"rendered":"German"},"content":{"rendered":"\t\t<div data-elementor-type=\"wp-page\" data-elementor-id=\"7331\" class=\"elementor elementor-7331 elementor-6655\">\n\t\t\t\t\t\t<section class=\"elementor-section elementor-top-section elementor-element elementor-element-e56076b elementor-section-boxed elementor-section-height-default elementor-section-height-default\" data-id=\"e56076b\" data-element_type=\"section\" data-e-type=\"section\">\n\t\t\t\t\t\t<div class=\"elementor-container elementor-column-gap-default\">\n\t\t\t\t\t<div class=\"elementor-column elementor-col-100 elementor-top-column elementor-element elementor-element-c98c6c3\" data-id=\"c98c6c3\" data-element_type=\"column\" data-e-type=\"column\">\n\t\t\t<div class=\"elementor-widget-wrap elementor-element-populated\">\n\t\t\t\t\t\t<div class=\"elementor-element elementor-element-f3a6d3b elementor-widget elementor-widget-text-editor\" data-id=\"f3a6d3b\" data-element_type=\"widget\" data-e-type=\"widget\" data-widget_type=\"text-editor.default\">\n\t\t\t\t<div class=\"elementor-widget-container\">\n\t\t\t\t\t\t\t\t\t<h1 class=\"wp-block-heading\"><strong>German lessons in La Palma<\/strong><\/h1>\n<h2><\/h2>\t\t\t\t\t\t\t\t<\/div>\n\t\t\t\t<\/div>\n\t\t\t\t\t<\/div>\n\t\t<\/div>\n\t\t\t\t\t<\/div>\n\t\t<\/section>\n\t\t\t\t<section class=\"elementor-section elementor-top-section elementor-element elementor-element-177c692a elementor-section-boxed elementor-section-height-default elementor-section-height-default\" data-id=\"177c692a\" data-element_type=\"section\" data-e-type=\"section\">\n\t\t\t\t\t\t<div class=\"elementor-container elementor-column-gap-default\">\n\t\t\t\t\t<div class=\"elementor-column elementor-col-100 elementor-top-column elementor-element elementor-element-10efe903\" data-id=\"10efe903\" data-element_type=\"column\" data-e-type=\"column\">\n\t\t\t<div class=\"elementor-widget-wrap elementor-element-populated\">\n\t\t\t\t\t\t<div class=\"elementor-element elementor-element-cd4c224 elementor-widget elementor-widget-text-editor\" data-id=\"cd4c224\" data-element_type=\"widget\" data-e-type=\"widget\" data-widget_type=\"text-editor.default\">\n\t\t\t\t<div class=\"elementor-widget-container\">\n\t\t\t\t\t\t\t\t\t<p>As a native German speaker, I master Hochdeutsch\u2014the standard, normative German used in education, media, and most formal contexts in Germany, Austria, and Switzerland. Although many regional dialects exist, Hochdeutsch is the \u201cneutral\u201d German taught in schools and used for clear and professional communication across all German-speaking regions.<\/p>\n<p>I was born in W\u00fcrzburg, studied Business Administration at a German university, and worked there for several years. This allows me to offer authentic, practical teaching aligned with real academic and professional needs.<\/p>\n<p>If your goal is to study or work in Germany, I will help you reach your goals with confidence\u2014from basic to advanced levels. I also help those seeking job opportunities in Spain, especially in tourism, where German is highly valued.<\/p>\n<h2><b>The importance of German on La Palma<\/b><\/h2>\n<ul class=\"wp-block-list\">\n<li><b>German residents:<\/b><span style=\"font-weight: 400;\"> The island has a significant community of German residents who contribute actively to local life.<\/span><span style=\"font-weight: 400;\"><br \/><\/span><b><\/b><\/li>\n<li><b>German tourism:<\/b><span style=\"font-weight: 400;\"> In 2024, the Canary Islands received 11.9 million German tourists\u2014an increase of 8.6% compared to the previous year.<\/span><span style=\"font-weight: 400;\"><br \/><\/span><b><\/b><\/li>\n<li><b>Job opportunities:<\/b><span style=\"font-weight: 400;\"> Many jobs on La Palma, especially in tourism, require a good level of German to interact with visitors and provide quality service.<\/span><\/li>\n<\/ul>\n<p>That\u2019s why <strong>I offer classes for all levels<\/strong>, with an approach adapted to your goals and the local context\u2014so you can make the most of your opportunities on the island and beyond.<\/p>\n<p><\/p>\t\t\t\t\t\t\t\t<\/div>\n\t\t\t\t<\/div>\n\t\t\t\t\t<\/div>\n\t\t<\/div>\n\t\t\t\t\t<\/div>\n\t\t<\/section>\n\t\t\t\t<section class=\"elementor-section elementor-top-section elementor-element elementor-element-e5a8574 elementor-section-boxed elementor-section-height-default elementor-section-height-default\" data-id=\"e5a8574\" data-element_type=\"section\" data-e-type=\"section\">\n\t\t\t\t\t\t<div class=\"elementor-container elementor-column-gap-default\">\n\t\t\t\t\t<div class=\"elementor-column elementor-col-100 elementor-top-column elementor-element elementor-element-22cdc58\" data-id=\"22cdc58\" data-element_type=\"column\" data-e-type=\"column\">\n\t\t\t<div class=\"elementor-widget-wrap elementor-element-populated\">\n\t\t\t\t\t\t<section class=\"elementor-section elementor-inner-section elementor-element elementor-element-6100ad4 elementor-section-boxed elementor-section-height-default elementor-section-height-default\" data-id=\"6100ad4\" data-element_type=\"section\" data-e-type=\"section\">\n\t\t\t\t\t\t<div class=\"elementor-container elementor-column-gap-default\">\n\t\t\t\t\t<div class=\"elementor-column elementor-col-33 elementor-inner-column elementor-element elementor-element-f7a4bb6\" data-id=\"f7a4bb6\" data-element_type=\"column\" data-e-type=\"column\">\n\t\t\t<div class=\"elementor-widget-wrap elementor-element-populated\">\n\t\t\t\t\t\t<div class=\"elementor-element elementor-element-c92236b elementor-align-center elementor-widget elementor-widget-button\" data-id=\"c92236b\" data-element_type=\"widget\" data-e-type=\"widget\" data-widget_type=\"button.default\">\n\t\t\t\t<div class=\"elementor-widget-container\">\n\t\t\t\t\t\t\t\t\t<div class=\"elementor-button-wrapper\">\n\t\t\t\t\t<a class=\"elementor-button elementor-button-link elementor-size-sm\" href=\"https:\/\/academiaedelmann.com\/en\/methodology\/\">\n\t\t\t\t\t\t<span class=\"elementor-button-content-wrapper\">\n\t\t\t\t\t\t\t\t\t<span class=\"elementor-button-text\">Methodology<\/span>\n\t\t\t\t\t<\/span>\n\t\t\t\t\t<\/a>\n\t\t\t\t<\/div>\n\t\t\t\t\t\t\t\t<\/div>\n\t\t\t\t<\/div>\n\t\t\t\t\t<\/div>\n\t\t<\/div>\n\t\t\t\t<div class=\"elementor-column elementor-col-33 elementor-inner-column elementor-element elementor-element-0f1d646\" data-id=\"0f1d646\" data-element_type=\"column\" data-e-type=\"column\">\n\t\t\t<div class=\"elementor-widget-wrap elementor-element-populated\">\n\t\t\t\t\t\t<div class=\"elementor-element elementor-element-f433f06 elementor-align-center elementor-widget elementor-widget-button\" data-id=\"f433f06\" data-element_type=\"widget\" data-e-type=\"widget\" data-widget_type=\"button.default\">\n\t\t\t\t<div class=\"elementor-widget-container\">\n\t\t\t\t\t\t\t\t\t<div class=\"elementor-button-wrapper\">\n\t\t\t\t\t<a class=\"elementor-button elementor-button-link elementor-size-sm\" href=\"https:\/\/academiaedelmann.com\/en\/classes\/official-examinations\/\">\n\t\t\t\t\t\t<span class=\"elementor-button-content-wrapper\">\n\t\t\t\t\t\t\t\t\t<span class=\"elementor-button-text\">Official examinations<\/span>\n\t\t\t\t\t<\/span>\n\t\t\t\t\t<\/a>\n\t\t\t\t<\/div>\n\t\t\t\t\t\t\t\t<\/div>\n\t\t\t\t<\/div>\n\t\t\t\t\t<\/div>\n\t\t<\/div>\n\t\t\t\t<div class=\"elementor-column elementor-col-33 elementor-inner-column elementor-element elementor-element-31c6cb9\" data-id=\"31c6cb9\" data-element_type=\"column\" data-e-type=\"column\">\n\t\t\t<div class=\"elementor-widget-wrap elementor-element-populated\">\n\t\t\t\t\t\t<div class=\"elementor-element elementor-element-d3c1622 elementor-align-center elementor-widget elementor-widget-button\" data-id=\"d3c1622\" data-element_type=\"widget\" data-e-type=\"widget\" data-widget_type=\"button.default\">\n\t\t\t\t<div class=\"elementor-widget-container\">\n\t\t\t\t\t\t\t\t\t<div class=\"elementor-button-wrapper\">\n\t\t\t\t\t<a class=\"elementor-button elementor-button-link elementor-size-sm\" href=\"https:\/\/academiaedelmann.com\/en\/contact\/\">\n\t\t\t\t\t\t<span class=\"elementor-button-content-wrapper\">\n\t\t\t\t\t\t\t\t\t<span class=\"elementor-button-text\">Contact<\/span>\n\t\t\t\t\t<\/span>\n\t\t\t\t\t<\/a>\n\t\t\t\t<\/div>\n\t\t\t\t\t\t\t\t<\/div>\n\t\t\t\t<\/div>\n\t\t\t\t\t<\/div>\n\t\t<\/div>\n\t\t\t\t\t<\/div>\n\t\t<\/section>\n\t\t\t\t\t<\/div>\n\t\t<\/div>\n\t\t\t\t\t<\/div>\n\t\t<\/section>\n\t\t\t\t<section class=\"elementor-section elementor-top-section elementor-element elementor-element-1726b5d elementor-section-boxed elementor-section-height-default elementor-section-height-default\" data-id=\"1726b5d\" data-element_type=\"section\" data-e-type=\"section\">\n\t\t\t\t\t\t<div class=\"elementor-container elementor-column-gap-default\">\n\t\t\t\t\t<div class=\"elementor-column elementor-col-100 elementor-top-column elementor-element elementor-element-1b3973b\" data-id=\"1b3973b\" data-element_type=\"column\" data-e-type=\"column\">\n\t\t\t<div class=\"elementor-widget-wrap elementor-element-populated\">\n\t\t\t\t\t\t<div class=\"elementor-element elementor-element-082d8e6 elementor-widget elementor-widget-image\" data-id=\"082d8e6\" data-element_type=\"widget\" data-e-type=\"widget\" data-widget_type=\"image.default\">\n\t\t\t\t<div class=\"elementor-widget-container\">\n\t\t\t\t\t\t\t\t\t\t\t\t\t\t\t<img fetchpriority=\"high\" decoding=\"async\" width=\"1536\" height=\"1024\" src=\"https:\/\/academiaedelmann.com\/wp-content\/uploads\/2025\/11\/academia-idiomas-en-lapalma-8.jpg\" class=\"attachment-full size-full wp-image-7283\" alt=\"Academia de idiomas en La Palma: Alem\u00e1n, Espa\u00f1ol e Ingl\u00e9s\" srcset=\"https:\/\/academiaedelmann.com\/wp-content\/uploads\/2025\/11\/academia-idiomas-en-lapalma-8.jpg 1536w, https:\/\/academiaedelmann.com\/wp-content\/uploads\/2025\/11\/academia-idiomas-en-lapalma-8-300x200.jpg 300w, https:\/\/academiaedelmann.com\/wp-content\/uploads\/2025\/11\/academia-idiomas-en-lapalma-8-1024x683.jpg 1024w, https:\/\/academiaedelmann.com\/wp-content\/uploads\/2025\/11\/academia-idiomas-en-lapalma-8-768x512.jpg 768w, https:\/\/academiaedelmann.com\/wp-content\/uploads\/2025\/11\/academia-idiomas-en-lapalma-8-750x500.jpg 750w\" sizes=\"(max-width: 1536px) 100vw, 1536px\" \/>\t\t\t\t\t\t\t\t\t\t\t\t\t\t\t<\/div>\n\t\t\t\t<\/div>\n\t\t\t\t\t<\/div>\n\t\t<\/div>\n\t\t\t\t\t<\/div>\n\t\t<\/section>\n\t\t\t\t<\/div>\n\t\t","protected":false},"excerpt":{"rendered":"<p>German lessons in La Palma As a native German speaker, I master Hochdeutsch\u2014the standard, normative German used in education, media, and most formal contexts in Germany, Austria, and Switzerland. Although many regional dialects exist, Hochdeutsch is the \u201cneutral\u201d German taught in schools and used for clear and professional communication across all German-speaking regions. I was <\/p>\n","protected":false},"author":1,"featured_media":0,"parent":7327,"menu_order":0,"comment_status":"closed","ping_status":"closed","template":"elementor_header_footer","meta":{"_acf_changed":false,"footnotes":""},"class_list":["post-7331","page","type-page","status-publish","hentry"],"acf":[],"_links":{"self":[{"href":"https:\/\/academiaedelmann.com\/en\/wp-json\/wp\/v2\/pages\/7331","targetHints":{"allow":["GET"]}}],"collection":[{"href":"https:\/\/academiaedelmann.com\/en\/wp-json\/wp\/v2\/pages"}],"about":[{"href":"https:\/\/academiaedelmann.com\/en\/wp-json\/wp\/v2\/types\/page"}],"author":[{"embeddable":true,"href":"https:\/\/academiaedelmann.com\/en\/wp-json\/wp\/v2\/users\/1"}],"replies":[{"embeddable":true,"href":"https:\/\/academiaedelmann.com\/en\/wp-json\/wp\/v2\/comments?post=7331"}],"version-history":[{"count":5,"href":"https:\/\/academiaedelmann.com\/en\/wp-json\/wp\/v2\/pages\/7331\/revisions"}],"predecessor-version":[{"id":7363,"href":"https:\/\/academiaedelmann.com\/en\/wp-json\/wp\/v2\/pages\/7331\/revisions\/7363"}],"up":[{"embeddable":true,"href":"https:\/\/academiaedelmann.com\/en\/wp-json\/wp\/v2\/pages\/7327"}],"wp:attachment":[{"href":"https:\/\/academiaedelmann.com\/en\/wp-json\/wp\/v2\/media?parent=7331"}],"curies":[{"name":"wp","href":"https:\/\/api.w.org\/{rel}","templated":true}]}}