{"id":7314,"date":"2025-10-30T08:46:54","date_gmt":"2025-10-30T07:46:54","guid":{"rendered":"https:\/\/academiaedelmann.com\/modalidades\/"},"modified":"2025-12-09T11:59:42","modified_gmt":"2025-12-09T10:59:42","slug":"modalities","status":"publish","type":"page","link":"https:\/\/academiaedelmann.com\/en\/modalities\/","title":{"rendered":"Modalities"},"content":{"rendered":"\t\t<div data-elementor-type=\"wp-page\" data-elementor-id=\"7314\" class=\"elementor elementor-7314 elementor-6772\">\n\t\t\t\t\t\t<section class=\"elementor-section elementor-top-section elementor-element elementor-element-33ff2bff elementor-section-boxed elementor-section-height-default elementor-section-height-default\" data-id=\"33ff2bff\" data-element_type=\"section\" data-e-type=\"section\">\n\t\t\t\t\t\t<div class=\"elementor-container elementor-column-gap-default\">\n\t\t\t\t\t<div class=\"elementor-column elementor-col-100 elementor-top-column elementor-element elementor-element-33fbb9c\" data-id=\"33fbb9c\" data-element_type=\"column\" data-e-type=\"column\">\n\t\t\t<div class=\"elementor-widget-wrap elementor-element-populated\">\n\t\t\t\t\t\t<div class=\"elementor-element elementor-element-594e72c0 elementor-widget elementor-widget-text-editor\" data-id=\"594e72c0\" data-element_type=\"widget\" data-e-type=\"widget\" data-widget_type=\"text-editor.default\">\n\t\t\t\t<div class=\"elementor-widget-container\">\n\t\t\t\t\t\t\t\t\t<h1><strong>Modalities<\/strong><\/h1>\n<h2>Individual and group classes | In person or online<\/h2>\n<p><span style=\"font-weight: 400;\">At the Edelmann Language Academy, I offer different types of lessons so you can choose what best suits your needs, learning style, and availability.<\/span><\/p>\n<p><\/p>\n<h3>Individual lessons<\/h3>\n<p><\/p>\n<ul class=\"wp-block-list\">\n<li>100% personalized attention, adapted to your goals, pace, and learning style.<\/li>\n<li>Flexible schedules and content.<\/li>\n<li>Ideal for fast progress, exam preparation, or specific support.<\/li>\n<li>Available both in person and online (via video call on Teams).<\/li>\n<\/ul>\n<p><\/p>\n<p><\/p>\n<p><\/p>\t\t\t\t\t\t\t\t<\/div>\n\t\t\t\t<\/div>\n\t\t\t\t\t<\/div>\n\t\t<\/div>\n\t\t\t\t\t<\/div>\n\t\t<\/section>\n\t\t\t\t<section class=\"elementor-section elementor-top-section elementor-element elementor-element-6043981 elementor-section-boxed elementor-section-height-default elementor-section-height-default\" data-id=\"6043981\" data-element_type=\"section\" data-e-type=\"section\">\n\t\t\t\t\t\t<div class=\"elementor-container elementor-column-gap-default\">\n\t\t\t\t\t<div class=\"elementor-column elementor-col-100 elementor-top-column elementor-element elementor-element-d2cd1ee\" data-id=\"d2cd1ee\" data-element_type=\"column\" data-e-type=\"column\">\n\t\t\t<div class=\"elementor-widget-wrap elementor-element-populated\">\n\t\t\t\t\t\t<div class=\"elementor-element elementor-element-abb35ee elementor-widget elementor-widget-text-editor\" data-id=\"abb35ee\" data-element_type=\"widget\" data-e-type=\"widget\" data-widget_type=\"text-editor.default\">\n\t\t\t\t<div class=\"elementor-widget-container\">\n\t\t\t\t\t\t\t\t\t<h3>Group lessons<\/h3>\n<ul class=\"wp-block-list\">\n<li>\u00a0Small groups formed according to level and shared goals, encouraging collaborative learning.<\/li>\n<li>Learn by interacting with others, practising the language in real-life situations, and sharing experiences.<\/li>\n<li>Increased motivation and dynamism through social interaction and group challenges.<\/li>\n<li>Perfect for those who enjoy learning in a community and want to improve communication skills in an active environment.<\/li>\n<\/ul>\n<h3>In-person lessons<\/h3>\n<ul class=\"wp-block-list\">\n<li>The best option for full immersion in the language, with direct and spontaneous interaction.<\/li>\n<li>Allows for group dynamics, games, practical activities, and natural communication.<\/li>\n<li>Helps create personal connections and a more engaging and motivating learning environment.<\/li>\n<li>Held in El Llanito, Bre\u00f1a Alta (La Palma), in a comfortable and quiet space.<\/li>\n<\/ul>\n<h3>Online lessons (individual only)<\/h3>\n<ul class=\"wp-block-list\">\n<li>\u00a0Perfect for students with very limited schedules or who cannot travel.<\/li>\n<li>Geographic flexibility: study from home or anywhere with internet access.<\/li>\n<li>Despite the distance, I maintain the same level of attention and adaptability as in in-person lessons.<\/li>\n<\/ul>\n<p><\/p>\n<p><\/p>\t\t\t\t\t\t\t\t<\/div>\n\t\t\t\t<\/div>\n\t\t\t\t\t<\/div>\n\t\t<\/div>\n\t\t\t\t\t<\/div>\n\t\t<\/section>\n\t\t\t\t<section class=\"elementor-section elementor-top-section elementor-element elementor-element-d2020cf elementor-section-boxed elementor-section-height-default elementor-section-height-default\" data-id=\"d2020cf\" data-element_type=\"section\" data-e-type=\"section\">\n\t\t\t\t\t\t<div class=\"elementor-container elementor-column-gap-default\">\n\t\t\t\t\t<div class=\"elementor-column elementor-col-100 elementor-top-column elementor-element elementor-element-0bdd5d1\" data-id=\"0bdd5d1\" data-element_type=\"column\" data-e-type=\"column\">\n\t\t\t<div class=\"elementor-widget-wrap\">\n\t\t\t\t\t\t\t<\/div>\n\t\t<\/div>\n\t\t\t\t\t<\/div>\n\t\t<\/section>\n\t\t\t\t<section class=\"elementor-section elementor-top-section elementor-element elementor-element-951722a elementor-section-boxed elementor-section-height-default elementor-section-height-default\" data-id=\"951722a\" data-element_type=\"section\" data-e-type=\"section\">\n\t\t\t\t\t\t<div class=\"elementor-container elementor-column-gap-default\">\n\t\t\t\t\t<div class=\"elementor-column elementor-col-50 elementor-top-column elementor-element elementor-element-ff61310\" data-id=\"ff61310\" data-element_type=\"column\" data-e-type=\"column\">\n\t\t\t<div class=\"elementor-widget-wrap elementor-element-populated\">\n\t\t\t\t\t\t<div class=\"elementor-element elementor-element-24c9609 elementor-widget elementor-widget-image\" data-id=\"24c9609\" data-element_type=\"widget\" data-e-type=\"widget\" data-widget_type=\"image.default\">\n\t\t\t\t<div class=\"elementor-widget-container\">\n\t\t\t\t\t\t\t\t\t\t\t\t\t\t\t<img fetchpriority=\"high\" decoding=\"async\" width=\"590\" height=\"570\" src=\"https:\/\/academiaedelmann.com\/wp-content\/uploads\/2025\/11\/academia-idiomas-en-lapalma-9-590x570.jpg\" class=\"attachment-ecademy_advisor_thumb_two size-ecademy_advisor_thumb_two wp-image-7284\" alt=\"Academia de idiomas en La Palma: Alem\u00e1n, Espa\u00f1ol e Ingl\u00e9s\" \/>\t\t\t\t\t\t\t\t\t\t\t\t\t\t\t<\/div>\n\t\t\t\t<\/div>\n\t\t\t\t\t<\/div>\n\t\t<\/div>\n\t\t\t\t<div class=\"elementor-column elementor-col-50 elementor-top-column elementor-element elementor-element-c557059\" data-id=\"c557059\" data-element_type=\"column\" data-e-type=\"column\">\n\t\t\t<div class=\"elementor-widget-wrap elementor-element-populated\">\n\t\t\t\t\t\t<div class=\"elementor-element elementor-element-8d582d1 elementor-widget__width-initial elementor-widget elementor-widget-text-editor\" data-id=\"8d582d1\" data-element_type=\"widget\" data-e-type=\"widget\" data-widget_type=\"text-editor.default\">\n\t\t\t\t<div class=\"elementor-widget-container\">\n\t\t\t\t\t\t\t\t\t<h2>Want to get started?<\/h2>\n<p><\/p>\n<p>Contact me for guidance and to help you choose the best option for you.<br \/>I look forward to welcoming you at the Edelmann Language Academy, so you can enjoy learning languages at your pace and with the best methodology!<\/p>\t\t\t\t\t\t\t\t<\/div>\n\t\t\t\t<\/div>\n\t\t\t\t<div class=\"elementor-element elementor-element-9aeb65a elementor-widget elementor-widget-spacer\" data-id=\"9aeb65a\" data-element_type=\"widget\" data-e-type=\"widget\" data-widget_type=\"spacer.default\">\n\t\t\t\t<div class=\"elementor-widget-container\">\n\t\t\t\t\t\t\t<div class=\"elementor-spacer\">\n\t\t\t<div class=\"elementor-spacer-inner\"><\/div>\n\t\t<\/div>\n\t\t\t\t\t\t<\/div>\n\t\t\t\t<\/div>\n\t\t\t\t<div class=\"elementor-element elementor-element-58228ae elementor-button-danger elementor-align-left elementor-widget elementor-widget-button\" data-id=\"58228ae\" data-element_type=\"widget\" data-e-type=\"widget\" data-widget_type=\"button.default\">\n\t\t\t\t<div class=\"elementor-widget-container\">\n\t\t\t\t\t\t\t\t\t<div class=\"elementor-button-wrapper\">\n\t\t\t\t\t<a class=\"elementor-button elementor-button-link elementor-size-sm\" href=\"https:\/\/academiaedelmann.com\/en\/contact\">\n\t\t\t\t\t\t<span class=\"elementor-button-content-wrapper\">\n\t\t\t\t\t\t\t\t\t<span class=\"elementor-button-text\">Apply for your place<\/span>\n\t\t\t\t\t<\/span>\n\t\t\t\t\t<\/a>\n\t\t\t\t<\/div>\n\t\t\t\t\t\t\t\t<\/div>\n\t\t\t\t<\/div>\n\t\t\t\t<div class=\"elementor-element elementor-element-8368fff elementor-button-danger elementor-align-left elementor-widget elementor-widget-button\" data-id=\"8368fff\" data-element_type=\"widget\" data-e-type=\"widget\" data-widget_type=\"button.default\">\n\t\t\t\t<div class=\"elementor-widget-container\">\n\t\t\t\t\t\t\t\t\t<div class=\"elementor-button-wrapper\">\n\t\t\t\t\t<a class=\"elementor-button elementor-button-link elementor-size-sm\" href=\"https:\/\/academiaedelmann.com\/en\/classes\/\">\n\t\t\t\t\t\t<span class=\"elementor-button-content-wrapper\">\n\t\t\t\t\t\t\t\t\t<span class=\"elementor-button-text\">Language Classes<\/span>\n\t\t\t\t\t<\/span>\n\t\t\t\t\t<\/a>\n\t\t\t\t<\/div>\n\t\t\t\t\t\t\t\t<\/div>\n\t\t\t\t<\/div>\n\t\t\t\t\t<\/div>\n\t\t<\/div>\n\t\t\t\t\t<\/div>\n\t\t<\/section>\n\t\t\t\t<section class=\"elementor-section elementor-top-section elementor-element elementor-element-ce24631 elementor-section-boxed elementor-section-height-default elementor-section-height-default\" data-id=\"ce24631\" data-element_type=\"section\" data-e-type=\"section\">\n\t\t\t\t\t\t<div class=\"elementor-container elementor-column-gap-default\">\n\t\t\t\t\t<div class=\"elementor-column elementor-col-100 elementor-top-column elementor-element elementor-element-90c8318\" data-id=\"90c8318\" data-element_type=\"column\" data-e-type=\"column\">\n\t\t\t<div class=\"elementor-widget-wrap elementor-element-populated\">\n\t\t\t\t\t\t<div class=\"elementor-element elementor-element-6b2f29c elementor-widget elementor-widget-image\" data-id=\"6b2f29c\" data-element_type=\"widget\" data-e-type=\"widget\" data-widget_type=\"image.default\">\n\t\t\t\t<div class=\"elementor-widget-container\">\n\t\t\t\t\t\t\t\t\t\t\t\t\t\t\t<img decoding=\"async\" src=\"https:\/\/academiaedelmann.com\/wp-content\/uploads\/2025\/11\/academia-idiomas-en-lapalma.jpg\" title=\"\" alt=\"\" loading=\"lazy\" \/>\t\t\t\t\t\t\t\t\t\t\t\t\t\t\t<\/div>\n\t\t\t\t<\/div>\n\t\t\t\t\t<\/div>\n\t\t<\/div>\n\t\t\t\t\t<\/div>\n\t\t<\/section>\n\t\t\t\t<\/div>\n\t\t","protected":false},"excerpt":{"rendered":"<p>Modalities Individual and group classes | In person or online At the Edelmann Language Academy, I offer different types of lessons so you can choose what best suits your needs, learning style, and availability. Individual lessons 100% personalized attention, adapted to your goals, pace, and learning style. Flexible schedules and content. Ideal for fast progress, <\/p>\n","protected":false},"author":1,"featured_media":0,"parent":0,"menu_order":0,"comment_status":"closed","ping_status":"closed","template":"elementor_header_footer","meta":{"_acf_changed":false,"footnotes":""},"class_list":["post-7314","page","type-page","status-publish","hentry"],"acf":[],"_links":{"self":[{"href":"https:\/\/academiaedelmann.com\/en\/wp-json\/wp\/v2\/pages\/7314","targetHints":{"allow":["GET"]}}],"collection":[{"href":"https:\/\/academiaedelmann.com\/en\/wp-json\/wp\/v2\/pages"}],"about":[{"href":"https:\/\/academiaedelmann.com\/en\/wp-json\/wp\/v2\/types\/page"}],"author":[{"embeddable":true,"href":"https:\/\/academiaedelmann.com\/en\/wp-json\/wp\/v2\/users\/1"}],"replies":[{"embeddable":true,"href":"https:\/\/academiaedelmann.com\/en\/wp-json\/wp\/v2\/comments?post=7314"}],"version-history":[{"count":9,"href":"https:\/\/academiaedelmann.com\/en\/wp-json\/wp\/v2\/pages\/7314\/revisions"}],"predecessor-version":[{"id":7540,"href":"https:\/\/academiaedelmann.com\/en\/wp-json\/wp\/v2\/pages\/7314\/revisions\/7540"}],"wp:attachment":[{"href":"https:\/\/academiaedelmann.com\/en\/wp-json\/wp\/v2\/media?parent=7314"}],"curies":[{"name":"wp","href":"https:\/\/api.w.org\/{rel}","templated":true}]}}