{"id":7306,"date":"2025-10-27T15:57:57","date_gmt":"2025-10-27T14:57:57","guid":{"rendered":"https:\/\/academiaedelmann.com\/nuestra-aula\/"},"modified":"2025-12-09T12:06:10","modified_gmt":"2025-12-09T11:06:10","slug":"the-classroom","status":"publish","type":"page","link":"https:\/\/academiaedelmann.com\/en\/the-classroom\/","title":{"rendered":"The Classroom"},"content":{"rendered":"\t\t<div data-elementor-type=\"wp-page\" data-elementor-id=\"7306\" class=\"elementor elementor-7306 elementor-6645\">\n\t\t\t\t\t\t<section class=\"elementor-section elementor-top-section elementor-element elementor-element-aede4a1 elementor-section-boxed elementor-section-height-default elementor-section-height-default\" data-id=\"aede4a1\" data-element_type=\"section\" data-e-type=\"section\">\n\t\t\t\t\t\t<div class=\"elementor-container elementor-column-gap-default\">\n\t\t\t\t\t<div class=\"elementor-column elementor-col-100 elementor-top-column elementor-element elementor-element-6ce7f624\" data-id=\"6ce7f624\" data-element_type=\"column\" data-e-type=\"column\">\n\t\t\t<div class=\"elementor-widget-wrap elementor-element-populated\">\n\t\t\t\t\t\t<div class=\"elementor-element elementor-element-3954580b elementor-widget elementor-widget-text-editor\" data-id=\"3954580b\" data-element_type=\"widget\" data-e-type=\"widget\" data-widget_type=\"text-editor.default\">\n\t\t\t\t<div class=\"elementor-widget-container\">\n\t\t\t\t\t\t\t\t\t<h1 class=\"wp-block-heading\"><strong>The Classroom<\/strong><\/h1>\t\t\t\t\t\t\t\t<\/div>\n\t\t\t\t<\/div>\n\t\t\t\t\t<\/div>\n\t\t<\/div>\n\t\t\t\t\t<\/div>\n\t\t<\/section>\n\t\t\t\t<section class=\"elementor-section elementor-top-section elementor-element elementor-element-6e8de75 elementor-section-boxed elementor-section-height-default elementor-section-height-default\" data-id=\"6e8de75\" data-element_type=\"section\" data-e-type=\"section\">\n\t\t\t\t\t\t<div class=\"elementor-container elementor-column-gap-default\">\n\t\t\t\t\t<div class=\"elementor-column elementor-col-100 elementor-top-column elementor-element elementor-element-ef60079\" data-id=\"ef60079\" data-element_type=\"column\" data-e-type=\"column\">\n\t\t\t<div class=\"elementor-widget-wrap elementor-element-populated\">\n\t\t\t\t\t\t<div class=\"elementor-element elementor-element-f10fe0e elementor-widget elementor-widget-image\" data-id=\"f10fe0e\" data-element_type=\"widget\" data-e-type=\"widget\" data-widget_type=\"image.default\">\n\t\t\t\t<div class=\"elementor-widget-container\">\n\t\t\t\t\t\t\t\t\t\t\t\t\t\t\t<img fetchpriority=\"high\" decoding=\"async\" width=\"1600\" height=\"900\" src=\"https:\/\/academiaedelmann.com\/wp-content\/uploads\/2025\/11\/academiadeidiomas-edelmann-1.jpeg\" class=\"attachment-full size-full wp-image-7309\" alt=\"Academia de idiomas en La Palma: Alem\u00e1n, Espa\u00f1ol e Ingl\u00e9s\" srcset=\"https:\/\/academiaedelmann.com\/wp-content\/uploads\/2025\/11\/academiadeidiomas-edelmann-1.jpeg 1600w, https:\/\/academiaedelmann.com\/wp-content\/uploads\/2025\/11\/academiadeidiomas-edelmann-1-300x169.jpeg 300w, https:\/\/academiaedelmann.com\/wp-content\/uploads\/2025\/11\/academiadeidiomas-edelmann-1-1024x576.jpeg 1024w, https:\/\/academiaedelmann.com\/wp-content\/uploads\/2025\/11\/academiadeidiomas-edelmann-1-768x432.jpeg 768w, https:\/\/academiaedelmann.com\/wp-content\/uploads\/2025\/11\/academiadeidiomas-edelmann-1-1536x864.jpeg 1536w\" sizes=\"(max-width: 1600px) 100vw, 1600px\" \/>\t\t\t\t\t\t\t\t\t\t\t\t\t\t\t<\/div>\n\t\t\t\t<\/div>\n\t\t\t\t\t<\/div>\n\t\t<\/div>\n\t\t\t\t\t<\/div>\n\t\t<\/section>\n\t\t\t\t<section class=\"elementor-section elementor-top-section elementor-element elementor-element-2824321 elementor-section-boxed elementor-section-height-default elementor-section-height-default\" data-id=\"2824321\" data-element_type=\"section\" data-e-type=\"section\">\n\t\t\t\t\t\t<div class=\"elementor-container elementor-column-gap-default\">\n\t\t\t\t\t<div class=\"elementor-column elementor-col-100 elementor-top-column elementor-element elementor-element-2d5131a\" data-id=\"2d5131a\" data-element_type=\"column\" data-e-type=\"column\">\n\t\t\t<div class=\"elementor-widget-wrap elementor-element-populated\">\n\t\t\t\t\t\t<div class=\"elementor-element elementor-element-41aa588 elementor-widget elementor-widget-text-editor\" data-id=\"41aa588\" data-element_type=\"widget\" data-e-type=\"widget\" data-widget_type=\"text-editor.default\">\n\t\t\t\t<div class=\"elementor-widget-container\">\n\t\t\t\t\t\t\t\t\t<p>In our classroom, learning a language is much more than studying words: it\u2019s a calm, natural, and enjoyable experience.<\/p>\n<p>Located in a rural area in El Llanito, I offer an ideal environment for learning, away from noise and rush.<\/p>\n<p>The classroom has plenty of natural light and a cosy atmosphere that invites concentration and enjoyment of the learning process.<\/p>\n<p>There is enough space for dynamic activities and games designed to promote active and enjoyable learning.<\/p>\n<p>In addition, part of our lessons\u2014especially with young learners\u2014takes place outdoors, making use of the terrace, the garden, the vegetable patch, and the natural surroundings to learn in an active, fun, and immersive way.<\/p>\n<p>Comfort is part of the experience too: there is parking available right in front of the entrance. No need to look for a parking spot or walk far\u2014just get out of the car and step directly into the classroom.<\/p>\n<p>Here, learning a language becomes a pleasant, comfortable, and natural experience.<\/p>\t\t\t\t\t\t\t\t<\/div>\n\t\t\t\t<\/div>\n\t\t\t\t<div class=\"elementor-element elementor-element-4f4aa64 elementor-button-danger elementor-widget elementor-widget-button\" data-id=\"4f4aa64\" data-element_type=\"widget\" data-e-type=\"widget\" data-widget_type=\"button.default\">\n\t\t\t\t<div class=\"elementor-widget-container\">\n\t\t\t\t\t\t\t\t\t<div class=\"elementor-button-wrapper\">\n\t\t\t\t\t<a class=\"elementor-button elementor-button-link elementor-size-sm\" href=\"https:\/\/academiaedelmann.com\/contacto\/\">\n\t\t\t\t\t\t<span class=\"elementor-button-content-wrapper\">\n\t\t\t\t\t\t\t\t\t<span class=\"elementor-button-text\">Contact<\/span>\n\t\t\t\t\t<\/span>\n\t\t\t\t\t<\/a>\n\t\t\t\t<\/div>\n\t\t\t\t\t\t\t\t<\/div>\n\t\t\t\t<\/div>\n\t\t\t\t\t<\/div>\n\t\t<\/div>\n\t\t\t\t\t<\/div>\n\t\t<\/section>\n\t\t\t\t<section class=\"elementor-section elementor-top-section elementor-element elementor-element-29dede6 elementor-section-boxed elementor-section-height-default elementor-section-height-default\" data-id=\"29dede6\" data-element_type=\"section\" data-e-type=\"section\">\n\t\t\t\t\t\t<div class=\"elementor-container elementor-column-gap-default\">\n\t\t\t\t\t<div class=\"elementor-column elementor-col-100 elementor-top-column elementor-element elementor-element-56c15e7\" data-id=\"56c15e7\" data-element_type=\"column\" data-e-type=\"column\">\n\t\t\t<div class=\"elementor-widget-wrap elementor-element-populated\">\n\t\t\t\t\t\t<div class=\"elementor-element elementor-element-d6881c7 elementor-widget elementor-widget-image\" data-id=\"d6881c7\" data-element_type=\"widget\" data-e-type=\"widget\" data-widget_type=\"image.default\">\n\t\t\t\t<div class=\"elementor-widget-container\">\n\t\t\t\t\t\t\t\t\t\t\t\t\t\t\t<img decoding=\"async\" width=\"1491\" height=\"1116\" src=\"https:\/\/academiaedelmann.com\/wp-content\/uploads\/2025\/11\/academia-idiomas-en-lapalma-3.jpg\" class=\"attachment-full size-full wp-image-7286\" alt=\"Academia de idiomas en La Palma: Alem\u00e1n, Espa\u00f1ol e Ingl\u00e9s\" srcset=\"https:\/\/academiaedelmann.com\/wp-content\/uploads\/2025\/11\/academia-idiomas-en-lapalma-3.jpg 1491w, https:\/\/academiaedelmann.com\/wp-content\/uploads\/2025\/11\/academia-idiomas-en-lapalma-3-300x225.jpg 300w, https:\/\/academiaedelmann.com\/wp-content\/uploads\/2025\/11\/academia-idiomas-en-lapalma-3-1024x766.jpg 1024w, https:\/\/academiaedelmann.com\/wp-content\/uploads\/2025\/11\/academia-idiomas-en-lapalma-3-768x575.jpg 768w\" sizes=\"(max-width: 1491px) 100vw, 1491px\" \/>\t\t\t\t\t\t\t\t\t\t\t\t\t\t\t<\/div>\n\t\t\t\t<\/div>\n\t\t\t\t\t<\/div>\n\t\t<\/div>\n\t\t\t\t\t<\/div>\n\t\t<\/section>\n\t\t\t\t<\/div>\n\t\t","protected":false},"excerpt":{"rendered":"<p>The Classroom In our classroom, learning a language is much more than studying words: it\u2019s a calm, natural, and enjoyable experience. Located in a rural area in El Llanito, I offer an ideal environment for learning, away from noise and rush. The classroom has plenty of natural light and a cosy atmosphere that invites concentration <\/p>\n","protected":false},"author":1,"featured_media":0,"parent":0,"menu_order":0,"comment_status":"closed","ping_status":"closed","template":"elementor_header_footer","meta":{"_acf_changed":false,"footnotes":""},"class_list":["post-7306","page","type-page","status-publish","hentry"],"acf":[],"_links":{"self":[{"href":"https:\/\/academiaedelmann.com\/en\/wp-json\/wp\/v2\/pages\/7306","targetHints":{"allow":["GET"]}}],"collection":[{"href":"https:\/\/academiaedelmann.com\/en\/wp-json\/wp\/v2\/pages"}],"about":[{"href":"https:\/\/academiaedelmann.com\/en\/wp-json\/wp\/v2\/types\/page"}],"author":[{"embeddable":true,"href":"https:\/\/academiaedelmann.com\/en\/wp-json\/wp\/v2\/users\/1"}],"replies":[{"embeddable":true,"href":"https:\/\/academiaedelmann.com\/en\/wp-json\/wp\/v2\/comments?post=7306"}],"version-history":[{"count":5,"href":"https:\/\/academiaedelmann.com\/en\/wp-json\/wp\/v2\/pages\/7306\/revisions"}],"predecessor-version":[{"id":7553,"href":"https:\/\/academiaedelmann.com\/en\/wp-json\/wp\/v2\/pages\/7306\/revisions\/7553"}],"wp:attachment":[{"href":"https:\/\/academiaedelmann.com\/en\/wp-json\/wp\/v2\/media?parent=7306"}],"curies":[{"name":"wp","href":"https:\/\/api.w.org\/{rel}","templated":true}]}}