{"id":7293,"date":"2025-10-27T15:57:13","date_gmt":"2025-10-27T14:57:13","guid":{"rendered":"https:\/\/academiaedelmann.com\/metodologia\/"},"modified":"2025-12-09T11:59:17","modified_gmt":"2025-12-09T10:59:17","slug":"methodology","status":"publish","type":"page","link":"https:\/\/academiaedelmann.com\/en\/methodology\/","title":{"rendered":"Methodology"},"content":{"rendered":"\t\t<div data-elementor-type=\"wp-page\" data-elementor-id=\"7293\" class=\"elementor elementor-7293 elementor-6643\">\n\t\t\t\t\t\t<section class=\"elementor-section elementor-top-section elementor-element elementor-element-3230633 elementor-section-boxed elementor-section-height-default elementor-section-height-default\" data-id=\"3230633\" data-element_type=\"section\" data-e-type=\"section\">\n\t\t\t\t\t\t<div class=\"elementor-container elementor-column-gap-default\">\n\t\t\t\t\t<div class=\"elementor-column elementor-col-100 elementor-top-column elementor-element elementor-element-1e8d8f2\" data-id=\"1e8d8f2\" data-element_type=\"column\" data-e-type=\"column\">\n\t\t\t<div class=\"elementor-widget-wrap elementor-element-populated\">\n\t\t\t\t\t\t<div class=\"elementor-element elementor-element-24d1e21 elementor-widget__width-initial elementor-widget elementor-widget-spacer\" data-id=\"24d1e21\" data-element_type=\"widget\" data-e-type=\"widget\" data-widget_type=\"spacer.default\">\n\t\t\t\t<div class=\"elementor-widget-container\">\n\t\t\t\t\t\t\t<div class=\"elementor-spacer\">\n\t\t\t<div class=\"elementor-spacer-inner\"><\/div>\n\t\t<\/div>\n\t\t\t\t\t\t<\/div>\n\t\t\t\t<\/div>\n\t\t\t\t<section class=\"elementor-section elementor-inner-section elementor-element elementor-element-ca769be elementor-section-boxed elementor-section-height-default elementor-section-height-default\" data-id=\"ca769be\" data-element_type=\"section\" data-e-type=\"section\">\n\t\t\t\t\t\t<div class=\"elementor-container elementor-column-gap-default\">\n\t\t\t\t\t<div class=\"elementor-column elementor-col-100 elementor-inner-column elementor-element elementor-element-facc4a2\" data-id=\"facc4a2\" data-element_type=\"column\" data-e-type=\"column\">\n\t\t\t<div class=\"elementor-widget-wrap elementor-element-populated\">\n\t\t\t\t\t\t<div class=\"elementor-element elementor-element-48dff4d elementor-widget elementor-widget-spacer\" data-id=\"48dff4d\" data-element_type=\"widget\" data-e-type=\"widget\" data-widget_type=\"spacer.default\">\n\t\t\t\t<div class=\"elementor-widget-container\">\n\t\t\t\t\t\t\t<div class=\"elementor-spacer\">\n\t\t\t<div class=\"elementor-spacer-inner\"><\/div>\n\t\t<\/div>\n\t\t\t\t\t\t<\/div>\n\t\t\t\t<\/div>\n\t\t\t\t\t<\/div>\n\t\t<\/div>\n\t\t\t\t\t<\/div>\n\t\t<\/section>\n\t\t\t\t\t<\/div>\n\t\t<\/div>\n\t\t\t\t\t<\/div>\n\t\t<\/section>\n\t\t\t\t<section class=\"elementor-section elementor-top-section elementor-element elementor-element-9d7fde5 elementor-section-boxed elementor-section-height-default elementor-section-height-default\" data-id=\"9d7fde5\" data-element_type=\"section\" data-e-type=\"section\">\n\t\t\t\t\t\t<div class=\"elementor-container elementor-column-gap-default\">\n\t\t\t\t\t<div class=\"elementor-column elementor-col-100 elementor-top-column elementor-element elementor-element-ba95f66\" data-id=\"ba95f66\" data-element_type=\"column\" data-e-type=\"column\">\n\t\t\t<div class=\"elementor-widget-wrap elementor-element-populated\">\n\t\t\t\t\t\t<div class=\"elementor-element elementor-element-896f057 elementor-widget elementor-widget-text-editor\" data-id=\"896f057\" data-element_type=\"widget\" data-e-type=\"widget\" data-widget_type=\"text-editor.default\">\n\t\t\t\t<div class=\"elementor-widget-container\">\n\t\t\t\t\t\t\t\t\t<h1><b>My teaching methodology<\/b><\/h1>\n<h2><b>Learning languages in a natural, practical, and personalized way<\/b><\/h2>\t\t\t\t\t\t\t\t<\/div>\n\t\t\t\t<\/div>\n\t\t\t\t<div class=\"elementor-element elementor-element-1d338d3 elementor-widget elementor-widget-text-editor\" data-id=\"1d338d3\" data-element_type=\"widget\" data-e-type=\"widget\" data-widget_type=\"text-editor.default\">\n\t\t\t\t<div class=\"elementor-widget-container\">\n\t\t\t\t\t\t\t\t\t<p>At Academia Edelmann, I don\u2019t believe in rigid classes or memorizing without understanding. My approach is dynamic, communicative, and tailored to each student, combining my practical experience with specialized pedagogical training from the Goethe-Institut.<\/p>\n<p>As a certified teacher in the DLL \u2013 Deutsch Lehren Lernen programme, I apply a modern, action-oriented teaching model that places the learner at the center.<\/p>\n<p>But beyond all that, there\u2019s something I consider essential:<br \/>Learning a language can (and should) feel like a game.<br \/>Because when we have fun, we learn better, faster, and with more motivation.<\/p>\t\t\t\t\t\t\t\t<\/div>\n\t\t\t\t<\/div>\n\t\t\t\t<div class=\"elementor-element elementor-element-dc629d3 elementor-widget elementor-widget-text-editor\" data-id=\"dc629d3\" data-element_type=\"widget\" data-e-type=\"widget\" data-widget_type=\"text-editor.default\">\n\t\t\t\t<div class=\"elementor-widget-container\">\n\t\t\t\t\t\t\t\t\t<p><strong>What characterizes my?<\/strong><\/p>\t\t\t\t\t\t\t\t<\/div>\n\t\t\t\t<\/div>\n\t\t\t\t\t<\/div>\n\t\t<\/div>\n\t\t\t\t\t<\/div>\n\t\t<\/section>\n\t\t\t\t<section class=\"elementor-section elementor-top-section elementor-element elementor-element-4688e5c elementor-section-boxed elementor-section-height-default elementor-section-height-default\" data-id=\"4688e5c\" data-element_type=\"section\" data-e-type=\"section\">\n\t\t\t\t\t\t<div class=\"elementor-container elementor-column-gap-default\">\n\t\t\t\t\t<div class=\"elementor-column elementor-col-100 elementor-top-column elementor-element elementor-element-a39aefc\" data-id=\"a39aefc\" data-element_type=\"column\" data-e-type=\"column\">\n\t\t\t<div class=\"elementor-widget-wrap elementor-element-populated\">\n\t\t\t\t\t\t<div class=\"elementor-element elementor-element-b1e0681 elementor-widget elementor-widget-eCademy_Features_Boxe\" data-id=\"b1e0681\" data-element_type=\"widget\" data-e-type=\"widget\" data-widget_type=\"eCademy_Features_Boxe.default\">\n\t\t\t\t<div class=\"elementor-widget-container\">\n\t\t\t\t\t                    <div class=\"container\">\r\n                <div class=\"row\">\r\n                                            <div class=\"col-lg-6 col-sm-6 col-md-6\">\r\n                            <div class=\"single-features-box\">\r\n                                <div class=\"icon\">\r\n                                    <i class=\"\"><\/i>\r\n                                <\/div>\r\n                                <h3>Student-centered<\/h3>\r\n                                <p>Everyone learns differently. That\u2019s why I adapt the content, pace, and activities to your specific needs\u2014whether you\u2019re a beginner or at an advanced level.<\/p>\r\n\r\n                                                            <\/div>\r\n                        <\/div>\r\n                                            <div class=\"col-lg-6 col-sm-6 col-md-6\">\r\n                            <div class=\"single-features-box\">\r\n                                <div class=\"icon\">\r\n                                    <i class=\"\"><\/i>\r\n                                <\/div>\r\n                                <h3>Action-oriented<\/h3>\r\n                                <p>We learn languages to use them. That\u2019s why we work with real communication situations: conversations, authentic texts, role-plays, etc.<\/p>\r\n\r\n                                                            <\/div>\r\n                        <\/div>\r\n                                            <div class=\"col-lg-6 col-sm-6 col-md-6\">\r\n                            <div class=\"single-features-box\">\r\n                                <div class=\"icon\">\r\n                                    <i class=\"\"><\/i>\r\n                                <\/div>\r\n                                <h3>Meaningful didactic sequences<\/h3>\r\n                                <p>Lessons are structured around concrete objectives, with progressive activities that naturally integrate vocabulary, grammar, and communication skills.<\/p>\r\n\r\n                                                            <\/div>\r\n                        <\/div>\r\n                                            <div class=\"col-lg-6 col-sm-6 col-md-6\">\r\n                            <div class=\"single-features-box\">\r\n                                <div class=\"icon\">\r\n                                    <i class=\"\"><\/i>\r\n                                <\/div>\r\n                                <h3> A trusting and motivating environment<\/h3>\r\n                                <p>Learning a language can be challenging, but also incredibly rewarding. I create a space where you\u2019ll feel comfortable participating, making mistakes, improving, and progressing.<\/p>\r\n\r\n                                                            <\/div>\r\n                        <\/div>\r\n                                            <div class=\"col-lg-6 col-sm-6 col-md-6\">\r\n                            <div class=\"single-features-box\">\r\n                                <div class=\"icon\">\r\n                                    <i class=\"\"><\/i>\r\n                                <\/div>\r\n                                <h3>Continuous pedagogical reflection<\/h3>\r\n                                <p>The DLL programme taught me to observe, analyse, and constantly adapt my teaching practice. This allows me to offer increasingly effective, personalized, and up-to-date lessons.<\/p>\r\n\r\n                                                            <\/div>\r\n                        <\/div>\r\n                                            <div class=\"col-lg-6 col-sm-6 col-md-6\">\r\n                            <div class=\"single-features-box\">\r\n                                <div class=\"icon\">\r\n                                    <i class=\"\"><\/i>\r\n                                <\/div>\r\n                                <h3>Varied and up-to-date materials<\/h3>\r\n                                <p>I use high-quality textbooks, digital resources, videos, language games, and authentic materials, always tailored to the goals of each class.<\/p>\r\n\r\n                                                            <\/div>\r\n                        <\/div>\r\n                                            <div class=\"col-lg-6 col-sm-6 col-md-6\">\r\n                            <div class=\"single-features-box\">\r\n                                <div class=\"icon\">\r\n                                    <i class=\"\"><\/i>\r\n                                <\/div>\r\n                                <h3>Learning through play (seriously!)<\/h3>\r\n                                <p>I integrate playful activities, language games, creative challenges, and interactive tasks that make learning enjoyable and memorable. This not only motivates students but also improves retention and active participation.<\/p>\r\n\r\n                                                            <\/div>\r\n                        <\/div>\r\n                                            <div class=\"col-lg-6 col-sm-6 col-md-6\">\r\n                            <div class=\"single-features-box\">\r\n                                <div class=\"icon\">\r\n                                    <i class=\"\"><\/i>\r\n                                <\/div>\r\n                                <h3>Preparation for official exams<\/h3>\r\n                                <p>I support you in preparing for certifications such as the Goethe-Zertifikat, Cambridge English, or DELE, with clear strategies, realistic mock exams, and personalized follow-up.<\/p>\r\n\r\n                                                            <\/div>\r\n                        <\/div>\r\n                                    <\/div>\r\n            <\/div>\r\n                \t\t\t\t<\/div>\n\t\t\t\t<\/div>\n\t\t\t\t\t<\/div>\n\t\t<\/div>\n\t\t\t\t\t<\/div>\n\t\t<\/section>\n\t\t\t\t<section class=\"elementor-section elementor-top-section elementor-element elementor-element-250e301 elementor-section-boxed elementor-section-height-default elementor-section-height-default\" data-id=\"250e301\" data-element_type=\"section\" data-e-type=\"section\">\n\t\t\t\t\t\t<div class=\"elementor-container elementor-column-gap-default\">\n\t\t\t\t\t<div class=\"elementor-column elementor-col-100 elementor-top-column elementor-element elementor-element-5f2c872\" data-id=\"5f2c872\" data-element_type=\"column\" data-e-type=\"column\">\n\t\t\t<div class=\"elementor-widget-wrap elementor-element-populated\">\n\t\t\t\t\t\t<div class=\"elementor-element elementor-element-32d955f elementor-widget elementor-widget-text-editor\" data-id=\"32d955f\" data-element_type=\"widget\" data-e-type=\"widget\" data-widget_type=\"text-editor.default\">\n\t\t\t\t<div class=\"elementor-widget-container\">\n\t\t\t\t\t\t\t\t\t<p>My goal is not only for you to learn a language, but to live it, enjoy it, and make it your own\u2014gaining confidence and fluency at every step. Just like when we play: with curiosity, without fear of making mistakes, and with the satisfaction of overcoming each challenge.<\/p>\n<p>Whether you study for personal, professional, or academic reasons, here you will find effective, close, and fully personalized teaching.<\/p>\t\t\t\t\t\t\t\t<\/div>\n\t\t\t\t<\/div>\n\t\t\t\t<div class=\"elementor-element elementor-element-a62dced elementor-widget elementor-widget-image-gallery\" data-id=\"a62dced\" data-element_type=\"widget\" data-e-type=\"widget\" data-widget_type=\"image-gallery.default\">\n\t\t\t\t<div class=\"elementor-widget-container\">\n\t\t\t\t\t\t\t<div class=\"elementor-image-gallery\">\n\t\t\t<div id='gallery-1' class='gallery galleryid-7293 gallery-columns-4 gallery-size-ecademy_blog_thumb'><figure class='gallery-item'>\n\t\t\t<div class='gallery-icon portrait'>\n\t\t\t\t<a data-elementor-open-lightbox=\"yes\" data-elementor-lightbox-slideshow=\"a62dced\" data-elementor-lightbox-title=\"Academia de idiomas en La Palma: Alem\u00e1n, Espa\u00f1ol e Ingl\u00e9s\" data-e-action-hash=\"#elementor-action%3Aaction%3Dlightbox%26settings%3DeyJpZCI6NzI5NSwidXJsIjoiaHR0cHM6XC9cL2FjYWRlbWlhZWRlbG1hbm4uY29tXC93cC1jb250ZW50XC91cGxvYWRzXC8yMDI1XC8xMVwvYWNhZGVtaWFkZWlkaW9tYXMtZWRlbG1hbm4tMy5qcGVnIiwic2xpZGVzaG93IjoiYTYyZGNlZCJ9\" href='https:\/\/academiaedelmann.com\/wp-content\/uploads\/2025\/11\/academiadeidiomas-edelmann-3.jpeg'><img fetchpriority=\"high\" decoding=\"async\" width=\"900\" height=\"500\" src=\"https:\/\/academiaedelmann.com\/wp-content\/uploads\/2025\/11\/academiadeidiomas-edelmann-3-900x500.jpeg\" class=\"attachment-ecademy_blog_thumb size-ecademy_blog_thumb\" alt=\"Academia de idiomas en La Palma: Alem\u00e1n, Espa\u00f1ol e Ingl\u00e9s\" \/><\/a>\n\t\t\t<\/div><\/figure><figure class='gallery-item'>\n\t\t\t<div class='gallery-icon landscape'>\n\t\t\t\t<a data-elementor-open-lightbox=\"yes\" data-elementor-lightbox-slideshow=\"a62dced\" data-elementor-lightbox-title=\"Academia de idiomas en La Palma: Alem\u00e1n, Espa\u00f1ol e Ingl\u00e9s\" data-e-action-hash=\"#elementor-action%3Aaction%3Dlightbox%26settings%3DeyJpZCI6NzI5NiwidXJsIjoiaHR0cHM6XC9cL2FjYWRlbWlhZWRlbG1hbm4uY29tXC93cC1jb250ZW50XC91cGxvYWRzXC8yMDI1XC8xMVwvYWNhZGVtaWFkZWlkaW9tYXMtZWRlbG1hbm4tMi5qcGVnIiwic2xpZGVzaG93IjoiYTYyZGNlZCJ9\" href='https:\/\/academiaedelmann.com\/wp-content\/uploads\/2025\/11\/academiadeidiomas-edelmann-2.jpeg'><img decoding=\"async\" width=\"900\" height=\"500\" src=\"https:\/\/academiaedelmann.com\/wp-content\/uploads\/2025\/11\/academiadeidiomas-edelmann-2-900x500.jpeg\" class=\"attachment-ecademy_blog_thumb size-ecademy_blog_thumb\" alt=\"Academia de idiomas en La Palma: Alem\u00e1n, Espa\u00f1ol e Ingl\u00e9s\" \/><\/a>\n\t\t\t<\/div><\/figure><figure class='gallery-item'>\n\t\t\t<div class='gallery-icon portrait'>\n\t\t\t\t<a data-elementor-open-lightbox=\"yes\" data-elementor-lightbox-slideshow=\"a62dced\" data-elementor-lightbox-title=\"Academia de idiomas en La Palma: Alem\u00e1n, Espa\u00f1ol e Ingl\u00e9s\" data-e-action-hash=\"#elementor-action%3Aaction%3Dlightbox%26settings%3DeyJpZCI6NzI5NywidXJsIjoiaHR0cHM6XC9cL2FjYWRlbWlhZWRlbG1hbm4uY29tXC93cC1jb250ZW50XC91cGxvYWRzXC8yMDI1XC8xMVwvY2xhc2VzLWlkaW9tYXMtZW4tbGFwYWxtYS5qcGciLCJzbGlkZXNob3ciOiJhNjJkY2VkIn0%3D\" href='https:\/\/academiaedelmann.com\/wp-content\/uploads\/2025\/11\/clases-idiomas-en-lapalma.jpg'><img decoding=\"async\" width=\"900\" height=\"500\" src=\"https:\/\/academiaedelmann.com\/wp-content\/uploads\/2025\/11\/clases-idiomas-en-lapalma-900x500.jpg\" class=\"attachment-ecademy_blog_thumb size-ecademy_blog_thumb\" alt=\"Academia de idiomas en La Palma: Alem\u00e1n, Espa\u00f1ol e Ingl\u00e9s\" \/><\/a>\n\t\t\t<\/div><\/figure>\n\t\t<\/div>\n\t\t<\/div>\n\t\t\t\t\t\t<\/div>\n\t\t\t\t<\/div>\n\t\t\t\t\t<\/div>\n\t\t<\/div>\n\t\t\t\t\t<\/div>\n\t\t<\/section>\n\t\t\t\t<\/div>\n\t\t","protected":false},"excerpt":{"rendered":"<p>My teaching methodology Learning languages in a natural, practical, and personalized way At Academia Edelmann, I don\u2019t believe in rigid classes or memorizing without understanding. My approach is dynamic, communicative, and tailored to each student, combining my practical experience with specialized pedagogical training from the Goethe-Institut. As a certified teacher in the DLL \u2013 Deutsch <\/p>\n","protected":false},"author":1,"featured_media":0,"parent":0,"menu_order":0,"comment_status":"closed","ping_status":"closed","template":"elementor_header_footer","meta":{"_acf_changed":false,"footnotes":""},"class_list":["post-7293","page","type-page","status-publish","hentry"],"acf":[],"_links":{"self":[{"href":"https:\/\/academiaedelmann.com\/en\/wp-json\/wp\/v2\/pages\/7293","targetHints":{"allow":["GET"]}}],"collection":[{"href":"https:\/\/academiaedelmann.com\/en\/wp-json\/wp\/v2\/pages"}],"about":[{"href":"https:\/\/academiaedelmann.com\/en\/wp-json\/wp\/v2\/types\/page"}],"author":[{"embeddable":true,"href":"https:\/\/academiaedelmann.com\/en\/wp-json\/wp\/v2\/users\/1"}],"replies":[{"embeddable":true,"href":"https:\/\/academiaedelmann.com\/en\/wp-json\/wp\/v2\/comments?post=7293"}],"version-history":[{"count":7,"href":"https:\/\/academiaedelmann.com\/en\/wp-json\/wp\/v2\/pages\/7293\/revisions"}],"predecessor-version":[{"id":7305,"href":"https:\/\/academiaedelmann.com\/en\/wp-json\/wp\/v2\/pages\/7293\/revisions\/7305"}],"wp:attachment":[{"href":"https:\/\/academiaedelmann.com\/en\/wp-json\/wp\/v2\/media?parent=7293"}],"curies":[{"name":"wp","href":"https:\/\/api.w.org\/{rel}","templated":true}]}}