{"id":7274,"date":"2025-10-29T15:08:32","date_gmt":"2025-10-29T14:08:32","guid":{"rendered":"https:\/\/academiaedelmann.com\/sobre-anita-edelmann\/"},"modified":"2025-12-09T11:58:11","modified_gmt":"2025-12-09T10:58:11","slug":"who-i-am","status":"publish","type":"page","link":"https:\/\/academiaedelmann.com\/en\/who-i-am\/","title":{"rendered":"Who i am"},"content":{"rendered":"\t\t<div data-elementor-type=\"wp-page\" data-elementor-id=\"7274\" class=\"elementor elementor-7274 elementor-6723\">\n\t\t\t\t\t\t<section class=\"elementor-section elementor-top-section elementor-element elementor-element-944905f elementor-section-boxed elementor-section-height-default elementor-section-height-default\" data-id=\"944905f\" data-element_type=\"section\" data-e-type=\"section\">\n\t\t\t\t\t\t<div class=\"elementor-container elementor-column-gap-default\">\n\t\t\t\t\t<div class=\"elementor-column elementor-col-100 elementor-top-column elementor-element elementor-element-53bdd8d\" data-id=\"53bdd8d\" data-element_type=\"column\" data-e-type=\"column\">\n\t\t\t<div class=\"elementor-widget-wrap elementor-element-populated\">\n\t\t\t\t\t\t<div class=\"elementor-element elementor-element-e1eb49d elementor-widget elementor-widget-text-editor\" data-id=\"e1eb49d\" data-element_type=\"widget\" data-e-type=\"widget\" data-widget_type=\"text-editor.default\">\n\t\t\t\t<div class=\"elementor-widget-container\">\n\t\t\t\t\t\t\t\t\t<h1><strong>Who i am?<\/strong><\/h1>\t\t\t\t\t\t\t\t<\/div>\n\t\t\t\t<\/div>\n\t\t\t\t<div class=\"elementor-element elementor-element-0106b1d elementor-widget elementor-widget-text-editor\" data-id=\"0106b1d\" data-element_type=\"widget\" data-e-type=\"widget\" data-widget_type=\"text-editor.default\">\n\t\t\t\t<div class=\"elementor-widget-container\">\n\t\t\t\t\t\t\t\t\t<h2><span style=\"color: #a91214; font-size: 18px;\"><em><strong data-start=\"215\" data-end=\"268\">\u201cEvery language is a new way of seeing the world.\u201d<\/strong><\/em><\/span><\/h2>\t\t\t\t\t\t\t\t<\/div>\n\t\t\t\t<\/div>\n\t\t\t\t\t<\/div>\n\t\t<\/div>\n\t\t\t\t\t<\/div>\n\t\t<\/section>\n\t\t\t\t<section class=\"elementor-section elementor-top-section elementor-element elementor-element-085c30d elementor-section-boxed elementor-section-height-default elementor-section-height-default\" data-id=\"085c30d\" data-element_type=\"section\" data-e-type=\"section\">\n\t\t\t\t\t\t<div class=\"elementor-container elementor-column-gap-default\">\n\t\t\t\t\t<div class=\"elementor-column elementor-col-100 elementor-top-column elementor-element elementor-element-38a9fae\" data-id=\"38a9fae\" data-element_type=\"column\" data-e-type=\"column\">\n\t\t\t<div class=\"elementor-widget-wrap elementor-element-populated\">\n\t\t\t\t\t\t<section class=\"elementor-section elementor-inner-section elementor-element elementor-element-9423f50 elementor-section-boxed elementor-section-height-default elementor-section-height-default\" data-id=\"9423f50\" data-element_type=\"section\" data-e-type=\"section\">\n\t\t\t\t\t\t<div class=\"elementor-container elementor-column-gap-default\">\n\t\t\t\t\t<div class=\"elementor-column elementor-col-50 elementor-inner-column elementor-element elementor-element-cf37a5b\" data-id=\"cf37a5b\" data-element_type=\"column\" data-e-type=\"column\">\n\t\t\t<div class=\"elementor-widget-wrap elementor-element-populated\">\n\t\t\t\t\t\t<div class=\"elementor-element elementor-element-0ac6da2 elementor-widget elementor-widget-image\" data-id=\"0ac6da2\" data-element_type=\"widget\" data-e-type=\"widget\" data-widget_type=\"image.default\">\n\t\t\t\t<div class=\"elementor-widget-container\">\n\t\t\t\t\t\t\t\t\t\t\t\t\t\t\t<img fetchpriority=\"high\" decoding=\"async\" width=\"640\" height=\"839\" src=\"https:\/\/academiaedelmann.com\/wp-content\/uploads\/2025\/11\/anita-edelmann-profesora-idiomas-en-lapalma-781x1024.jpg\" class=\"attachment-large size-large wp-image-7278\" alt=\"Academia de idiomas en La Palma: Alem\u00e1n, Espa\u00f1ol e Ingl\u00e9s\" srcset=\"https:\/\/academiaedelmann.com\/wp-content\/uploads\/2025\/11\/anita-edelmann-profesora-idiomas-en-lapalma-781x1024.jpg 781w, https:\/\/academiaedelmann.com\/wp-content\/uploads\/2025\/11\/anita-edelmann-profesora-idiomas-en-lapalma-229x300.jpg 229w, https:\/\/academiaedelmann.com\/wp-content\/uploads\/2025\/11\/anita-edelmann-profesora-idiomas-en-lapalma-768x1007.jpg 768w, https:\/\/academiaedelmann.com\/wp-content\/uploads\/2025\/11\/anita-edelmann-profesora-idiomas-en-lapalma.jpg 976w\" sizes=\"(max-width: 640px) 100vw, 640px\" \/>\t\t\t\t\t\t\t\t\t\t\t\t\t\t\t<\/div>\n\t\t\t\t<\/div>\n\t\t\t\t<div class=\"elementor-element elementor-element-20a6fd9 elementor-widget elementor-widget-image\" data-id=\"20a6fd9\" data-element_type=\"widget\" data-e-type=\"widget\" data-widget_type=\"image.default\">\n\t\t\t\t<div class=\"elementor-widget-container\">\n\t\t\t\t\t\t\t\t\t\t\t\t\t\t\t<img decoding=\"async\" width=\"640\" height=\"342\" src=\"https:\/\/academiaedelmann.com\/wp-content\/uploads\/2025\/11\/academiade-idiomas-edelmann-lapalma-1024x547.jpg\" class=\"attachment-large size-large wp-image-7279\" alt=\"Academia de idiomas en La Palma: Alem\u00e1n, Espa\u00f1ol e Ingl\u00e9s\" srcset=\"https:\/\/academiaedelmann.com\/wp-content\/uploads\/2025\/11\/academiade-idiomas-edelmann-lapalma-1024x547.jpg 1024w, https:\/\/academiaedelmann.com\/wp-content\/uploads\/2025\/11\/academiade-idiomas-edelmann-lapalma-300x160.jpg 300w, https:\/\/academiaedelmann.com\/wp-content\/uploads\/2025\/11\/academiade-idiomas-edelmann-lapalma-768x410.jpg 768w, https:\/\/academiaedelmann.com\/wp-content\/uploads\/2025\/11\/academiade-idiomas-edelmann-lapalma-1536x821.jpg 1536w, https:\/\/academiaedelmann.com\/wp-content\/uploads\/2025\/11\/academiade-idiomas-edelmann-lapalma.jpg 1879w\" sizes=\"(max-width: 640px) 100vw, 640px\" \/>\t\t\t\t\t\t\t\t\t\t\t\t\t\t\t<\/div>\n\t\t\t\t<\/div>\n\t\t\t\t<div class=\"elementor-element elementor-element-e9c7955 elementor-button-danger elementor-align-left elementor-widget elementor-widget-button\" data-id=\"e9c7955\" data-element_type=\"widget\" data-e-type=\"widget\" data-widget_type=\"button.default\">\n\t\t\t\t<div class=\"elementor-widget-container\">\n\t\t\t\t\t\t\t\t\t<div class=\"elementor-button-wrapper\">\n\t\t\t\t\t<a class=\"elementor-button elementor-button-link elementor-size-sm\" href=\"https:\/\/academiaedelmann.com\/modalidades\/\">\n\t\t\t\t\t\t<span class=\"elementor-button-content-wrapper\">\n\t\t\t\t\t\t\t\t\t<span class=\"elementor-button-text\">Methodology<\/span>\n\t\t\t\t\t<\/span>\n\t\t\t\t\t<\/a>\n\t\t\t\t<\/div>\n\t\t\t\t\t\t\t\t<\/div>\n\t\t\t\t<\/div>\n\t\t\t\t<div class=\"elementor-element elementor-element-6f083b3 elementor-button-danger elementor-widget elementor-widget-button\" data-id=\"6f083b3\" data-element_type=\"widget\" data-e-type=\"widget\" data-widget_type=\"button.default\">\n\t\t\t\t<div class=\"elementor-widget-container\">\n\t\t\t\t\t\t\t\t\t<div class=\"elementor-button-wrapper\">\n\t\t\t\t\t<a class=\"elementor-button elementor-button-link elementor-size-sm\" href=\"https:\/\/academiaedelmann.com\/clases\/examenes-oficiales\/\">\n\t\t\t\t\t\t<span class=\"elementor-button-content-wrapper\">\n\t\t\t\t\t\t\t\t\t<span class=\"elementor-button-text\">Official examinations<\/span>\n\t\t\t\t\t<\/span>\n\t\t\t\t\t<\/a>\n\t\t\t\t<\/div>\n\t\t\t\t\t\t\t\t<\/div>\n\t\t\t\t<\/div>\n\t\t\t\t<div class=\"elementor-element elementor-element-eb5d4bc elementor-button-danger elementor-align-left elementor-widget elementor-widget-button\" data-id=\"eb5d4bc\" data-element_type=\"widget\" data-e-type=\"widget\" data-widget_type=\"button.default\">\n\t\t\t\t<div class=\"elementor-widget-container\">\n\t\t\t\t\t\t\t\t\t<div class=\"elementor-button-wrapper\">\n\t\t\t\t\t<a class=\"elementor-button elementor-button-link elementor-size-sm\" href=\"https:\/\/academiaedelmann.com\/clases\/\">\n\t\t\t\t\t\t<span class=\"elementor-button-content-wrapper\">\n\t\t\t\t\t\t\t\t\t<span class=\"elementor-button-text\">Language Classes<\/span>\n\t\t\t\t\t<\/span>\n\t\t\t\t\t<\/a>\n\t\t\t\t<\/div>\n\t\t\t\t\t\t\t\t<\/div>\n\t\t\t\t<\/div>\n\t\t\t\t<div class=\"elementor-element elementor-element-d636aac elementor-widget elementor-widget-spacer\" data-id=\"d636aac\" data-element_type=\"widget\" data-e-type=\"widget\" data-widget_type=\"spacer.default\">\n\t\t\t\t<div class=\"elementor-widget-container\">\n\t\t\t\t\t\t\t<div class=\"elementor-spacer\">\n\t\t\t<div class=\"elementor-spacer-inner\"><\/div>\n\t\t<\/div>\n\t\t\t\t\t\t<\/div>\n\t\t\t\t<\/div>\n\t\t\t\t\t<\/div>\n\t\t<\/div>\n\t\t\t\t<div class=\"elementor-column elementor-col-50 elementor-inner-column elementor-element elementor-element-cddd4b4\" data-id=\"cddd4b4\" data-element_type=\"column\" data-e-type=\"column\">\n\t\t\t<div class=\"elementor-widget-wrap elementor-element-populated\">\n\t\t\t\t\t\t<div class=\"elementor-element elementor-element-c300216 elementor-widget elementor-widget-text-editor\" data-id=\"c300216\" data-element_type=\"widget\" data-e-type=\"widget\" data-widget_type=\"text-editor.default\">\n\t\t\t\t<div class=\"elementor-widget-container\">\n\t\t\t\t\t\t\t\t\t<p><span style=\"font-weight: 400;\">Hello! I\u2019m Anita Edelmann, language teacher and founder of Academia Edelmann.<\/span><span style=\"font-weight: 400;\"><br \/><\/span><span style=\"font-weight: 400;\">I was born in W\u00fcrzburg, Germany, but I grew up on the beautiful island of La Palma, in a bilingual environment that deeply shaped the way I see the world. I have always been fascinated by words, sounds, and the cultures hidden behind every language. Speaking another language is not just about learning vocabulary: it\u2019s about opening the door to new ways of thinking, feeling, and connecting with the world.<\/span><\/p>\n<p><span style=\"font-weight: 400;\">I started teaching languages at the age of 15, when some parents asked me if I could tutor their children. That first experience awakened my passion for teaching. I completed my entire schooling, including high school, on La Palma, and at 18 I returned to Germany to continue my education. There I studied Business Administration and worked in the field for several years. However, my true vocation was always connected to languages and teaching.<\/span><\/p>\n<p><span style=\"font-weight: 400;\">That\u2019s why I decided to specialize as a teacher of German as a foreign language through the DLL \u2013 Deutsch Lehren Lernen programme, a training offered by the Goethe-Institut that equipped me with effective, modern, and student-centered pedagogical tools.<\/span><\/p>\n<p><span style=\"font-weight: 400;\">I have been teaching German, English, and Spanish for several years, to people of all ages and levels. I\u2019ve worked with curious children, challenge-seeking teenagers, and adults with personal goals or professional ambitions. Every student is different, which is why I adapt each lesson to their learning style, interests, and pace.<\/span><\/p>\n<p><span style=\"font-weight: 400;\">My teacher training at the Goethe-Institut has given me the tools to teach with rigor, but experience has taught me that the most important thing is creating an atmosphere of trust, motivation, and joy. Because yes\u2014learning languages can be fun!<\/span><\/p>\n<p><span style=\"font-weight: 400;\">I teach in El Llanito, Bre\u00f1a Alta (La Palma), in a calm and welcoming space, ideal for focusing and enjoying the learning process. I feel fortunate to be able to combine my roots, my international experience, and my love for languages in a project that brings people together through learning.<\/span><\/p>\n<p><span style=\"font-weight: 400;\">I also prepare my students for official exams such as the Goethe-Zertifikat, Cambridge, or DELE.<\/span><\/p>\n<p><span style=\"font-weight: 400;\">In my lessons, I combine structure and clarity with dynamism and a warm teaching style. My goal is to help you communicate confidently and fluently and to discover the pleasure of understanding and expressing yourself in another language.<\/span><\/p>\n<p><span style=\"font-weight: 400;\">Shall we see each other in class?<\/span><\/p>\n<p data-start=\"2820\" data-end=\"2842\"><\/p>\t\t\t\t\t\t\t\t<\/div>\n\t\t\t\t<\/div>\n\t\t\t\t\t<\/div>\n\t\t<\/div>\n\t\t\t\t\t<\/div>\n\t\t<\/section>\n\t\t\t\t\t<\/div>\n\t\t<\/div>\n\t\t\t\t\t<\/div>\n\t\t<\/section>\n\t\t\t\t<\/div>\n\t\t","protected":false},"excerpt":{"rendered":"<p>Who i am? \u201cEvery language is a new way of seeing the world.\u201d Methodology Official examinations Language Classes Hello! I\u2019m Anita Edelmann, language teacher and founder of Academia Edelmann.I was born in W\u00fcrzburg, Germany, but I grew up on the beautiful island of La Palma, in a bilingual environment that deeply shaped the way I <\/p>\n","protected":false},"author":1,"featured_media":0,"parent":0,"menu_order":0,"comment_status":"closed","ping_status":"closed","template":"elementor_header_footer","meta":{"_acf_changed":false,"footnotes":""},"class_list":["post-7274","page","type-page","status-publish","hentry"],"acf":[],"_links":{"self":[{"href":"https:\/\/academiaedelmann.com\/en\/wp-json\/wp\/v2\/pages\/7274","targetHints":{"allow":["GET"]}}],"collection":[{"href":"https:\/\/academiaedelmann.com\/en\/wp-json\/wp\/v2\/pages"}],"about":[{"href":"https:\/\/academiaedelmann.com\/en\/wp-json\/wp\/v2\/types\/page"}],"author":[{"embeddable":true,"href":"https:\/\/academiaedelmann.com\/en\/wp-json\/wp\/v2\/users\/1"}],"replies":[{"embeddable":true,"href":"https:\/\/academiaedelmann.com\/en\/wp-json\/wp\/v2\/comments?post=7274"}],"version-history":[{"count":10,"href":"https:\/\/academiaedelmann.com\/en\/wp-json\/wp\/v2\/pages\/7274\/revisions"}],"predecessor-version":[{"id":7538,"href":"https:\/\/academiaedelmann.com\/en\/wp-json\/wp\/v2\/pages\/7274\/revisions\/7538"}],"wp:attachment":[{"href":"https:\/\/academiaedelmann.com\/en\/wp-json\/wp\/v2\/media?parent=7274"}],"curies":[{"name":"wp","href":"https:\/\/api.w.org\/{rel}","templated":true}]}}