{"id":7338,"date":"2025-10-30T09:09:03","date_gmt":"2025-10-30T08:09:03","guid":{"rendered":"https:\/\/academiaedelmann.com\/clases\/examenes-oficiales\/"},"modified":"2025-12-09T12:19:12","modified_gmt":"2025-12-09T11:19:12","slug":"offizielle-prufungen","status":"publish","type":"page","link":"https:\/\/academiaedelmann.com\/de\/sprachen\/offizielle-prufungen\/","title":{"rendered":"Offizielle Pr\u00fcfungen"},"content":{"rendered":"\t\t<div data-elementor-type=\"wp-page\" data-elementor-id=\"7338\" class=\"elementor elementor-7338 elementor-6795\">\n\t\t\t\t\t\t<section class=\"elementor-section elementor-top-section elementor-element elementor-element-be488bf elementor-section-boxed elementor-section-height-default elementor-section-height-default\" data-id=\"be488bf\" data-element_type=\"section\" data-e-type=\"section\">\n\t\t\t\t\t\t<div class=\"elementor-container elementor-column-gap-default\">\n\t\t\t\t\t<div class=\"elementor-column elementor-col-100 elementor-top-column elementor-element elementor-element-05a2a56\" data-id=\"05a2a56\" data-element_type=\"column\" data-e-type=\"column\">\n\t\t\t<div class=\"elementor-widget-wrap elementor-element-populated\">\n\t\t\t\t\t\t<div class=\"elementor-element elementor-element-94e32c5 elementor-widget elementor-widget-text-editor\" data-id=\"94e32c5\" data-element_type=\"widget\" data-e-type=\"widget\" data-widget_type=\"text-editor.default\">\n\t\t\t\t<div class=\"elementor-widget-container\">\n\t\t\t\t\t\t\t\t\t<h1><strong>Offizielle Pr\u00fcfungen<\/strong><\/h1>\t\t\t\t\t\t\t\t<\/div>\n\t\t\t\t<\/div>\n\t\t\t\t\t<\/div>\n\t\t<\/div>\n\t\t\t\t\t<\/div>\n\t\t<\/section>\n\t\t\t\t<section class=\"elementor-section elementor-top-section elementor-element elementor-element-6d32f1d1 elementor-section-boxed elementor-section-height-default elementor-section-height-default\" data-id=\"6d32f1d1\" data-element_type=\"section\" data-e-type=\"section\">\n\t\t\t\t\t\t<div class=\"elementor-container elementor-column-gap-default\">\n\t\t\t\t\t<div class=\"elementor-column elementor-col-100 elementor-top-column elementor-element elementor-element-58c2db3b\" data-id=\"58c2db3b\" data-element_type=\"column\" data-e-type=\"column\">\n\t\t\t<div class=\"elementor-widget-wrap elementor-element-populated\">\n\t\t\t\t\t\t<div class=\"elementor-element elementor-element-52f96e99 elementor-widget elementor-widget-text-editor\" data-id=\"52f96e99\" data-element_type=\"widget\" data-e-type=\"widget\" data-widget_type=\"text-editor.default\">\n\t\t\t\t<div class=\"elementor-widget-container\">\n\t\t\t\t\t\t\t\t\t<h2><strong>Mehr \u00fcber meine Ausbildung am Goethe-Institut<\/strong><\/h2>\n<p>Das Goethe-Institut ist die weltweit f\u00fchrende Institution f\u00fcr Deutschunterricht und die Verbreitung der deutschen Kultur.<\/p>\n<ul>\n<li>Seit \u00fcber 60 Jahren etabliert, mit einem globalen Netzwerk aus Zentren und Kursen in vielen L\u00e4ndern.<\/li>\n<li>Seine Zertifikate, wie das Goethe-Zertifikat, sind international anerkannt und best\u00e4tigen die Sprachkompetenz der Lernenden.<\/li>\n<li>Seine Methodologie verbindet akademische Strenge mit p\u00e4dagogischer Innovation und ist weltweit ein Referenzpunkt f\u00fcr Lehrkr\u00e4fte und Studierende.<\/li>\n<\/ul>\n<h2><br \/><strong>Was ist die DLL-Ausbildung?<\/strong><\/h2>\n<p><br \/>Deutsch Lehren Lernen (DLL) ist ein Fortbildungsprogramm f\u00fcr Lehrkr\u00e4fte, das darauf ausgerichtet ist, Deutsch als Fremdsprache praxisnah, modern und sch\u00fclerorientiert zu unterrichten.<br \/>Die Teilnehmenden lernen dabei:<\/p>\n<ul>\n<li>Effektive und motivierende Unterrichtsstunden zu gestalten.<\/li>\n<li>Kommunikative und dynamische Methoden in den Unterricht zu integrieren.<\/li>\n<li>Inhalte an Niveau, Interessen und Bed\u00fcrfnisse der Lernenden anzupassen.<\/li>\n<li>Strategien f\u00fcr die integrierte Vermittlung von Grammatik, Wortschatz, H\u00f6r-\/Leseverstehen sowie m\u00fcndlicher und schriftlicher Ausdrucksf\u00e4higkeit anzuwenden.<\/li>\n<\/ul>\n<p>Die Ausbildung verbindet Theorie und Praxis, mit einem sehr aktiven und partizipativen Ansatz, der es Lehrkr\u00e4ften erm\u00f6glicht, ihre Kompetenzen direkt im Unterricht anzuwenden.<\/p>\n<p>Durch meine DLL-Ausbildung erhielt ich fortgeschrittene p\u00e4dagogische Werkzeuge, um Deutsch effektiv, modern und sch\u00fclerzentriert zu unterrichten \u2013 und so hochwertigen Unterricht anbieten zu k\u00f6nnen, angepasst an jedes Niveau, jedes Ziel und jeden Kontext, von Kindern bis zu Erwachsenen, sowohl auf La Palma als auch online.<\/p>\t\t\t\t\t\t\t\t<\/div>\n\t\t\t\t<\/div>\n\t\t\t\t\t<\/div>\n\t\t<\/div>\n\t\t\t\t\t<\/div>\n\t\t<\/section>\n\t\t\t\t<section class=\"elementor-section elementor-top-section elementor-element elementor-element-79c2b51 elementor-section-boxed elementor-section-height-default elementor-section-height-default\" data-id=\"79c2b51\" data-element_type=\"section\" data-e-type=\"section\">\n\t\t\t\t\t\t<div class=\"elementor-container elementor-column-gap-default\">\n\t\t\t\t\t<div class=\"elementor-column elementor-col-100 elementor-top-column elementor-element elementor-element-a6c5756\" data-id=\"a6c5756\" data-element_type=\"column\" data-e-type=\"column\">\n\t\t\t<div class=\"elementor-widget-wrap elementor-element-populated\">\n\t\t\t\t\t\t<section class=\"elementor-section elementor-inner-section elementor-element elementor-element-4ccf0d2 elementor-section-boxed elementor-section-height-default elementor-section-height-default\" data-id=\"4ccf0d2\" data-element_type=\"section\" data-e-type=\"section\">\n\t\t\t\t\t\t<div class=\"elementor-container elementor-column-gap-default\">\n\t\t\t\t\t<div class=\"elementor-column elementor-col-50 elementor-inner-column elementor-element elementor-element-3b8f49a\" data-id=\"3b8f49a\" data-element_type=\"column\" data-e-type=\"column\">\n\t\t\t<div class=\"elementor-widget-wrap elementor-element-populated\">\n\t\t\t\t\t\t<div class=\"elementor-element elementor-element-530829a elementor-align-left elementor-widget elementor-widget-button\" data-id=\"530829a\" data-element_type=\"widget\" data-e-type=\"widget\" data-widget_type=\"button.default\">\n\t\t\t\t<div class=\"elementor-widget-container\">\n\t\t\t\t\t\t\t\t\t<div class=\"elementor-button-wrapper\">\n\t\t\t\t\t<a class=\"elementor-button elementor-button-link elementor-size-sm\" href=\"https:\/\/academiaedelmann.com\/de\/kontakt\/\">\n\t\t\t\t\t\t<span class=\"elementor-button-content-wrapper\">\n\t\t\t\t\t\t\t\t\t<span class=\"elementor-button-text\">Kontakt<\/span>\n\t\t\t\t\t<\/span>\n\t\t\t\t\t<\/a>\n\t\t\t\t<\/div>\n\t\t\t\t\t\t\t\t<\/div>\n\t\t\t\t<\/div>\n\t\t\t\t\t<\/div>\n\t\t<\/div>\n\t\t\t\t<div class=\"elementor-column elementor-col-50 elementor-inner-column elementor-element elementor-element-b368c17\" data-id=\"b368c17\" data-element_type=\"column\" data-e-type=\"column\">\n\t\t\t<div class=\"elementor-widget-wrap\">\n\t\t\t\t\t\t\t<\/div>\n\t\t<\/div>\n\t\t\t\t\t<\/div>\n\t\t<\/section>\n\t\t\t\t\t<\/div>\n\t\t<\/div>\n\t\t\t\t\t<\/div>\n\t\t<\/section>\n\t\t\t\t<section class=\"elementor-section elementor-top-section elementor-element elementor-element-2170759 elementor-section-boxed elementor-section-height-default elementor-section-height-default\" data-id=\"2170759\" data-element_type=\"section\" data-e-type=\"section\">\n\t\t\t\t\t\t<div class=\"elementor-container elementor-column-gap-default\">\n\t\t\t\t\t<div class=\"elementor-column elementor-col-100 elementor-top-column elementor-element elementor-element-f890c26\" data-id=\"f890c26\" data-element_type=\"column\" data-e-type=\"column\">\n\t\t\t<div class=\"elementor-widget-wrap elementor-element-populated\">\n\t\t\t\t\t\t<div class=\"elementor-element elementor-element-a8dcd8d elementor-widget elementor-widget-image\" data-id=\"a8dcd8d\" data-element_type=\"widget\" data-e-type=\"widget\" data-widget_type=\"image.default\">\n\t\t\t\t<div class=\"elementor-widget-container\">\n\t\t\t\t\t\t\t\t\t\t\t\t\t\t\t<img fetchpriority=\"high\" decoding=\"async\" width=\"1600\" height=\"1066\" src=\"https:\/\/academiaedelmann.com\/wp-content\/uploads\/2025\/11\/academia-idiomas-en-lapalma-5.jpg\" class=\"attachment-full size-full wp-image-7440\" alt=\"Academia de idiomas en La Palma: Alem\u00e1n, Espa\u00f1ol e Ingl\u00e9s\" srcset=\"https:\/\/academiaedelmann.com\/wp-content\/uploads\/2025\/11\/academia-idiomas-en-lapalma-5.jpg 1600w, https:\/\/academiaedelmann.com\/wp-content\/uploads\/2025\/11\/academia-idiomas-en-lapalma-5-300x200.jpg 300w, https:\/\/academiaedelmann.com\/wp-content\/uploads\/2025\/11\/academia-idiomas-en-lapalma-5-1024x682.jpg 1024w, https:\/\/academiaedelmann.com\/wp-content\/uploads\/2025\/11\/academia-idiomas-en-lapalma-5-768x512.jpg 768w, https:\/\/academiaedelmann.com\/wp-content\/uploads\/2025\/11\/academia-idiomas-en-lapalma-5-1536x1023.jpg 1536w, https:\/\/academiaedelmann.com\/wp-content\/uploads\/2025\/11\/academia-idiomas-en-lapalma-5-750x500.jpg 750w\" sizes=\"(max-width: 1600px) 100vw, 1600px\" \/>\t\t\t\t\t\t\t\t\t\t\t\t\t\t\t<\/div>\n\t\t\t\t<\/div>\n\t\t\t\t\t<\/div>\n\t\t<\/div>\n\t\t\t\t\t<\/div>\n\t\t<\/section>\n\t\t\t\t<\/div>\n\t\t","protected":false},"excerpt":{"rendered":"<p>Offizielle Pr\u00fcfungen Mehr \u00fcber meine Ausbildung am Goethe-Institut Das Goethe-Institut ist die weltweit f\u00fchrende Institution f\u00fcr Deutschunterricht und die Verbreitung der deutschen Kultur. Seit \u00fcber 60 Jahren etabliert, mit einem globalen Netzwerk aus Zentren und Kursen in vielen L\u00e4ndern. Seine Zertifikate, wie das Goethe-Zertifikat, sind international anerkannt und best\u00e4tigen die Sprachkompetenz der Lernenden. Seine Methodologie <\/p>\n","protected":false},"author":1,"featured_media":0,"parent":7328,"menu_order":0,"comment_status":"closed","ping_status":"closed","template":"elementor_header_footer","meta":{"_acf_changed":false,"footnotes":""},"class_list":["post-7338","page","type-page","status-publish","hentry"],"acf":[],"_links":{"self":[{"href":"https:\/\/academiaedelmann.com\/de\/wp-json\/wp\/v2\/pages\/7338","targetHints":{"allow":["GET"]}}],"collection":[{"href":"https:\/\/academiaedelmann.com\/de\/wp-json\/wp\/v2\/pages"}],"about":[{"href":"https:\/\/academiaedelmann.com\/de\/wp-json\/wp\/v2\/types\/page"}],"author":[{"embeddable":true,"href":"https:\/\/academiaedelmann.com\/de\/wp-json\/wp\/v2\/users\/1"}],"replies":[{"embeddable":true,"href":"https:\/\/academiaedelmann.com\/de\/wp-json\/wp\/v2\/comments?post=7338"}],"version-history":[{"count":5,"href":"https:\/\/academiaedelmann.com\/de\/wp-json\/wp\/v2\/pages\/7338\/revisions"}],"predecessor-version":[{"id":7490,"href":"https:\/\/academiaedelmann.com\/de\/wp-json\/wp\/v2\/pages\/7338\/revisions\/7490"}],"up":[{"embeddable":true,"href":"https:\/\/academiaedelmann.com\/de\/wp-json\/wp\/v2\/pages\/7328"}],"wp:attachment":[{"href":"https:\/\/academiaedelmann.com\/de\/wp-json\/wp\/v2\/media?parent=7338"}],"curies":[{"name":"wp","href":"https:\/\/api.w.org\/{rel}","templated":true}]}}