{"id":7336,"date":"2025-10-27T16:01:43","date_gmt":"2025-10-27T15:01:43","guid":{"rendered":"https:\/\/academiaedelmann.com\/clases\/ingles\/"},"modified":"2025-12-09T12:18:40","modified_gmt":"2025-12-09T11:18:40","slug":"englisch","status":"publish","type":"page","link":"https:\/\/academiaedelmann.com\/de\/sprachen\/englisch\/","title":{"rendered":"Englisch"},"content":{"rendered":"\t\t<div data-elementor-type=\"wp-page\" data-elementor-id=\"7336\" class=\"elementor elementor-7336 elementor-6646\">\n\t\t\t\t\t\t<section class=\"elementor-section elementor-top-section elementor-element elementor-element-6d5e176 elementor-section-boxed elementor-section-height-default elementor-section-height-default\" data-id=\"6d5e176\" data-element_type=\"section\" data-e-type=\"section\">\n\t\t\t\t\t\t<div class=\"elementor-container elementor-column-gap-default\">\n\t\t\t\t\t<div class=\"elementor-column elementor-col-100 elementor-top-column elementor-element elementor-element-138bc7c\" data-id=\"138bc7c\" data-element_type=\"column\" data-e-type=\"column\">\n\t\t\t<div class=\"elementor-widget-wrap elementor-element-populated\">\n\t\t\t\t\t\t<div class=\"elementor-element elementor-element-222e0ab elementor-widget elementor-widget-text-editor\" data-id=\"222e0ab\" data-element_type=\"widget\" data-e-type=\"widget\" data-widget_type=\"text-editor.default\">\n\t\t\t\t<div class=\"elementor-widget-container\">\n\t\t\t\t\t\t\t\t\t<h1><strong>Englisch<\/strong><\/h1>\t\t\t\t\t\t\t\t<\/div>\n\t\t\t\t<\/div>\n\t\t\t\t\t<\/div>\n\t\t<\/div>\n\t\t\t\t\t<\/div>\n\t\t<\/section>\n\t\t\t\t<section class=\"elementor-section elementor-top-section elementor-element elementor-element-83a6da4 elementor-section-boxed elementor-section-height-default elementor-section-height-default\" data-id=\"83a6da4\" data-element_type=\"section\" data-e-type=\"section\">\n\t\t\t\t\t\t<div class=\"elementor-container elementor-column-gap-default\">\n\t\t\t\t\t<div class=\"elementor-column elementor-col-100 elementor-top-column elementor-element elementor-element-11f3ce53\" data-id=\"11f3ce53\" data-element_type=\"column\" data-e-type=\"column\">\n\t\t\t<div class=\"elementor-widget-wrap elementor-element-populated\">\n\t\t\t\t\t\t<div class=\"elementor-element elementor-element-3367605 elementor-widget elementor-widget-text-editor\" data-id=\"3367605\" data-element_type=\"widget\" data-e-type=\"widget\" data-widget_type=\"text-editor.default\">\n\t\t\t\t<div class=\"elementor-widget-container\">\n\t\t\t\t\t\t\t\t\t<p>Mit einem Cambridge-C1-Zertifikat, das ich bereits mit 18 Jahren erwarb, biete ich Englischunterricht f\u00fcr verschiedene Altersgruppen und Niveaus an \u2013 effektiv, praxisnah und motivierend.<\/p>\n<p>F\u00fcr Kinder und Jugendliche biete ich schulische Unterst\u00fctzung und Nachhilfe, um ihre Leistungen zu verbessern und ihr Selbstvertrauen in der englischen Sprache zu st\u00e4rken.<\/p>\n<p>Wir arbeiten sowohl m\u00fcndliche als auch schriftliche F\u00e4higkeiten heraus, damit sie sich sicher in der Schule und im Alltag ausdr\u00fccken k\u00f6nnen. F\u00fcr Lernende, die Englisch \u00fcber die schulischen Anforderungen hinaus vertiefen m\u00f6chten, biete ich dynamischen und personalisierten Unterricht an.<\/p>\n<p>F\u00fcr Erwachsene unterrichte ich die Niveaus A1, A2 und B1 und konzentriere mich auf n\u00fctzliche, alltagsnahe Kommunikation f\u00fcr Arbeit, Reisen und t\u00e4gliche Situationen. Ziel ist es, fl\u00fcssiger zu sprechen, englische Texte und Gespr\u00e4che zu verstehen und Wortschatz sowie Ausdrucksf\u00e4higkeit zu erweitern.<\/p>\n<h2><strong>Die Bedeutung von Englisch auf den Kanaren<\/strong><\/h2>\n<ul>\n<li><strong>Internationaler Tourismus:<\/strong> Die Kanarischen Inseln empfangen jedes Jahr Millionen von Touristen, viele davon aus englischsprachigen L\u00e4ndern oder mit Englisch als gemeinsame Sprache. 2023 waren es \u00fcber 15 Millionen Besucher \u2013 ein gro\u00dfer Teil davon kommuniziert auf Englisch.<\/li>\n<li><strong>Arbeitsmarkt:<\/strong> Neben dem Tourismus verlangen viele lokale Unternehmen und internationale Firmen Englischkenntnisse f\u00fcr Stellen in Kundenservice, Verwaltung, Handel und Bildung.<\/li>\n<li><strong>Bildung und Mobilit\u00e4t:<\/strong> Englisch \u00f6ffnet T\u00fcren zu h\u00f6heren Studien, internationalen Programmen und Reisen ins Ausland.<\/li>\n<\/ul>\n<h3><br \/><strong>Mein Engagement f\u00fcr dich<\/strong><\/h3>\n<p>Mein Unterricht ist dynamisch, praxisnah und an deine pers\u00f6nlichen oder beruflichen Ziele angepasst. Ob f\u00fcr Schule, Arbeit oder Interesse \u2013 ich begleite dich flexibel und nah, damit du in deinem Tempo vorankommst.<\/p>\t\t\t\t\t\t\t\t<\/div>\n\t\t\t\t<\/div>\n\t\t\t\t\t<\/div>\n\t\t<\/div>\n\t\t\t\t\t<\/div>\n\t\t<\/section>\n\t\t\t\t<section class=\"elementor-section elementor-top-section elementor-element elementor-element-ae4e78b elementor-section-boxed elementor-section-height-default elementor-section-height-default\" data-id=\"ae4e78b\" data-element_type=\"section\" data-e-type=\"section\">\n\t\t\t\t\t\t<div class=\"elementor-container elementor-column-gap-default\">\n\t\t\t\t\t<div class=\"elementor-column elementor-col-100 elementor-top-column elementor-element elementor-element-ac4ade2\" data-id=\"ac4ade2\" data-element_type=\"column\" data-e-type=\"column\">\n\t\t\t<div class=\"elementor-widget-wrap elementor-element-populated\">\n\t\t\t\t\t\t<section class=\"elementor-section elementor-inner-section elementor-element elementor-element-4c55e89 elementor-section-boxed elementor-section-height-default elementor-section-height-default\" data-id=\"4c55e89\" data-element_type=\"section\" data-e-type=\"section\">\n\t\t\t\t\t\t<div class=\"elementor-container elementor-column-gap-default\">\n\t\t\t\t\t<div class=\"elementor-column elementor-col-50 elementor-inner-column elementor-element elementor-element-5628af6\" data-id=\"5628af6\" data-element_type=\"column\" data-e-type=\"column\">\n\t\t\t<div class=\"elementor-widget-wrap elementor-element-populated\">\n\t\t\t\t\t\t<div class=\"elementor-element elementor-element-8e46cf2 elementor-align-center elementor-widget elementor-widget-button\" data-id=\"8e46cf2\" data-element_type=\"widget\" data-e-type=\"widget\" data-widget_type=\"button.default\">\n\t\t\t\t<div class=\"elementor-widget-container\">\n\t\t\t\t\t\t\t\t\t<div class=\"elementor-button-wrapper\">\n\t\t\t\t\t<a class=\"elementor-button elementor-button-link elementor-size-sm\" href=\"https:\/\/academiaedelmann.com\/de\/meine-methodik\/\">\n\t\t\t\t\t\t<span class=\"elementor-button-content-wrapper\">\n\t\t\t\t\t\t\t\t\t<span class=\"elementor-button-text\">Meine methodik<\/span>\n\t\t\t\t\t<\/span>\n\t\t\t\t\t<\/a>\n\t\t\t\t<\/div>\n\t\t\t\t\t\t\t\t<\/div>\n\t\t\t\t<\/div>\n\t\t\t\t\t<\/div>\n\t\t<\/div>\n\t\t\t\t<div class=\"elementor-column elementor-col-50 elementor-inner-column elementor-element elementor-element-0bbe2da\" data-id=\"0bbe2da\" data-element_type=\"column\" data-e-type=\"column\">\n\t\t\t<div class=\"elementor-widget-wrap elementor-element-populated\">\n\t\t\t\t\t\t<div class=\"elementor-element elementor-element-48749d9 elementor-align-center elementor-widget elementor-widget-button\" data-id=\"48749d9\" data-element_type=\"widget\" data-e-type=\"widget\" data-widget_type=\"button.default\">\n\t\t\t\t<div class=\"elementor-widget-container\">\n\t\t\t\t\t\t\t\t\t<div class=\"elementor-button-wrapper\">\n\t\t\t\t\t<a class=\"elementor-button elementor-button-link elementor-size-sm\" href=\"https:\/\/academiaedelmann.com\/de\/kontakt\/\">\n\t\t\t\t\t\t<span class=\"elementor-button-content-wrapper\">\n\t\t\t\t\t\t\t\t\t<span class=\"elementor-button-text\">Kontakt<\/span>\n\t\t\t\t\t<\/span>\n\t\t\t\t\t<\/a>\n\t\t\t\t<\/div>\n\t\t\t\t\t\t\t\t<\/div>\n\t\t\t\t<\/div>\n\t\t\t\t\t<\/div>\n\t\t<\/div>\n\t\t\t\t\t<\/div>\n\t\t<\/section>\n\t\t\t\t\t<\/div>\n\t\t<\/div>\n\t\t\t\t\t<\/div>\n\t\t<\/section>\n\t\t\t\t<section class=\"elementor-section elementor-top-section elementor-element elementor-element-072c735 elementor-section-boxed elementor-section-height-default elementor-section-height-default\" data-id=\"072c735\" data-element_type=\"section\" data-e-type=\"section\">\n\t\t\t\t\t\t<div class=\"elementor-container elementor-column-gap-default\">\n\t\t\t\t\t<div class=\"elementor-column elementor-col-100 elementor-top-column elementor-element elementor-element-dd6698e\" data-id=\"dd6698e\" data-element_type=\"column\" data-e-type=\"column\">\n\t\t\t<div class=\"elementor-widget-wrap elementor-element-populated\">\n\t\t\t\t\t\t<div class=\"elementor-element elementor-element-28a1166 elementor-widget elementor-widget-image\" data-id=\"28a1166\" data-element_type=\"widget\" data-e-type=\"widget\" data-widget_type=\"image.default\">\n\t\t\t\t<div class=\"elementor-widget-container\">\n\t\t\t\t\t\t\t\t\t\t\t\t\t\t\t<img fetchpriority=\"high\" decoding=\"async\" width=\"1536\" height=\"1024\" src=\"https:\/\/academiaedelmann.com\/wp-content\/uploads\/2025\/11\/academia-idiomas-en-lapalma-7.jpg\" class=\"attachment-full size-full wp-image-7277\" alt=\"Academia de idiomas en La Palma: Alem\u00e1n, Espa\u00f1ol e Ingl\u00e9s\" srcset=\"https:\/\/academiaedelmann.com\/wp-content\/uploads\/2025\/11\/academia-idiomas-en-lapalma-7.jpg 1536w, https:\/\/academiaedelmann.com\/wp-content\/uploads\/2025\/11\/academia-idiomas-en-lapalma-7-300x200.jpg 300w, https:\/\/academiaedelmann.com\/wp-content\/uploads\/2025\/11\/academia-idiomas-en-lapalma-7-1024x683.jpg 1024w, https:\/\/academiaedelmann.com\/wp-content\/uploads\/2025\/11\/academia-idiomas-en-lapalma-7-768x512.jpg 768w, https:\/\/academiaedelmann.com\/wp-content\/uploads\/2025\/11\/academia-idiomas-en-lapalma-7-750x500.jpg 750w\" sizes=\"(max-width: 1536px) 100vw, 1536px\" \/>\t\t\t\t\t\t\t\t\t\t\t\t\t\t\t<\/div>\n\t\t\t\t<\/div>\n\t\t\t\t\t<\/div>\n\t\t<\/div>\n\t\t\t\t\t<\/div>\n\t\t<\/section>\n\t\t\t\t<\/div>\n\t\t","protected":false},"excerpt":{"rendered":"<p>Englisch Mit einem Cambridge-C1-Zertifikat, das ich bereits mit 18 Jahren erwarb, biete ich Englischunterricht f\u00fcr verschiedene Altersgruppen und Niveaus an \u2013 effektiv, praxisnah und motivierend. F\u00fcr Kinder und Jugendliche biete ich schulische Unterst\u00fctzung und Nachhilfe, um ihre Leistungen zu verbessern und ihr Selbstvertrauen in der englischen Sprache zu st\u00e4rken. Wir arbeiten sowohl m\u00fcndliche als auch <\/p>\n","protected":false},"author":1,"featured_media":0,"parent":7328,"menu_order":0,"comment_status":"closed","ping_status":"closed","template":"elementor_header_footer","meta":{"_acf_changed":false,"footnotes":""},"class_list":["post-7336","page","type-page","status-publish","hentry"],"acf":[],"_links":{"self":[{"href":"https:\/\/academiaedelmann.com\/de\/wp-json\/wp\/v2\/pages\/7336","targetHints":{"allow":["GET"]}}],"collection":[{"href":"https:\/\/academiaedelmann.com\/de\/wp-json\/wp\/v2\/pages"}],"about":[{"href":"https:\/\/academiaedelmann.com\/de\/wp-json\/wp\/v2\/types\/page"}],"author":[{"embeddable":true,"href":"https:\/\/academiaedelmann.com\/de\/wp-json\/wp\/v2\/users\/1"}],"replies":[{"embeddable":true,"href":"https:\/\/academiaedelmann.com\/de\/wp-json\/wp\/v2\/comments?post=7336"}],"version-history":[{"count":8,"href":"https:\/\/academiaedelmann.com\/de\/wp-json\/wp\/v2\/pages\/7336\/revisions"}],"predecessor-version":[{"id":7493,"href":"https:\/\/academiaedelmann.com\/de\/wp-json\/wp\/v2\/pages\/7336\/revisions\/7493"}],"up":[{"embeddable":true,"href":"https:\/\/academiaedelmann.com\/de\/wp-json\/wp\/v2\/pages\/7328"}],"wp:attachment":[{"href":"https:\/\/academiaedelmann.com\/de\/wp-json\/wp\/v2\/media?parent=7336"}],"curies":[{"name":"wp","href":"https:\/\/api.w.org\/{rel}","templated":true}]}}