{"id":7334,"date":"2025-10-27T15:59:52","date_gmt":"2025-10-27T14:59:52","guid":{"rendered":"https:\/\/academiaedelmann.com\/clases\/espanol\/"},"modified":"2025-12-09T12:19:38","modified_gmt":"2025-12-09T11:19:38","slug":"spanisch","status":"publish","type":"page","link":"https:\/\/academiaedelmann.com\/de\/sprachen\/spanisch\/","title":{"rendered":"Spanisch"},"content":{"rendered":"\t\t<div data-elementor-type=\"wp-page\" data-elementor-id=\"7334\" class=\"elementor elementor-7334 elementor-6647\">\n\t\t\t\t\t\t<section class=\"elementor-section elementor-top-section elementor-element elementor-element-c92cb1d elementor-section-boxed elementor-section-height-default elementor-section-height-default\" data-id=\"c92cb1d\" data-element_type=\"section\" data-e-type=\"section\">\n\t\t\t\t\t\t<div class=\"elementor-container elementor-column-gap-default\">\n\t\t\t\t\t<div class=\"elementor-column elementor-col-100 elementor-top-column elementor-element elementor-element-7e54b69\" data-id=\"7e54b69\" data-element_type=\"column\" data-e-type=\"column\">\n\t\t\t<div class=\"elementor-widget-wrap elementor-element-populated\">\n\t\t\t\t\t\t<div class=\"elementor-element elementor-element-f727068 elementor-widget elementor-widget-text-editor\" data-id=\"f727068\" data-element_type=\"widget\" data-e-type=\"widget\" data-widget_type=\"text-editor.default\">\n\t\t\t\t<div class=\"elementor-widget-container\">\n\t\t\t\t\t\t\t\t\t<h1 class=\"wp-block-heading\"><strong>Spanisch<\/strong><\/h1>\t\t\t\t\t\t\t\t<\/div>\n\t\t\t\t<\/div>\n\t\t\t\t\t<\/div>\n\t\t<\/div>\n\t\t\t\t\t<\/div>\n\t\t<\/section>\n\t\t\t\t<section class=\"elementor-section elementor-top-section elementor-element elementor-element-fc6ebfa elementor-section-boxed elementor-section-height-default elementor-section-height-default\" data-id=\"fc6ebfa\" data-element_type=\"section\" data-e-type=\"section\">\n\t\t\t\t\t\t<div class=\"elementor-container elementor-column-gap-default\">\n\t\t\t\t\t<div class=\"elementor-column elementor-col-100 elementor-top-column elementor-element elementor-element-2f437b2\" data-id=\"2f437b2\" data-element_type=\"column\" data-e-type=\"column\">\n\t\t\t<div class=\"elementor-widget-wrap elementor-element-populated\">\n\t\t\t\t\t\t<div class=\"elementor-element elementor-element-3079bb3 elementor-widget elementor-widget-text-editor\" data-id=\"3079bb3\" data-element_type=\"widget\" data-e-type=\"widget\" data-widget_type=\"text-editor.default\">\n\t\t\t\t<div class=\"elementor-widget-container\">\n\t\t\t\t\t\t\t\t\t<p>Ich bin auf La Palma aufgewachsen und habe dort studiert. Ich bin auf der Insel tief verwurzelt, weshalb ich nicht nur Spanisch f\u00fcr Ausl\u00e4nder unterrichte, sondern auch authentische Einblicke in Br\u00e4uche, Traditionen und Besonderheiten der kanarischen Kultur gebe. Mein lokales Wissen hilft dir, nicht nur zu kommunizieren, sondern dich wirklich zu integrieren und wohlzuf\u00fchlen.<\/p>\n<h2><strong>Warum Spanisch wichtig ist, wenn du auf La Palma lebst<\/strong><\/h2>\n<ul>\n<li><strong>Soziale und kulturelle Integration:<\/strong> Spanisch erm\u00f6glicht dir, Kontakte zu kn\u00fcpfen, Freundschaften zu schlie\u00dfen, an Veranstaltungen teilzunehmen und die Geschichte und Traditionen der Insel zu verstehen.<\/li>\n<li><strong>Zugang zum Arbeitsmarkt:<\/strong> Viele Berufe erfordern gute Spanischkenntnisse \u2013 besonders in Gastgewerbe, Verwaltung, Dienstleistungen und Handel.<\/li>\n<li><strong>Beh\u00f6rdeng\u00e4nge:<\/strong> Von Arztbesuchen bis hin zu amtlichen Dokumenten \u2013 Spanisch ist unerl\u00e4sslich, um alle Formalit\u00e4ten zu meistern.<\/li>\n<li><strong>Alltag:<\/strong> Einkaufen, mit Nachbarn sprechen oder am sozialen Leben teilnehmen \u2013 Spanisch erleichtert den t\u00e4glichen Ablauf enorm.<\/li>\n<\/ul>\n<h3><strong>Mein Angebot<\/strong><\/h3>\n<p>Ich unterrichte alle Spanischniveaus und biete zudem pers\u00f6nliche Unterst\u00fctzung bei \u00dcbersetzungen und b\u00fcrokratischen Angelegenheiten.<br \/>Als deutsch-spanische Muttersprachlerin kann ich Besonderheiten, Ausdr\u00fccke und kulturelle Aspekte aus Perspektive deutscher Lernender besonders gut erkl\u00e4ren \u2013 f\u00fcr ein nat\u00fcrliches, kontextualisiertes Lernen.<\/p>\n<h3><br \/><strong>Meine lokale Erfahrung<\/strong><\/h3>\n<p>Da ich meine gesamte Kindheit und Jugend auf La Palma verbracht habe, kenne ich die Insel sehr gut.<\/p>\n<h4><strong>Das erm\u00f6glicht mir:<\/strong><\/h4>\n<ul>\n<li>Dich mit echtem Wissen \u00fcber die Insel und ihre Menschen zu begleiten.<\/li>\n<li>Den Unterricht mit lokalen Inhalten zu verbinden.<\/li>\n<li>Praktische Tipps und pers\u00f6nliche Erfahrungen einzubringen, die das Lernen bereichern.<\/li>\n<\/ul>\n<p>Spanisch zu sprechen, \u00f6ffnet viele T\u00fcren auf La Palma \u2013 und ich begleite dich auf jedem Schritt, damit du es sicher und mit Freude beherrschst.<\/p>\t\t\t\t\t\t\t\t<\/div>\n\t\t\t\t<\/div>\n\t\t\t\t\t<\/div>\n\t\t<\/div>\n\t\t\t\t\t<\/div>\n\t\t<\/section>\n\t\t\t\t<section class=\"elementor-section elementor-top-section elementor-element elementor-element-00622b7 elementor-section-boxed elementor-section-height-default elementor-section-height-default\" data-id=\"00622b7\" data-element_type=\"section\" data-e-type=\"section\">\n\t\t\t\t\t\t<div class=\"elementor-container elementor-column-gap-default\">\n\t\t\t\t\t<div class=\"elementor-column elementor-col-100 elementor-top-column elementor-element elementor-element-8ef22eb\" data-id=\"8ef22eb\" data-element_type=\"column\" data-e-type=\"column\">\n\t\t\t<div class=\"elementor-widget-wrap elementor-element-populated\">\n\t\t\t\t\t\t<section class=\"elementor-section elementor-inner-section elementor-element elementor-element-6320a1d elementor-section-boxed elementor-section-height-default elementor-section-height-default\" data-id=\"6320a1d\" data-element_type=\"section\" data-e-type=\"section\">\n\t\t\t\t\t\t<div class=\"elementor-container elementor-column-gap-default\">\n\t\t\t\t\t<div class=\"elementor-column elementor-col-50 elementor-inner-column elementor-element elementor-element-48a98d4\" data-id=\"48a98d4\" data-element_type=\"column\" data-e-type=\"column\">\n\t\t\t<div class=\"elementor-widget-wrap elementor-element-populated\">\n\t\t\t\t\t\t<div class=\"elementor-element elementor-element-6e350e8 elementor-align-center elementor-widget elementor-widget-button\" data-id=\"6e350e8\" data-element_type=\"widget\" data-e-type=\"widget\" data-widget_type=\"button.default\">\n\t\t\t\t<div class=\"elementor-widget-container\">\n\t\t\t\t\t\t\t\t\t<div class=\"elementor-button-wrapper\">\n\t\t\t\t\t<a class=\"elementor-button elementor-button-link elementor-size-sm\" href=\"https:\/\/academiaedelmann.com\/de\/meine-methodik\/\">\n\t\t\t\t\t\t<span class=\"elementor-button-content-wrapper\">\n\t\t\t\t\t\t\t\t\t<span class=\"elementor-button-text\">Meine methodik<\/span>\n\t\t\t\t\t<\/span>\n\t\t\t\t\t<\/a>\n\t\t\t\t<\/div>\n\t\t\t\t\t\t\t\t<\/div>\n\t\t\t\t<\/div>\n\t\t\t\t\t<\/div>\n\t\t<\/div>\n\t\t\t\t<div class=\"elementor-column elementor-col-50 elementor-inner-column elementor-element elementor-element-83a8d74\" data-id=\"83a8d74\" data-element_type=\"column\" data-e-type=\"column\">\n\t\t\t<div class=\"elementor-widget-wrap elementor-element-populated\">\n\t\t\t\t\t\t<div class=\"elementor-element elementor-element-e2388e1 elementor-align-center elementor-widget elementor-widget-button\" data-id=\"e2388e1\" data-element_type=\"widget\" data-e-type=\"widget\" data-widget_type=\"button.default\">\n\t\t\t\t<div class=\"elementor-widget-container\">\n\t\t\t\t\t\t\t\t\t<div class=\"elementor-button-wrapper\">\n\t\t\t\t\t<a class=\"elementor-button elementor-button-link elementor-size-sm\" href=\"https:\/\/academiaedelmann.com\/de\/kontakt\/\">\n\t\t\t\t\t\t<span class=\"elementor-button-content-wrapper\">\n\t\t\t\t\t\t\t\t\t<span class=\"elementor-button-text\">Kontakt<\/span>\n\t\t\t\t\t<\/span>\n\t\t\t\t\t<\/a>\n\t\t\t\t<\/div>\n\t\t\t\t\t\t\t\t<\/div>\n\t\t\t\t<\/div>\n\t\t\t\t\t<\/div>\n\t\t<\/div>\n\t\t\t\t\t<\/div>\n\t\t<\/section>\n\t\t\t\t\t<\/div>\n\t\t<\/div>\n\t\t\t\t\t<\/div>\n\t\t<\/section>\n\t\t\t\t<section class=\"elementor-section elementor-top-section elementor-element elementor-element-c7a1988 elementor-section-boxed elementor-section-height-default elementor-section-height-default\" data-id=\"c7a1988\" data-element_type=\"section\" data-e-type=\"section\">\n\t\t\t\t\t\t<div class=\"elementor-container elementor-column-gap-default\">\n\t\t\t\t\t<div class=\"elementor-column elementor-col-100 elementor-top-column elementor-element elementor-element-eab21dd\" data-id=\"eab21dd\" data-element_type=\"column\" data-e-type=\"column\">\n\t\t\t<div class=\"elementor-widget-wrap elementor-element-populated\">\n\t\t\t\t\t\t<div class=\"elementor-element elementor-element-f158dbf elementor-widget elementor-widget-image\" data-id=\"f158dbf\" data-element_type=\"widget\" data-e-type=\"widget\" data-widget_type=\"image.default\">\n\t\t\t\t<div class=\"elementor-widget-container\">\n\t\t\t\t\t\t\t\t\t\t\t\t\t\t\t<img decoding=\"async\" src=\"https:\/\/academiaedelmann.com\/wp-content\/uploads\/2025\/11\/academia-idiomas-en-lapalma-2.jpg\" title=\"\" alt=\"Academia de idiomas en La Palma: Alem\u00e1n, Espa\u00f1ol e Ingl\u00e9s\" loading=\"lazy\" \/>\t\t\t\t\t\t\t\t\t\t\t\t\t\t\t<\/div>\n\t\t\t\t<\/div>\n\t\t\t\t\t<\/div>\n\t\t<\/div>\n\t\t\t\t\t<\/div>\n\t\t<\/section>\n\t\t\t\t<\/div>\n\t\t","protected":false},"excerpt":{"rendered":"<p>Spanisch Ich bin auf La Palma aufgewachsen und habe dort studiert. Ich bin auf der Insel tief verwurzelt, weshalb ich nicht nur Spanisch f\u00fcr Ausl\u00e4nder unterrichte, sondern auch authentische Einblicke in Br\u00e4uche, Traditionen und Besonderheiten der kanarischen Kultur gebe. Mein lokales Wissen hilft dir, nicht nur zu kommunizieren, sondern dich wirklich zu integrieren und wohlzuf\u00fchlen. <\/p>\n","protected":false},"author":1,"featured_media":0,"parent":7328,"menu_order":0,"comment_status":"closed","ping_status":"closed","template":"elementor_header_footer","meta":{"_acf_changed":false,"footnotes":""},"class_list":["post-7334","page","type-page","status-publish","hentry"],"acf":[],"_links":{"self":[{"href":"https:\/\/academiaedelmann.com\/de\/wp-json\/wp\/v2\/pages\/7334","targetHints":{"allow":["GET"]}}],"collection":[{"href":"https:\/\/academiaedelmann.com\/de\/wp-json\/wp\/v2\/pages"}],"about":[{"href":"https:\/\/academiaedelmann.com\/de\/wp-json\/wp\/v2\/types\/page"}],"author":[{"embeddable":true,"href":"https:\/\/academiaedelmann.com\/de\/wp-json\/wp\/v2\/users\/1"}],"replies":[{"embeddable":true,"href":"https:\/\/academiaedelmann.com\/de\/wp-json\/wp\/v2\/comments?post=7334"}],"version-history":[{"count":8,"href":"https:\/\/academiaedelmann.com\/de\/wp-json\/wp\/v2\/pages\/7334\/revisions"}],"predecessor-version":[{"id":7486,"href":"https:\/\/academiaedelmann.com\/de\/wp-json\/wp\/v2\/pages\/7334\/revisions\/7486"}],"up":[{"embeddable":true,"href":"https:\/\/academiaedelmann.com\/de\/wp-json\/wp\/v2\/pages\/7328"}],"wp:attachment":[{"href":"https:\/\/academiaedelmann.com\/de\/wp-json\/wp\/v2\/media?parent=7334"}],"curies":[{"name":"wp","href":"https:\/\/api.w.org\/{rel}","templated":true}]}}