{"id":7332,"date":"2025-10-27T16:00:24","date_gmt":"2025-10-27T15:00:24","guid":{"rendered":"https:\/\/academiaedelmann.com\/clases\/aleman\/"},"modified":"2025-12-09T12:18:09","modified_gmt":"2025-12-09T11:18:09","slug":"deutsch","status":"publish","type":"page","link":"https:\/\/academiaedelmann.com\/de\/sprachen\/deutsch\/","title":{"rendered":"Deutsch"},"content":{"rendered":"\t\t<div data-elementor-type=\"wp-page\" data-elementor-id=\"7332\" class=\"elementor elementor-7332 elementor-6655\">\n\t\t\t\t\t\t<section class=\"elementor-section elementor-top-section elementor-element elementor-element-e56076b elementor-section-boxed elementor-section-height-default elementor-section-height-default\" data-id=\"e56076b\" data-element_type=\"section\" data-e-type=\"section\">\n\t\t\t\t\t\t<div class=\"elementor-container elementor-column-gap-default\">\n\t\t\t\t\t<div class=\"elementor-column elementor-col-100 elementor-top-column elementor-element elementor-element-c98c6c3\" data-id=\"c98c6c3\" data-element_type=\"column\" data-e-type=\"column\">\n\t\t\t<div class=\"elementor-widget-wrap elementor-element-populated\">\n\t\t\t\t\t\t<div class=\"elementor-element elementor-element-f3a6d3b elementor-widget elementor-widget-text-editor\" data-id=\"f3a6d3b\" data-element_type=\"widget\" data-e-type=\"widget\" data-widget_type=\"text-editor.default\">\n\t\t\t\t<div class=\"elementor-widget-container\">\n\t\t\t\t\t\t\t\t\t<h1 class=\"wp-block-heading\"><strong>Deutsch<\/strong><\/h1>\t\t\t\t\t\t\t\t<\/div>\n\t\t\t\t<\/div>\n\t\t\t\t\t<\/div>\n\t\t<\/div>\n\t\t\t\t\t<\/div>\n\t\t<\/section>\n\t\t\t\t<section class=\"elementor-section elementor-top-section elementor-element elementor-element-177c692a elementor-section-boxed elementor-section-height-default elementor-section-height-default\" data-id=\"177c692a\" data-element_type=\"section\" data-e-type=\"section\">\n\t\t\t\t\t\t<div class=\"elementor-container elementor-column-gap-default\">\n\t\t\t\t\t<div class=\"elementor-column elementor-col-100 elementor-top-column elementor-element elementor-element-10efe903\" data-id=\"10efe903\" data-element_type=\"column\" data-e-type=\"column\">\n\t\t\t<div class=\"elementor-widget-wrap elementor-element-populated\">\n\t\t\t\t\t\t<div class=\"elementor-element elementor-element-cd4c224 elementor-widget elementor-widget-text-editor\" data-id=\"cd4c224\" data-element_type=\"widget\" data-e-type=\"widget\" data-widget_type=\"text-editor.default\">\n\t\t\t\t<div class=\"elementor-widget-container\">\n\t\t\t\t\t\t\t\t\t<p>Als deutsche Muttersprachlerin beherrsche ich das Hochdeutsch \u2013 das standardisierte Deutsch, das im Unterricht, in den Medien und in den meisten formellen Kontexten in Deutschland, \u00d6sterreich und der Schweiz verwendet wird. Obwohl es viele regionale Dialekte gibt, ist Hochdeutsch das \u201eneutrale\u201c Deutsch, das man in Schulen lernt und \u00fcberall versteht.<\/p>\n<p>Ich wurde in W\u00fcrzburg geboren, studierte Betriebswirtschaft in Deutschland und arbeitete dort mehrere Jahre. Dadurch kann ich authentischen, praxisnahen Unterricht anbieten, der sowohl akademischen als auch beruflichen Anforderungen entspricht.<\/p>\n<p>Wenn dein Ziel ist, in Deutschland zu studieren oder zu arbeiten, bereite ich dich sicher und effektiv darauf vor \u2013 vom Grundniveau bis zu fortgeschrittenen Stufen. Ebenso unterst\u00fctze ich Personen, die in Spanien arbeiten m\u00f6chten, insbesondere im Tourismussektor, wo Deutsch sehr gefragt ist.<\/p>\n<p>Ich unterrichte Deutsch auch an deutsche Kinder, die zwar auf La Palma leben und aufwachsen, aber trotzdem ein gutes Deutsch in Wort und Schrift lernen m\u00f6chten.<\/p>\n<h2><strong>Die besondere Bedeutung von Deutsch auf La Palma<\/strong><\/h2>\n<ul>\n<li><strong>Deutsche Residenz:<\/strong> Auf der Insel lebt eine bedeutende deutsche Gemeinschaft, die aktiv zum lokalen Leben beitr\u00e4gt.<\/li>\n<li><strong>Deutscher Tourismus:<\/strong> 2024 besuchten 11,9 Millionen deutsche Touristen die Kanarischen Inseln \u2013 ein Anstieg von 8,6 % gegen\u00fcber dem Vorjahr.<\/li>\n<li><strong>Arbeitsm\u00f6glichkeiten:<\/strong> Viele Jobs auf La Palma, besonders im<\/li>\n<\/ul>\n<p>Tourismussektor, erfordern gute Deutschkenntnisse, um Besucher angemessen betreuen zu k\u00f6nnen.<\/p>\n<p>Darum biete ich Unterricht auf allen Niveaus an, mit einem Ansatz, der auf deine Ziele und auf den lokalen Kontext abgestimmt ist \u2013 damit du deine Chancen auf der Insel und dar\u00fcber hinaus optimal nutzen kannst.<\/p>\t\t\t\t\t\t\t\t<\/div>\n\t\t\t\t<\/div>\n\t\t\t\t\t<\/div>\n\t\t<\/div>\n\t\t\t\t\t<\/div>\n\t\t<\/section>\n\t\t\t\t<section class=\"elementor-section elementor-top-section elementor-element elementor-element-e5a8574 elementor-section-boxed elementor-section-height-default elementor-section-height-default\" data-id=\"e5a8574\" data-element_type=\"section\" data-e-type=\"section\">\n\t\t\t\t\t\t<div class=\"elementor-container elementor-column-gap-default\">\n\t\t\t\t\t<div class=\"elementor-column elementor-col-100 elementor-top-column elementor-element elementor-element-22cdc58\" data-id=\"22cdc58\" data-element_type=\"column\" data-e-type=\"column\">\n\t\t\t<div class=\"elementor-widget-wrap elementor-element-populated\">\n\t\t\t\t\t\t<section class=\"elementor-section elementor-inner-section elementor-element elementor-element-6100ad4 elementor-section-boxed elementor-section-height-default elementor-section-height-default\" data-id=\"6100ad4\" data-element_type=\"section\" data-e-type=\"section\">\n\t\t\t\t\t\t<div class=\"elementor-container elementor-column-gap-default\">\n\t\t\t\t\t<div class=\"elementor-column elementor-col-50 elementor-inner-column elementor-element elementor-element-f7a4bb6\" data-id=\"f7a4bb6\" data-element_type=\"column\" data-e-type=\"column\">\n\t\t\t<div class=\"elementor-widget-wrap elementor-element-populated\">\n\t\t\t\t\t\t<div class=\"elementor-element elementor-element-c92236b elementor-align-center elementor-widget elementor-widget-button\" data-id=\"c92236b\" data-element_type=\"widget\" data-e-type=\"widget\" data-widget_type=\"button.default\">\n\t\t\t\t<div class=\"elementor-widget-container\">\n\t\t\t\t\t\t\t\t\t<div class=\"elementor-button-wrapper\">\n\t\t\t\t\t<a class=\"elementor-button elementor-button-link elementor-size-sm\" href=\"https:\/\/academiaedelmann.com\/de\/meine-methodik\/\">\n\t\t\t\t\t\t<span class=\"elementor-button-content-wrapper\">\n\t\t\t\t\t\t\t\t\t<span class=\"elementor-button-text\">Meine methodik<\/span>\n\t\t\t\t\t<\/span>\n\t\t\t\t\t<\/a>\n\t\t\t\t<\/div>\n\t\t\t\t\t\t\t\t<\/div>\n\t\t\t\t<\/div>\n\t\t\t\t\t<\/div>\n\t\t<\/div>\n\t\t\t\t<div class=\"elementor-column elementor-col-50 elementor-inner-column elementor-element elementor-element-31c6cb9\" data-id=\"31c6cb9\" data-element_type=\"column\" data-e-type=\"column\">\n\t\t\t<div class=\"elementor-widget-wrap elementor-element-populated\">\n\t\t\t\t\t\t<div class=\"elementor-element elementor-element-d3c1622 elementor-align-center elementor-widget elementor-widget-button\" data-id=\"d3c1622\" data-element_type=\"widget\" data-e-type=\"widget\" data-widget_type=\"button.default\">\n\t\t\t\t<div class=\"elementor-widget-container\">\n\t\t\t\t\t\t\t\t\t<div class=\"elementor-button-wrapper\">\n\t\t\t\t\t<a class=\"elementor-button elementor-button-link elementor-size-sm\" href=\"https:\/\/academiaedelmann.com\/de\/kontakt\/\">\n\t\t\t\t\t\t<span class=\"elementor-button-content-wrapper\">\n\t\t\t\t\t\t\t\t\t<span class=\"elementor-button-text\">Kontakt<\/span>\n\t\t\t\t\t<\/span>\n\t\t\t\t\t<\/a>\n\t\t\t\t<\/div>\n\t\t\t\t\t\t\t\t<\/div>\n\t\t\t\t<\/div>\n\t\t\t\t\t<\/div>\n\t\t<\/div>\n\t\t\t\t\t<\/div>\n\t\t<\/section>\n\t\t\t\t\t<\/div>\n\t\t<\/div>\n\t\t\t\t\t<\/div>\n\t\t<\/section>\n\t\t\t\t<section class=\"elementor-section elementor-top-section elementor-element elementor-element-1726b5d elementor-section-boxed elementor-section-height-default elementor-section-height-default\" data-id=\"1726b5d\" data-element_type=\"section\" data-e-type=\"section\">\n\t\t\t\t\t\t<div class=\"elementor-container elementor-column-gap-default\">\n\t\t\t\t\t<div class=\"elementor-column elementor-col-100 elementor-top-column elementor-element elementor-element-1b3973b\" data-id=\"1b3973b\" data-element_type=\"column\" data-e-type=\"column\">\n\t\t\t<div class=\"elementor-widget-wrap elementor-element-populated\">\n\t\t\t\t\t\t<div class=\"elementor-element elementor-element-082d8e6 elementor-widget elementor-widget-image\" data-id=\"082d8e6\" data-element_type=\"widget\" data-e-type=\"widget\" data-widget_type=\"image.default\">\n\t\t\t\t<div class=\"elementor-widget-container\">\n\t\t\t\t\t\t\t\t\t\t\t\t\t\t\t<img fetchpriority=\"high\" decoding=\"async\" width=\"1536\" height=\"1024\" src=\"https:\/\/academiaedelmann.com\/wp-content\/uploads\/2025\/11\/academia-idiomas-en-lapalma-8.jpg\" class=\"attachment-full size-full wp-image-7441\" alt=\"Academia de idiomas en La Palma: Alem\u00e1n, Espa\u00f1ol e Ingl\u00e9s\" srcset=\"https:\/\/academiaedelmann.com\/wp-content\/uploads\/2025\/11\/academia-idiomas-en-lapalma-8.jpg 1536w, https:\/\/academiaedelmann.com\/wp-content\/uploads\/2025\/11\/academia-idiomas-en-lapalma-8-300x200.jpg 300w, https:\/\/academiaedelmann.com\/wp-content\/uploads\/2025\/11\/academia-idiomas-en-lapalma-8-1024x683.jpg 1024w, https:\/\/academiaedelmann.com\/wp-content\/uploads\/2025\/11\/academia-idiomas-en-lapalma-8-768x512.jpg 768w, https:\/\/academiaedelmann.com\/wp-content\/uploads\/2025\/11\/academia-idiomas-en-lapalma-8-750x500.jpg 750w\" sizes=\"(max-width: 1536px) 100vw, 1536px\" \/>\t\t\t\t\t\t\t\t\t\t\t\t\t\t\t<\/div>\n\t\t\t\t<\/div>\n\t\t\t\t\t<\/div>\n\t\t<\/div>\n\t\t\t\t\t<\/div>\n\t\t<\/section>\n\t\t\t\t<\/div>\n\t\t","protected":false},"excerpt":{"rendered":"<p>Deutsch Als deutsche Muttersprachlerin beherrsche ich das Hochdeutsch \u2013 das standardisierte Deutsch, das im Unterricht, in den Medien und in den meisten formellen Kontexten in Deutschland, \u00d6sterreich und der Schweiz verwendet wird. Obwohl es viele regionale Dialekte gibt, ist Hochdeutsch das \u201eneutrale\u201c Deutsch, das man in Schulen lernt und \u00fcberall versteht. Ich wurde in W\u00fcrzburg <\/p>\n","protected":false},"author":1,"featured_media":0,"parent":7328,"menu_order":0,"comment_status":"closed","ping_status":"closed","template":"elementor_header_footer","meta":{"_acf_changed":false,"footnotes":""},"class_list":["post-7332","page","type-page","status-publish","hentry"],"acf":[],"_links":{"self":[{"href":"https:\/\/academiaedelmann.com\/de\/wp-json\/wp\/v2\/pages\/7332","targetHints":{"allow":["GET"]}}],"collection":[{"href":"https:\/\/academiaedelmann.com\/de\/wp-json\/wp\/v2\/pages"}],"about":[{"href":"https:\/\/academiaedelmann.com\/de\/wp-json\/wp\/v2\/types\/page"}],"author":[{"embeddable":true,"href":"https:\/\/academiaedelmann.com\/de\/wp-json\/wp\/v2\/users\/1"}],"replies":[{"embeddable":true,"href":"https:\/\/academiaedelmann.com\/de\/wp-json\/wp\/v2\/comments?post=7332"}],"version-history":[{"count":8,"href":"https:\/\/academiaedelmann.com\/de\/wp-json\/wp\/v2\/pages\/7332\/revisions"}],"predecessor-version":[{"id":7482,"href":"https:\/\/academiaedelmann.com\/de\/wp-json\/wp\/v2\/pages\/7332\/revisions\/7482"}],"up":[{"embeddable":true,"href":"https:\/\/academiaedelmann.com\/de\/wp-json\/wp\/v2\/pages\/7328"}],"wp:attachment":[{"href":"https:\/\/academiaedelmann.com\/de\/wp-json\/wp\/v2\/media?parent=7332"}],"curies":[{"name":"wp","href":"https:\/\/api.w.org\/{rel}","templated":true}]}}