{"id":7315,"date":"2025-10-30T08:46:54","date_gmt":"2025-10-30T07:46:54","guid":{"rendered":"https:\/\/academiaedelmann.com\/modalidades\/"},"modified":"2025-12-09T12:20:29","modified_gmt":"2025-12-09T11:20:29","slug":"unterrichtsformate","status":"publish","type":"page","link":"https:\/\/academiaedelmann.com\/de\/unterrichtsformate\/","title":{"rendered":"Unterrichtsformate"},"content":{"rendered":"\t\t<div data-elementor-type=\"wp-page\" data-elementor-id=\"7315\" class=\"elementor elementor-7315 elementor-6772\">\n\t\t\t\t\t\t<section class=\"elementor-section elementor-top-section elementor-element elementor-element-33ff2bff elementor-section-boxed elementor-section-height-default elementor-section-height-default\" data-id=\"33ff2bff\" data-element_type=\"section\" data-e-type=\"section\">\n\t\t\t\t\t\t<div class=\"elementor-container elementor-column-gap-default\">\n\t\t\t\t\t<div class=\"elementor-column elementor-col-100 elementor-top-column elementor-element elementor-element-33fbb9c\" data-id=\"33fbb9c\" data-element_type=\"column\" data-e-type=\"column\">\n\t\t\t<div class=\"elementor-widget-wrap elementor-element-populated\">\n\t\t\t\t\t\t<div class=\"elementor-element elementor-element-594e72c0 elementor-widget elementor-widget-text-editor\" data-id=\"594e72c0\" data-element_type=\"widget\" data-e-type=\"widget\" data-widget_type=\"text-editor.default\">\n\t\t\t\t<div class=\"elementor-widget-container\">\n\t\t\t\t\t\t\t\t\t<h1><strong>Unterrichtsformate<\/strong><\/h1>\n<p>In der Sprachakademie Edelmann biete ich verschiedene Unterrichtsmodalit\u00e4ten an, damit du die w\u00e4hlen kannst, die am besten zu deinen Bed\u00fcrfnissen, deinem Lernstil und deiner Verf\u00fcgbarkeit passt.<\/p>\n<p><\/p>\n<p><\/p>\n<p><\/p>\t\t\t\t\t\t\t\t<\/div>\n\t\t\t\t<\/div>\n\t\t\t\t\t<\/div>\n\t\t<\/div>\n\t\t\t\t\t<\/div>\n\t\t<\/section>\n\t\t\t\t<section class=\"elementor-section elementor-top-section elementor-element elementor-element-6043981 elementor-section-boxed elementor-section-height-default elementor-section-height-default\" data-id=\"6043981\" data-element_type=\"section\" data-e-type=\"section\">\n\t\t\t\t\t\t<div class=\"elementor-container elementor-column-gap-default\">\n\t\t\t\t\t<div class=\"elementor-column elementor-col-100 elementor-top-column elementor-element elementor-element-d2cd1ee\" data-id=\"d2cd1ee\" data-element_type=\"column\" data-e-type=\"column\">\n\t\t\t<div class=\"elementor-widget-wrap elementor-element-populated\">\n\t\t\t\t\t\t<div class=\"elementor-element elementor-element-abb35ee elementor-widget elementor-widget-text-editor\" data-id=\"abb35ee\" data-element_type=\"widget\" data-e-type=\"widget\" data-widget_type=\"text-editor.default\">\n\t\t\t\t<div class=\"elementor-widget-container\">\n\t\t\t\t\t\t\t\t\t<h2><b>Einzelunterricht<\/b><\/h2>\n<ul class=\"wp-block-list\">\n<li>100 % personalisiert, auf deine Ziele, dein Tempo und deinen Lernstil abgestimmt.<\/li>\n<li>Flexible Zeiten und Inhalte.<\/li>\n<li>Ideal f\u00fcr schnelle Fortschritte, Pr\u00fcfungsvorbereitung oder gezielte Unterst\u00fctzung.<\/li>\n<li>Sowohl in Pr\u00e4senz als auch online (\u00fcber Teams) verf\u00fcgbar.<\/li>\n<\/ul>\n<h3>Gruppenunterricht<\/h3>\n<ul class=\"wp-block-list\">\n<li>Kleine Gruppen nach Niveau und gemeinsamen Zielen \u2013 ideal f\u00fcr kooperatives Lernen.<\/li>\n<li>Lernen durch Interaktion: reale Kommunikationssituationen, Austausch und gemeinsame Aktivit\u00e4ten.<\/li>\n<li>H\u00f6here Motivation und Dynamik durch soziale Interaktion und Gruppenherausforderungen.<\/li>\n<li>Perfekt f\u00fcr alle, die gern gemeinsam lernen und ihre Kommunikationsf\u00e4higkeiten st\u00e4rken m\u00f6chten.<\/li>\n<\/ul>\n<h3>Pr\u00e4senzunterricht<\/h3>\n<ul class=\"wp-block-list\">\n<li>Die beste Option f\u00fcr vollst\u00e4ndige Immersion, mit spontaner und direkter Interaktion.<\/li>\n<li>Erm\u00f6glicht Gruppenaktivit\u00e4ten, Spiele, praktische Aufgaben und nat\u00fcrliche Kommunikation.<\/li>\n<li>Schafft ein pers\u00f6nlicheres, motivierendes Lernambiente.<\/li>\n<li>Unterrichtsort: El Llanito, Bre\u00f1a Alta (La Palma) \u2013 ein ruhiger und komfortabler Raum.<\/li>\n<\/ul>\n<h3>Online-Unterricht (nur Einzelunterricht)<\/h3>\n<ul class=\"wp-block-list\">\n<li>Perfekt f\u00fcr alle mit wenig Zeit oder ohne M\u00f6glichkeit zur Anfahrt.<\/li>\n<li>Geografische Flexibilit\u00e4t: Lerne von zu Hause oder von \u00fcberall aus.<\/li>\n<li>Trotz Distanz biete ich die gleiche Aufmerksamkeit und Anpassungsf\u00e4higkeit wie im Pr\u00e4senzunterricht.<\/li>\n<\/ul>\t\t\t\t\t\t\t\t<\/div>\n\t\t\t\t<\/div>\n\t\t\t\t\t<\/div>\n\t\t<\/div>\n\t\t\t\t\t<\/div>\n\t\t<\/section>\n\t\t\t\t<section class=\"elementor-section elementor-top-section elementor-element elementor-element-d2020cf elementor-section-boxed elementor-section-height-default elementor-section-height-default\" data-id=\"d2020cf\" data-element_type=\"section\" data-e-type=\"section\">\n\t\t\t\t\t\t<div class=\"elementor-container elementor-column-gap-default\">\n\t\t\t\t\t<div class=\"elementor-column elementor-col-100 elementor-top-column elementor-element elementor-element-0bdd5d1\" data-id=\"0bdd5d1\" data-element_type=\"column\" data-e-type=\"column\">\n\t\t\t<div class=\"elementor-widget-wrap\">\n\t\t\t\t\t\t\t<\/div>\n\t\t<\/div>\n\t\t\t\t\t<\/div>\n\t\t<\/section>\n\t\t\t\t<section class=\"elementor-section elementor-top-section elementor-element elementor-element-951722a elementor-section-boxed elementor-section-height-default elementor-section-height-default\" data-id=\"951722a\" data-element_type=\"section\" data-e-type=\"section\">\n\t\t\t\t\t\t<div class=\"elementor-container elementor-column-gap-default\">\n\t\t\t\t\t<div class=\"elementor-column elementor-col-50 elementor-top-column elementor-element elementor-element-ff61310\" data-id=\"ff61310\" data-element_type=\"column\" data-e-type=\"column\">\n\t\t\t<div class=\"elementor-widget-wrap elementor-element-populated\">\n\t\t\t\t\t\t<div class=\"elementor-element elementor-element-24c9609 elementor-widget elementor-widget-image\" data-id=\"24c9609\" data-element_type=\"widget\" data-e-type=\"widget\" data-widget_type=\"image.default\">\n\t\t\t\t<div class=\"elementor-widget-container\">\n\t\t\t\t\t\t\t\t\t\t\t\t\t\t\t<img fetchpriority=\"high\" decoding=\"async\" width=\"590\" height=\"570\" src=\"https:\/\/academiaedelmann.com\/wp-content\/uploads\/2025\/11\/academia-idiomas-en-lapalma-9-590x570.jpg\" class=\"attachment-ecademy_advisor_thumb_two size-ecademy_advisor_thumb_two wp-image-7442\" alt=\"Academia de idiomas en La Palma: Alem\u00e1n, Espa\u00f1ol e Ingl\u00e9s\" \/>\t\t\t\t\t\t\t\t\t\t\t\t\t\t\t<\/div>\n\t\t\t\t<\/div>\n\t\t\t\t\t<\/div>\n\t\t<\/div>\n\t\t\t\t<div class=\"elementor-column elementor-col-50 elementor-top-column elementor-element elementor-element-c557059\" data-id=\"c557059\" data-element_type=\"column\" data-e-type=\"column\">\n\t\t\t<div class=\"elementor-widget-wrap elementor-element-populated\">\n\t\t\t\t\t\t<div class=\"elementor-element elementor-element-8d582d1 elementor-widget__width-initial elementor-widget elementor-widget-text-editor\" data-id=\"8d582d1\" data-element_type=\"widget\" data-e-type=\"widget\" data-widget_type=\"text-editor.default\">\n\t\t\t\t<div class=\"elementor-widget-container\">\n\t\t\t\t\t\t\t\t\t<h3><b>M\u00f6chtest du anfangen?<\/b><\/h3>\n<p><\/p>\n<p>M\u00f6chtest du anfangen?<br \/>Kontaktiere mich \u2013 ich berate dich gern und helfe dir, die beste Modalit\u00e4t f\u00fcr dich auszuw\u00e4hlen.<\/p>\t\t\t\t\t\t\t\t<\/div>\n\t\t\t\t<\/div>\n\t\t\t\t<div class=\"elementor-element elementor-element-9aeb65a elementor-widget elementor-widget-spacer\" data-id=\"9aeb65a\" data-element_type=\"widget\" data-e-type=\"widget\" data-widget_type=\"spacer.default\">\n\t\t\t\t<div class=\"elementor-widget-container\">\n\t\t\t\t\t\t\t<div class=\"elementor-spacer\">\n\t\t\t<div class=\"elementor-spacer-inner\"><\/div>\n\t\t<\/div>\n\t\t\t\t\t\t<\/div>\n\t\t\t\t<\/div>\n\t\t\t\t<div class=\"elementor-element elementor-element-58228ae elementor-button-danger elementor-align-left elementor-widget elementor-widget-button\" data-id=\"58228ae\" data-element_type=\"widget\" data-e-type=\"widget\" data-widget_type=\"button.default\">\n\t\t\t\t<div class=\"elementor-widget-container\">\n\t\t\t\t\t\t\t\t\t<div class=\"elementor-button-wrapper\">\n\t\t\t\t\t<a class=\"elementor-button elementor-button-link elementor-size-sm\" href=\"https:\/\/academiaedelmann.com\/de\/kontakt\/\">\n\t\t\t\t\t\t<span class=\"elementor-button-content-wrapper\">\n\t\t\t\t\t\t\t\t\t<span class=\"elementor-button-text\">Beantragen Sie Ihren Platz<\/span>\n\t\t\t\t\t<\/span>\n\t\t\t\t\t<\/a>\n\t\t\t\t<\/div>\n\t\t\t\t\t\t\t\t<\/div>\n\t\t\t\t<\/div>\n\t\t\t\t<div class=\"elementor-element elementor-element-8368fff elementor-button-danger elementor-align-left elementor-widget elementor-widget-button\" data-id=\"8368fff\" data-element_type=\"widget\" data-e-type=\"widget\" data-widget_type=\"button.default\">\n\t\t\t\t<div class=\"elementor-widget-container\">\n\t\t\t\t\t\t\t\t\t<div class=\"elementor-button-wrapper\">\n\t\t\t\t\t<a class=\"elementor-button elementor-button-link elementor-size-sm\" href=\"https:\/\/academiaedelmann.com\/de\/sprachen\/\">\n\t\t\t\t\t\t<span class=\"elementor-button-content-wrapper\">\n\t\t\t\t\t\t\t\t\t<span class=\"elementor-button-text\">Sprachunterricht<\/span>\n\t\t\t\t\t<\/span>\n\t\t\t\t\t<\/a>\n\t\t\t\t<\/div>\n\t\t\t\t\t\t\t\t<\/div>\n\t\t\t\t<\/div>\n\t\t\t\t\t<\/div>\n\t\t<\/div>\n\t\t\t\t\t<\/div>\n\t\t<\/section>\n\t\t\t\t<section class=\"elementor-section elementor-top-section elementor-element elementor-element-ce24631 elementor-section-boxed elementor-section-height-default elementor-section-height-default\" data-id=\"ce24631\" data-element_type=\"section\" data-e-type=\"section\">\n\t\t\t\t\t\t<div class=\"elementor-container elementor-column-gap-default\">\n\t\t\t\t\t<div class=\"elementor-column elementor-col-100 elementor-top-column elementor-element elementor-element-90c8318\" data-id=\"90c8318\" data-element_type=\"column\" data-e-type=\"column\">\n\t\t\t<div class=\"elementor-widget-wrap elementor-element-populated\">\n\t\t\t\t\t\t<div class=\"elementor-element elementor-element-6b2f29c elementor-widget elementor-widget-image\" data-id=\"6b2f29c\" data-element_type=\"widget\" data-e-type=\"widget\" data-widget_type=\"image.default\">\n\t\t\t\t<div class=\"elementor-widget-container\">\n\t\t\t\t\t\t\t\t\t\t\t\t\t\t\t<img decoding=\"async\" src=\"https:\/\/academiaedelmann.com\/wp-content\/uploads\/2025\/11\/academia-idiomas-en-lapalma.jpg\" title=\"\" alt=\"\" loading=\"lazy\" \/>\t\t\t\t\t\t\t\t\t\t\t\t\t\t\t<\/div>\n\t\t\t\t<\/div>\n\t\t\t\t\t<\/div>\n\t\t<\/div>\n\t\t\t\t\t<\/div>\n\t\t<\/section>\n\t\t\t\t<\/div>\n\t\t","protected":false},"excerpt":{"rendered":"<p>Unterrichtsformate In der Sprachakademie Edelmann biete ich verschiedene Unterrichtsmodalit\u00e4ten an, damit du die w\u00e4hlen kannst, die am besten zu deinen Bed\u00fcrfnissen, deinem Lernstil und deiner Verf\u00fcgbarkeit passt. Einzelunterricht 100 % personalisiert, auf deine Ziele, dein Tempo und deinen Lernstil abgestimmt. Flexible Zeiten und Inhalte. Ideal f\u00fcr schnelle Fortschritte, Pr\u00fcfungsvorbereitung oder gezielte Unterst\u00fctzung. Sowohl in Pr\u00e4senz <\/p>\n","protected":false},"author":1,"featured_media":0,"parent":0,"menu_order":0,"comment_status":"closed","ping_status":"closed","template":"elementor_header_footer","meta":{"_acf_changed":false,"footnotes":""},"class_list":["post-7315","page","type-page","status-publish","hentry"],"acf":[],"_links":{"self":[{"href":"https:\/\/academiaedelmann.com\/de\/wp-json\/wp\/v2\/pages\/7315","targetHints":{"allow":["GET"]}}],"collection":[{"href":"https:\/\/academiaedelmann.com\/de\/wp-json\/wp\/v2\/pages"}],"about":[{"href":"https:\/\/academiaedelmann.com\/de\/wp-json\/wp\/v2\/types\/page"}],"author":[{"embeddable":true,"href":"https:\/\/academiaedelmann.com\/de\/wp-json\/wp\/v2\/users\/1"}],"replies":[{"embeddable":true,"href":"https:\/\/academiaedelmann.com\/de\/wp-json\/wp\/v2\/comments?post=7315"}],"version-history":[{"count":8,"href":"https:\/\/academiaedelmann.com\/de\/wp-json\/wp\/v2\/pages\/7315\/revisions"}],"predecessor-version":[{"id":7535,"href":"https:\/\/academiaedelmann.com\/de\/wp-json\/wp\/v2\/pages\/7315\/revisions\/7535"}],"wp:attachment":[{"href":"https:\/\/academiaedelmann.com\/de\/wp-json\/wp\/v2\/media?parent=7315"}],"curies":[{"name":"wp","href":"https:\/\/api.w.org\/{rel}","templated":true}]}}