{"id":7307,"date":"2025-10-27T15:57:57","date_gmt":"2025-10-27T14:57:57","guid":{"rendered":"https:\/\/academiaedelmann.com\/nuestra-aula\/"},"modified":"2025-12-09T12:15:31","modified_gmt":"2025-12-09T11:15:31","slug":"das-klassenzimmer","status":"publish","type":"page","link":"https:\/\/academiaedelmann.com\/de\/das-klassenzimmer\/","title":{"rendered":"Das Klassenzimmer"},"content":{"rendered":"\t\t<div data-elementor-type=\"wp-page\" data-elementor-id=\"7307\" class=\"elementor elementor-7307 elementor-6645\">\n\t\t\t\t\t\t<section class=\"elementor-section elementor-top-section elementor-element elementor-element-aede4a1 elementor-section-boxed elementor-section-height-default elementor-section-height-default\" data-id=\"aede4a1\" data-element_type=\"section\" data-e-type=\"section\">\n\t\t\t\t\t\t<div class=\"elementor-container elementor-column-gap-default\">\n\t\t\t\t\t<div class=\"elementor-column elementor-col-100 elementor-top-column elementor-element elementor-element-6ce7f624\" data-id=\"6ce7f624\" data-element_type=\"column\" data-e-type=\"column\">\n\t\t\t<div class=\"elementor-widget-wrap elementor-element-populated\">\n\t\t\t\t\t\t<div class=\"elementor-element elementor-element-3954580b elementor-widget elementor-widget-text-editor\" data-id=\"3954580b\" data-element_type=\"widget\" data-e-type=\"widget\" data-widget_type=\"text-editor.default\">\n\t\t\t\t<div class=\"elementor-widget-container\">\n\t\t\t\t\t\t\t\t\t<h1 class=\"wp-block-heading\"><strong>Das Klassenzimmer<\/strong><\/h1>\t\t\t\t\t\t\t\t<\/div>\n\t\t\t\t<\/div>\n\t\t\t\t\t<\/div>\n\t\t<\/div>\n\t\t\t\t\t<\/div>\n\t\t<\/section>\n\t\t\t\t<section class=\"elementor-section elementor-top-section elementor-element elementor-element-6e8de75 elementor-section-boxed elementor-section-height-default elementor-section-height-default\" data-id=\"6e8de75\" data-element_type=\"section\" data-e-type=\"section\">\n\t\t\t\t\t\t<div class=\"elementor-container elementor-column-gap-default\">\n\t\t\t\t\t<div class=\"elementor-column elementor-col-100 elementor-top-column elementor-element elementor-element-ef60079\" data-id=\"ef60079\" data-element_type=\"column\" data-e-type=\"column\">\n\t\t\t<div class=\"elementor-widget-wrap elementor-element-populated\">\n\t\t\t\t\t\t<div class=\"elementor-element elementor-element-f10fe0e elementor-widget elementor-widget-image\" data-id=\"f10fe0e\" data-element_type=\"widget\" data-e-type=\"widget\" data-widget_type=\"image.default\">\n\t\t\t\t<div class=\"elementor-widget-container\">\n\t\t\t\t\t\t\t\t\t\t\t\t\t\t\t<img fetchpriority=\"high\" decoding=\"async\" width=\"1600\" height=\"900\" src=\"https:\/\/academiaedelmann.com\/wp-content\/uploads\/2025\/11\/academiadeidiomas-edelmann-1.jpeg\" class=\"attachment-full size-full wp-image-7410\" alt=\"Academia de idiomas en La Palma: Alem\u00e1n, Espa\u00f1ol e Ingl\u00e9s\" srcset=\"https:\/\/academiaedelmann.com\/wp-content\/uploads\/2025\/11\/academiadeidiomas-edelmann-1.jpeg 1600w, https:\/\/academiaedelmann.com\/wp-content\/uploads\/2025\/11\/academiadeidiomas-edelmann-1-300x169.jpeg 300w, https:\/\/academiaedelmann.com\/wp-content\/uploads\/2025\/11\/academiadeidiomas-edelmann-1-1024x576.jpeg 1024w, https:\/\/academiaedelmann.com\/wp-content\/uploads\/2025\/11\/academiadeidiomas-edelmann-1-768x432.jpeg 768w, https:\/\/academiaedelmann.com\/wp-content\/uploads\/2025\/11\/academiadeidiomas-edelmann-1-1536x864.jpeg 1536w\" sizes=\"(max-width: 1600px) 100vw, 1600px\" \/>\t\t\t\t\t\t\t\t\t\t\t\t\t\t\t<\/div>\n\t\t\t\t<\/div>\n\t\t\t\t\t<\/div>\n\t\t<\/div>\n\t\t\t\t\t<\/div>\n\t\t<\/section>\n\t\t\t\t<section class=\"elementor-section elementor-top-section elementor-element elementor-element-2824321 elementor-section-boxed elementor-section-height-default elementor-section-height-default\" data-id=\"2824321\" data-element_type=\"section\" data-e-type=\"section\">\n\t\t\t\t\t\t<div class=\"elementor-container elementor-column-gap-default\">\n\t\t\t\t\t<div class=\"elementor-column elementor-col-100 elementor-top-column elementor-element elementor-element-2d5131a\" data-id=\"2d5131a\" data-element_type=\"column\" data-e-type=\"column\">\n\t\t\t<div class=\"elementor-widget-wrap elementor-element-populated\">\n\t\t\t\t\t\t<div class=\"elementor-element elementor-element-41aa588 elementor-widget elementor-widget-text-editor\" data-id=\"41aa588\" data-element_type=\"widget\" data-e-type=\"widget\" data-widget_type=\"text-editor.default\">\n\t\t\t\t<div class=\"elementor-widget-container\">\n\t\t\t\t\t\t\t\t\t<p><span style=\"font-weight: 400;\">In unserem Unterrichtsraum ist Sprachenlernen mehr als das Lernen von W\u00f6rtern \u2013 es ist eine ruhige, nat\u00fcrliche und unterhaltsame Erfahrung.<\/span><\/p>\n<p><span style=\"font-weight: 400;\">Unser Standort liegt in einer l\u00e4ndlichen Gegend in El Llanito \u2013 ideal zum Lernen, fernab von L\u00e4rm und Hektik.<\/span><\/p>\n<p><span style=\"font-weight: 400;\">Der Unterrichtsraum bietet viel Tageslicht und eine gem\u00fctliche Atmosph\u00e4re, die zum Konzentrieren und Genie\u00dfen des Lernprozesses einl\u00e4dt. Es gibt ausreichend Platz f\u00fcr dynamische Aktivit\u00e4ten und Spiele, die aktives und spielerisches Lernen erm\u00f6glichen.<\/span><\/p>\n<p><span style=\"font-weight: 400;\">Ein Teil des Unterrichts \u2013 insbesondere mit Kindern und Jugendlichen \u2013 findet im Freien statt: auf der Terrasse, im Garten, im Gem\u00fcsegarten oder in der umliegenden Natur. So wird das Lernen aktiv, unterhaltsam und in engem Kontakt mit der Umgebung gestaltet.<\/span><\/p>\n<p><span style=\"font-weight: 400;\">Auch Komfort geh\u00f6rt zur Erfahrung: Parkpl\u00e4tze befinden sich direkt vor der T\u00fcr. Kein Suchen, kein langer Fu\u00dfweg \u2013 einfach aussteigen und direkt ins Klassenzimmer gehen.<\/span><\/p>\n<p><span style=\"font-weight: 400;\">Hier wird Sprachenlernen zu einer angenehmen, bequemen und nat\u00fcrlichen Erfahrung.<\/span><\/p>\t\t\t\t\t\t\t\t<\/div>\n\t\t\t\t<\/div>\n\t\t\t\t<div class=\"elementor-element elementor-element-4f4aa64 elementor-button-danger elementor-widget elementor-widget-button\" data-id=\"4f4aa64\" data-element_type=\"widget\" data-e-type=\"widget\" data-widget_type=\"button.default\">\n\t\t\t\t<div class=\"elementor-widget-container\">\n\t\t\t\t\t\t\t\t\t<div class=\"elementor-button-wrapper\">\n\t\t\t\t\t<a class=\"elementor-button elementor-button-link elementor-size-sm\" href=\"https:\/\/academiaedelmann.com\/de\/kontakt\/\">\n\t\t\t\t\t\t<span class=\"elementor-button-content-wrapper\">\n\t\t\t\t\t\t\t\t\t<span class=\"elementor-button-text\">Ich m\u00f6chte lernen<\/span>\n\t\t\t\t\t<\/span>\n\t\t\t\t\t<\/a>\n\t\t\t\t<\/div>\n\t\t\t\t\t\t\t\t<\/div>\n\t\t\t\t<\/div>\n\t\t\t\t\t<\/div>\n\t\t<\/div>\n\t\t\t\t\t<\/div>\n\t\t<\/section>\n\t\t\t\t<section class=\"elementor-section elementor-top-section elementor-element elementor-element-29dede6 elementor-section-boxed elementor-section-height-default elementor-section-height-default\" data-id=\"29dede6\" data-element_type=\"section\" data-e-type=\"section\">\n\t\t\t\t\t\t<div class=\"elementor-container elementor-column-gap-default\">\n\t\t\t\t\t<div class=\"elementor-column elementor-col-100 elementor-top-column elementor-element elementor-element-56c15e7\" data-id=\"56c15e7\" data-element_type=\"column\" data-e-type=\"column\">\n\t\t\t<div class=\"elementor-widget-wrap elementor-element-populated\">\n\t\t\t\t\t\t<div class=\"elementor-element elementor-element-d6881c7 elementor-widget elementor-widget-image\" data-id=\"d6881c7\" data-element_type=\"widget\" data-e-type=\"widget\" data-widget_type=\"image.default\">\n\t\t\t\t<div class=\"elementor-widget-container\">\n\t\t\t\t\t\t\t\t\t\t\t\t\t\t\t<img decoding=\"async\" width=\"1491\" height=\"1116\" src=\"https:\/\/academiaedelmann.com\/wp-content\/uploads\/2025\/11\/academia-idiomas-en-lapalma-3.jpg\" class=\"attachment-full size-full wp-image-7411\" alt=\"Academia de idiomas en La Palma: Alem\u00e1n, Espa\u00f1ol e Ingl\u00e9s\" srcset=\"https:\/\/academiaedelmann.com\/wp-content\/uploads\/2025\/11\/academia-idiomas-en-lapalma-3.jpg 1491w, https:\/\/academiaedelmann.com\/wp-content\/uploads\/2025\/11\/academia-idiomas-en-lapalma-3-300x225.jpg 300w, https:\/\/academiaedelmann.com\/wp-content\/uploads\/2025\/11\/academia-idiomas-en-lapalma-3-1024x766.jpg 1024w, https:\/\/academiaedelmann.com\/wp-content\/uploads\/2025\/11\/academia-idiomas-en-lapalma-3-768x575.jpg 768w\" sizes=\"(max-width: 1491px) 100vw, 1491px\" \/>\t\t\t\t\t\t\t\t\t\t\t\t\t\t\t<\/div>\n\t\t\t\t<\/div>\n\t\t\t\t\t<\/div>\n\t\t<\/div>\n\t\t\t\t\t<\/div>\n\t\t<\/section>\n\t\t\t\t<\/div>\n\t\t","protected":false},"excerpt":{"rendered":"<p>Das Klassenzimmer In unserem Unterrichtsraum ist Sprachenlernen mehr als das Lernen von W\u00f6rtern \u2013 es ist eine ruhige, nat\u00fcrliche und unterhaltsame Erfahrung. Unser Standort liegt in einer l\u00e4ndlichen Gegend in El Llanito \u2013 ideal zum Lernen, fernab von L\u00e4rm und Hektik. Der Unterrichtsraum bietet viel Tageslicht und eine gem\u00fctliche Atmosph\u00e4re, die zum Konzentrieren und Genie\u00dfen <\/p>\n","protected":false},"author":1,"featured_media":0,"parent":0,"menu_order":0,"comment_status":"closed","ping_status":"closed","template":"elementor_header_footer","meta":{"_acf_changed":false,"footnotes":""},"class_list":["post-7307","page","type-page","status-publish","hentry"],"acf":[],"_links":{"self":[{"href":"https:\/\/academiaedelmann.com\/de\/wp-json\/wp\/v2\/pages\/7307","targetHints":{"allow":["GET"]}}],"collection":[{"href":"https:\/\/academiaedelmann.com\/de\/wp-json\/wp\/v2\/pages"}],"about":[{"href":"https:\/\/academiaedelmann.com\/de\/wp-json\/wp\/v2\/types\/page"}],"author":[{"embeddable":true,"href":"https:\/\/academiaedelmann.com\/de\/wp-json\/wp\/v2\/users\/1"}],"replies":[{"embeddable":true,"href":"https:\/\/academiaedelmann.com\/de\/wp-json\/wp\/v2\/comments?post=7307"}],"version-history":[{"count":5,"href":"https:\/\/academiaedelmann.com\/de\/wp-json\/wp\/v2\/pages\/7307\/revisions"}],"predecessor-version":[{"id":7417,"href":"https:\/\/academiaedelmann.com\/de\/wp-json\/wp\/v2\/pages\/7307\/revisions\/7417"}],"wp:attachment":[{"href":"https:\/\/academiaedelmann.com\/de\/wp-json\/wp\/v2\/media?parent=7307"}],"curies":[{"name":"wp","href":"https:\/\/api.w.org\/{rel}","templated":true}]}}