{"id":7294,"date":"2025-10-27T15:57:13","date_gmt":"2025-10-27T14:57:13","guid":{"rendered":"https:\/\/academiaedelmann.com\/metodologia\/"},"modified":"2025-12-09T11:21:05","modified_gmt":"2025-12-09T10:21:05","slug":"meine-methodik","status":"publish","type":"page","link":"https:\/\/academiaedelmann.com\/de\/meine-methodik\/","title":{"rendered":"Meine Methodik"},"content":{"rendered":"\t\t<div data-elementor-type=\"wp-page\" data-elementor-id=\"7294\" class=\"elementor elementor-7294 elementor-6643\">\n\t\t\t\t\t\t<section class=\"elementor-section elementor-top-section elementor-element elementor-element-3230633 elementor-section-boxed elementor-section-height-default elementor-section-height-default\" data-id=\"3230633\" data-element_type=\"section\" data-e-type=\"section\">\n\t\t\t\t\t\t<div class=\"elementor-container elementor-column-gap-default\">\n\t\t\t\t\t<div class=\"elementor-column elementor-col-100 elementor-top-column elementor-element elementor-element-1e8d8f2\" data-id=\"1e8d8f2\" data-element_type=\"column\" data-e-type=\"column\">\n\t\t\t<div class=\"elementor-widget-wrap elementor-element-populated\">\n\t\t\t\t\t\t<div class=\"elementor-element elementor-element-24d1e21 elementor-widget__width-initial elementor-widget elementor-widget-spacer\" data-id=\"24d1e21\" data-element_type=\"widget\" data-e-type=\"widget\" data-widget_type=\"spacer.default\">\n\t\t\t\t<div class=\"elementor-widget-container\">\n\t\t\t\t\t\t\t<div class=\"elementor-spacer\">\n\t\t\t<div class=\"elementor-spacer-inner\"><\/div>\n\t\t<\/div>\n\t\t\t\t\t\t<\/div>\n\t\t\t\t<\/div>\n\t\t\t\t<section class=\"elementor-section elementor-inner-section elementor-element elementor-element-ca769be elementor-section-boxed elementor-section-height-default elementor-section-height-default\" data-id=\"ca769be\" data-element_type=\"section\" data-e-type=\"section\">\n\t\t\t\t\t\t<div class=\"elementor-container elementor-column-gap-default\">\n\t\t\t\t\t<div class=\"elementor-column elementor-col-100 elementor-inner-column elementor-element elementor-element-facc4a2\" data-id=\"facc4a2\" data-element_type=\"column\" data-e-type=\"column\">\n\t\t\t<div class=\"elementor-widget-wrap elementor-element-populated\">\n\t\t\t\t\t\t<div class=\"elementor-element elementor-element-48dff4d elementor-widget elementor-widget-spacer\" data-id=\"48dff4d\" data-element_type=\"widget\" data-e-type=\"widget\" data-widget_type=\"spacer.default\">\n\t\t\t\t<div class=\"elementor-widget-container\">\n\t\t\t\t\t\t\t<div class=\"elementor-spacer\">\n\t\t\t<div class=\"elementor-spacer-inner\"><\/div>\n\t\t<\/div>\n\t\t\t\t\t\t<\/div>\n\t\t\t\t<\/div>\n\t\t\t\t\t<\/div>\n\t\t<\/div>\n\t\t\t\t\t<\/div>\n\t\t<\/section>\n\t\t\t\t\t<\/div>\n\t\t<\/div>\n\t\t\t\t\t<\/div>\n\t\t<\/section>\n\t\t\t\t<section class=\"elementor-section elementor-top-section elementor-element elementor-element-9d7fde5 elementor-section-boxed elementor-section-height-default elementor-section-height-default\" data-id=\"9d7fde5\" data-element_type=\"section\" data-e-type=\"section\">\n\t\t\t\t\t\t<div class=\"elementor-container elementor-column-gap-default\">\n\t\t\t\t\t<div class=\"elementor-column elementor-col-100 elementor-top-column elementor-element elementor-element-ba95f66\" data-id=\"ba95f66\" data-element_type=\"column\" data-e-type=\"column\">\n\t\t\t<div class=\"elementor-widget-wrap elementor-element-populated\">\n\t\t\t\t\t\t<div class=\"elementor-element elementor-element-896f057 elementor-widget elementor-widget-text-editor\" data-id=\"896f057\" data-element_type=\"widget\" data-e-type=\"widget\" data-widget_type=\"text-editor.default\">\n\t\t\t\t<div class=\"elementor-widget-container\">\n\t\t\t\t\t\t\t\t\t<h1><strong>Meine (Unterrichts-)Methodik<\/strong><\/h1>\t\t\t\t\t\t\t\t<\/div>\n\t\t\t\t<\/div>\n\t\t\t\t<div class=\"elementor-element elementor-element-dc629d3 elementor-widget elementor-widget-text-editor\" data-id=\"dc629d3\" data-element_type=\"widget\" data-e-type=\"widget\" data-widget_type=\"text-editor.default\">\n\t\t\t\t<div class=\"elementor-widget-container\">\n\t\t\t\t\t\t\t\t\t<h2><b>Sprachen lernen \u2013 nat\u00fcrlich, praktisch und individuell<\/b><\/h2>\t\t\t\t\t\t\t\t<\/div>\n\t\t\t\t<\/div>\n\t\t\t\t<div class=\"elementor-element elementor-element-dd5d1f2 elementor-widget elementor-widget-text-editor\" data-id=\"dd5d1f2\" data-element_type=\"widget\" data-e-type=\"widget\" data-widget_type=\"text-editor.default\">\n\t\t\t\t<div class=\"elementor-widget-container\">\n\t\t\t\t\t\t\t\t\t<p><span style=\"font-weight: 400;\">In Academia Edelmann glaube ich nicht an starren Unterricht oder Auswendiglernen ohne Verst\u00e4ndnis. Mein Ansatz ist dynamisch, kommunikativ und an jede Sch\u00fclerin oder jeden Sch\u00fcler angepasst \u2013 eine Kombination aus praktischer Erfahrung und der p\u00e4dagogischen Spezialausbildung des Goethe-Instituts.<\/span><\/p><p><span style=\"font-weight: 400;\">Als zertifizierte Lehrerin im Programm DLL \u2013 Deutsch Lehren Lernen wende ich ein modernes, handlungsorientiertes Unterrichtsmodell an, bei dem die Lernenden im Mittelpunkt stehen.<\/span><\/p><p><span style=\"font-weight: 400;\">Und dar\u00fcber hinaus gibt es etwas, das ich als grundlegend betrachte:<\/span><\/p><p><b>Eine Sprache zu lernen kann (und sollte) sich wie ein Spiel anf\u00fchlen.<\/b><span style=\"font-weight: 400;\"><br \/><\/span><span style=\"font-weight: 400;\">Denn wenn wir Spa\u00df haben, lernen wir besser, schneller und motivierter.<\/span><\/p><h2><b>Was zeichnet meine Methodik aus?<\/b><\/h2>\t\t\t\t\t\t\t\t<\/div>\n\t\t\t\t<\/div>\n\t\t\t\t\t<\/div>\n\t\t<\/div>\n\t\t\t\t\t<\/div>\n\t\t<\/section>\n\t\t\t\t<section class=\"elementor-section elementor-top-section elementor-element elementor-element-4688e5c elementor-section-boxed elementor-section-height-default elementor-section-height-default\" data-id=\"4688e5c\" data-element_type=\"section\" data-e-type=\"section\">\n\t\t\t\t\t\t<div class=\"elementor-container elementor-column-gap-default\">\n\t\t\t\t\t<div class=\"elementor-column elementor-col-100 elementor-top-column elementor-element elementor-element-a39aefc\" data-id=\"a39aefc\" data-element_type=\"column\" data-e-type=\"column\">\n\t\t\t<div class=\"elementor-widget-wrap elementor-element-populated\">\n\t\t\t\t\t\t<div class=\"elementor-element elementor-element-b1e0681 elementor-widget elementor-widget-eCademy_Features_Boxe\" data-id=\"b1e0681\" data-element_type=\"widget\" data-e-type=\"widget\" data-widget_type=\"eCademy_Features_Boxe.default\">\n\t\t\t\t<div class=\"elementor-widget-container\">\n\t\t\t\t\t                    <div class=\"container\">\r\n                <div class=\"row\">\r\n                                            <div class=\"col-lg-6 col-sm-6 col-md-6\">\r\n                            <div class=\"single-features-box\">\r\n                                <div class=\"icon\">\r\n                                    <i class=\"\"><\/i>\r\n                                <\/div>\r\n                                <h3>Lernorientierung<\/h3>\r\n                                <p>Jeder Mensch lernt anders. Deshalb passe ich Inhalte, Tempo und Aktivit\u00e4ten an deine individuellen Bed\u00fcrfnisse an \u2013 egal ob Anf\u00e4nger\/in oder Fortgeschrittene\/r.<\/p>\r\n\r\n                                                            <\/div>\r\n                        <\/div>\r\n                                            <div class=\"col-lg-6 col-sm-6 col-md-6\">\r\n                            <div class=\"single-features-box\">\r\n                                <div class=\"icon\">\r\n                                    <i class=\"\"><\/i>\r\n                                <\/div>\r\n                                <h3>Handlungsorientierung<\/h3>\r\n                                <p>Sprachen lernt man, um sie zu benutzen. Deshalb arbeiten wir mit realen Kommunikationssituationen: Gespr\u00e4chen, authentischen Texten, Rollenspielen usw.<\/p>\r\n\r\n                                                            <\/div>\r\n                        <\/div>\r\n                                            <div class=\"col-lg-6 col-sm-6 col-md-6\">\r\n                            <div class=\"single-features-box\">\r\n                                <div class=\"icon\">\r\n                                    <i class=\"\"><\/i>\r\n                                <\/div>\r\n                                <h3>Sinnvolle didaktische Sequenzen<\/h3>\r\n                                <p>Die Stunden werden um klare Ziele herum strukturiert, mit progressiven Aktivit\u00e4ten, die Wortschatz, Grammatik und kommunikative F\u00e4higkeiten auf nat\u00fcrliche Weise verbinden.<\/p>\r\n\r\n                                                            <\/div>\r\n                        <\/div>\r\n                                            <div class=\"col-lg-6 col-sm-6 col-md-6\">\r\n                            <div class=\"single-features-box\">\r\n                                <div class=\"icon\">\r\n                                    <i class=\"\"><\/i>\r\n                                <\/div>\r\n                                <h3>Vertrauensvolles und motivierendes Umfeld<\/h3>\r\n                                <p>Eine Sprache zu lernen kann eine Herausforderung sein, aber auch eine sehr bereichernde Erfahrung. Ich schaffe einen Raum, in dem du dich wohlf\u00fchlst, um mitzumachen, Fehler zu machen, dich zu verbessern und Fortschritte zu erzielen.<\/p>\r\n\r\n                                                            <\/div>\r\n                        <\/div>\r\n                                            <div class=\"col-lg-6 col-sm-6 col-md-6\">\r\n                            <div class=\"single-features-box\">\r\n                                <div class=\"icon\">\r\n                                    <i class=\"\"><\/i>\r\n                                <\/div>\r\n                                <h3>Kontinuierliche p\u00e4dagogische Reflexion<\/h3>\r\n                                <p>Das DLL-Programm hat mich gelehrt, meine Unterrichtspraxis st\u00e4ndig zu beobachten, zu analysieren und anzupassen. So kann ich immer effektivere, individuellere und modernere Stunden anbieten.<\/p>\r\n\r\n                                                            <\/div>\r\n                        <\/div>\r\n                                            <div class=\"col-lg-6 col-sm-6 col-md-6\">\r\n                            <div class=\"single-features-box\">\r\n                                <div class=\"icon\">\r\n                                    <i class=\"\"><\/i>\r\n                                <\/div>\r\n                                <h3>Vielf\u00e4ltige und aktuelle Materialien<\/h3>\r\n                                <p>Ich verwende hochwertige Lehrb\u00fccher, digitale Ressourcen, Videos, Sprachspiele und authentische Materialien \u2013 immer angepasst an die Ziele jeder Unterrichtseinheit.<\/p>\r\n\r\n                                                            <\/div>\r\n                        <\/div>\r\n                                            <div class=\"col-lg-6 col-sm-6 col-md-6\">\r\n                            <div class=\"single-features-box\">\r\n                                <div class=\"icon\">\r\n                                    <i class=\"\"><\/i>\r\n                                <\/div>\r\n                                <h3>Lernen durch Spielen (wirklich!)<\/h3>\r\n                                <p>Ich integriere spielerische Dynamiken, Sprachspiele, kreative Herausforderungen und interaktive Aktivit\u00e4ten, die das Lernen unterhaltsam und einpr\u00e4gsam machen. Das motiviert nicht nur, sondern f\u00f6rdert auch die aktive Teilnahme und das Behalten.<\/p>\r\n\r\n                                                            <\/div>\r\n                        <\/div>\r\n                                            <div class=\"col-lg-6 col-sm-6 col-md-6\">\r\n                            <div class=\"single-features-box\">\r\n                                <div class=\"icon\">\r\n                                    <i class=\"\"><\/i>\r\n                                <\/div>\r\n                                <h3>Vorbereitung auf offizielle Pr\u00fcfungen<\/h3>\r\n                                <p>Ich begleite dich bei deiner Vorbereitung auf Zertifizierungen wie das Goethe-Zertifikat, Cambridge English oder DELE \u2013 mit klaren Strategien, realen Pr\u00fcfungssimulationen und pers\u00f6nlicher Betreuung.<\/p>\r\n\r\n                                                            <\/div>\r\n                        <\/div>\r\n                                    <\/div>\r\n            <\/div>\r\n                \t\t\t\t<\/div>\n\t\t\t\t<\/div>\n\t\t\t\t\t<\/div>\n\t\t<\/div>\n\t\t\t\t\t<\/div>\n\t\t<\/section>\n\t\t\t\t<section class=\"elementor-section elementor-top-section elementor-element elementor-element-250e301 elementor-section-boxed elementor-section-height-default elementor-section-height-default\" data-id=\"250e301\" data-element_type=\"section\" data-e-type=\"section\">\n\t\t\t\t\t\t<div class=\"elementor-container elementor-column-gap-default\">\n\t\t\t\t\t<div class=\"elementor-column elementor-col-100 elementor-top-column elementor-element elementor-element-5f2c872\" data-id=\"5f2c872\" data-element_type=\"column\" data-e-type=\"column\">\n\t\t\t<div class=\"elementor-widget-wrap elementor-element-populated\">\n\t\t\t\t\t\t<div class=\"elementor-element elementor-element-a6abd8c elementor-widget elementor-widget-text-editor\" data-id=\"a6abd8c\" data-element_type=\"widget\" data-e-type=\"widget\" data-widget_type=\"text-editor.default\">\n\t\t\t\t<div class=\"elementor-widget-container\">\n\t\t\t\t\t\t\t\t\t<p>Mein Ziel ist es nicht nur, dass du eine Sprache lernst, sondern dass du sie erlebst, genie\u00dft und zu deiner eigenen machst \u2013 mit wachsender Sicherheit und Gelassenheit bei jedem Schritt.<\/p><p>Wie beim Spielen: mit Neugier, ohne Angst vor Fehlern und mit der Freude, jede Herausforderung zu meistern.<\/p><p>Egal, ob du aus pers\u00f6nlichen, beruflichen oder akademischen Gr\u00fcnden lernst \u2013 hier findest du einen effektiven, nahen und auf dich zugeschnittenen Unterricht.<\/p>\t\t\t\t\t\t\t\t<\/div>\n\t\t\t\t<\/div>\n\t\t\t\t<div class=\"elementor-element elementor-element-a62dced elementor-widget elementor-widget-image-gallery\" data-id=\"a62dced\" data-element_type=\"widget\" data-e-type=\"widget\" data-widget_type=\"image-gallery.default\">\n\t\t\t\t<div class=\"elementor-widget-container\">\n\t\t\t\t\t\t\t<div class=\"elementor-image-gallery\">\n\t\t\t<div id='gallery-1' class='gallery galleryid-7294 gallery-columns-4 gallery-size-ecademy_blog_thumb'><figure class='gallery-item'>\n\t\t\t<div class='gallery-icon portrait'>\n\t\t\t\t<a data-elementor-open-lightbox=\"yes\" data-elementor-lightbox-slideshow=\"a62dced\" data-elementor-lightbox-title=\"Academia de idiomas en La Palma: Alem\u00e1n, Espa\u00f1ol e Ingl\u00e9s\" data-e-action-hash=\"#elementor-action%3Aaction%3Dlightbox%26settings%3DeyJpZCI6NzQxMiwidXJsIjoiaHR0cHM6XC9cL2FjYWRlbWlhZWRlbG1hbm4uY29tXC93cC1jb250ZW50XC91cGxvYWRzXC8yMDI1XC8xMVwvYWNhZGVtaWFkZWlkaW9tYXMtZWRlbG1hbm4tMy5qcGVnIiwic2xpZGVzaG93IjoiYTYyZGNlZCJ9\" href='https:\/\/academiaedelmann.com\/wp-content\/uploads\/2025\/11\/academiadeidiomas-edelmann-3.jpeg'><img fetchpriority=\"high\" decoding=\"async\" width=\"900\" height=\"500\" src=\"https:\/\/academiaedelmann.com\/wp-content\/uploads\/2025\/11\/academiadeidiomas-edelmann-3-900x500.jpeg\" class=\"attachment-ecademy_blog_thumb size-ecademy_blog_thumb\" alt=\"Academia de idiomas en La Palma: Alem\u00e1n, Espa\u00f1ol e Ingl\u00e9s\" \/><\/a>\n\t\t\t<\/div><\/figure><figure class='gallery-item'>\n\t\t\t<div class='gallery-icon landscape'>\n\t\t\t\t<a data-elementor-open-lightbox=\"yes\" data-elementor-lightbox-slideshow=\"a62dced\" data-elementor-lightbox-title=\"Academia de idiomas en La Palma: Alem\u00e1n, Espa\u00f1ol e Ingl\u00e9s\" data-e-action-hash=\"#elementor-action%3Aaction%3Dlightbox%26settings%3DeyJpZCI6NzMwOCwidXJsIjoiaHR0cHM6XC9cL2FjYWRlbWlhZWRlbG1hbm4uY29tXC93cC1jb250ZW50XC91cGxvYWRzXC8yMDI1XC8xMVwvYWNhZGVtaWFkZWlkaW9tYXMtZWRlbG1hbm4tMi5qcGVnIiwic2xpZGVzaG93IjoiYTYyZGNlZCJ9\" href='https:\/\/academiaedelmann.com\/wp-content\/uploads\/2025\/11\/academiadeidiomas-edelmann-2.jpeg'><img decoding=\"async\" width=\"900\" height=\"500\" src=\"https:\/\/academiaedelmann.com\/wp-content\/uploads\/2025\/11\/academiadeidiomas-edelmann-2-900x500.jpeg\" class=\"attachment-ecademy_blog_thumb size-ecademy_blog_thumb\" alt=\"Academia de idiomas en La Palma: Alem\u00e1n, Espa\u00f1ol e Ingl\u00e9s\" \/><\/a>\n\t\t\t<\/div><\/figure><figure class='gallery-item'>\n\t\t\t<div class='gallery-icon portrait'>\n\t\t\t\t<a data-elementor-open-lightbox=\"yes\" data-elementor-lightbox-slideshow=\"a62dced\" data-elementor-lightbox-title=\"Academia de idiomas en La Palma: Alem\u00e1n, Espa\u00f1ol e Ingl\u00e9s\" data-e-action-hash=\"#elementor-action%3Aaction%3Dlightbox%26settings%3DeyJpZCI6NzQ0OSwidXJsIjoiaHR0cHM6XC9cL2FjYWRlbWlhZWRlbG1hbm4uY29tXC93cC1jb250ZW50XC91cGxvYWRzXC8yMDI1XC8xMVwvY2xhc2VzLWlkaW9tYXMtZW4tbGFwYWxtYS5qcGciLCJzbGlkZXNob3ciOiJhNjJkY2VkIn0%3D\" href='https:\/\/academiaedelmann.com\/wp-content\/uploads\/2025\/11\/clases-idiomas-en-lapalma.jpg'><img decoding=\"async\" width=\"900\" height=\"500\" src=\"https:\/\/academiaedelmann.com\/wp-content\/uploads\/2025\/11\/clases-idiomas-en-lapalma-900x500.jpg\" class=\"attachment-ecademy_blog_thumb size-ecademy_blog_thumb\" alt=\"Academia de idiomas en La Palma: Alem\u00e1n, Espa\u00f1ol e Ingl\u00e9s\" \/><\/a>\n\t\t\t<\/div><\/figure>\n\t\t<\/div>\n\t\t<\/div>\n\t\t\t\t\t\t<\/div>\n\t\t\t\t<\/div>\n\t\t\t\t\t<\/div>\n\t\t<\/div>\n\t\t\t\t\t<\/div>\n\t\t<\/section>\n\t\t\t\t<\/div>\n\t\t","protected":false},"excerpt":{"rendered":"<p>Meine (Unterrichts-)Methodik Sprachen lernen \u2013 nat\u00fcrlich, praktisch und individuell In Academia Edelmann glaube ich nicht an starren Unterricht oder Auswendiglernen ohne Verst\u00e4ndnis. Mein Ansatz ist dynamisch, kommunikativ und an jede Sch\u00fclerin oder jeden Sch\u00fcler angepasst \u2013 eine Kombination aus praktischer Erfahrung und der p\u00e4dagogischen Spezialausbildung des Goethe-Instituts. Als zertifizierte Lehrerin im Programm DLL \u2013 Deutsch <\/p>\n","protected":false},"author":1,"featured_media":0,"parent":0,"menu_order":0,"comment_status":"closed","ping_status":"closed","template":"elementor_header_footer","meta":{"_acf_changed":false,"footnotes":""},"class_list":["post-7294","page","type-page","status-publish","hentry"],"acf":[],"_links":{"self":[{"href":"https:\/\/academiaedelmann.com\/de\/wp-json\/wp\/v2\/pages\/7294","targetHints":{"allow":["GET"]}}],"collection":[{"href":"https:\/\/academiaedelmann.com\/de\/wp-json\/wp\/v2\/pages"}],"about":[{"href":"https:\/\/academiaedelmann.com\/de\/wp-json\/wp\/v2\/types\/page"}],"author":[{"embeddable":true,"href":"https:\/\/academiaedelmann.com\/de\/wp-json\/wp\/v2\/users\/1"}],"replies":[{"embeddable":true,"href":"https:\/\/academiaedelmann.com\/de\/wp-json\/wp\/v2\/comments?post=7294"}],"version-history":[{"count":8,"href":"https:\/\/academiaedelmann.com\/de\/wp-json\/wp\/v2\/pages\/7294\/revisions"}],"predecessor-version":[{"id":7457,"href":"https:\/\/academiaedelmann.com\/de\/wp-json\/wp\/v2\/pages\/7294\/revisions\/7457"}],"wp:attachment":[{"href":"https:\/\/academiaedelmann.com\/de\/wp-json\/wp\/v2\/media?parent=7294"}],"curies":[{"name":"wp","href":"https:\/\/api.w.org\/{rel}","templated":true}]}}