{"id":7276,"date":"2025-10-29T15:08:32","date_gmt":"2025-10-29T14:08:32","guid":{"rendered":"https:\/\/academiaedelmann.com\/sobre-anita-edelmann\/"},"modified":"2025-12-09T12:21:14","modified_gmt":"2025-12-09T11:21:14","slug":"wer-bin-ich","status":"publish","type":"page","link":"https:\/\/academiaedelmann.com\/de\/wer-bin-ich\/","title":{"rendered":"Wer bin ich?"},"content":{"rendered":"\t\t<div data-elementor-type=\"wp-page\" data-elementor-id=\"7276\" class=\"elementor elementor-7276 elementor-6723\">\n\t\t\t\t\t\t<section class=\"elementor-section elementor-top-section elementor-element elementor-element-944905f elementor-section-boxed elementor-section-height-default elementor-section-height-default\" data-id=\"944905f\" data-element_type=\"section\" data-e-type=\"section\">\n\t\t\t\t\t\t<div class=\"elementor-container elementor-column-gap-default\">\n\t\t\t\t\t<div class=\"elementor-column elementor-col-100 elementor-top-column elementor-element elementor-element-53bdd8d\" data-id=\"53bdd8d\" data-element_type=\"column\" data-e-type=\"column\">\n\t\t\t<div class=\"elementor-widget-wrap elementor-element-populated\">\n\t\t\t\t\t\t<div class=\"elementor-element elementor-element-e1eb49d elementor-widget elementor-widget-text-editor\" data-id=\"e1eb49d\" data-element_type=\"widget\" data-e-type=\"widget\" data-widget_type=\"text-editor.default\">\n\t\t\t\t<div class=\"elementor-widget-container\">\n\t\t\t\t\t\t\t\t\t<h1><strong>Wer bin ich?<\/strong><\/h1>\t\t\t\t\t\t\t\t<\/div>\n\t\t\t\t<\/div>\n\t\t\t\t<div class=\"elementor-element elementor-element-0106b1d elementor-widget elementor-widget-text-editor\" data-id=\"0106b1d\" data-element_type=\"widget\" data-e-type=\"widget\" data-widget_type=\"text-editor.default\">\n\t\t\t\t<div class=\"elementor-widget-container\">\n\t\t\t\t\t\t\t\t\t<h2><span style=\"color: #a91214; font-size: 18px;\"><em>\u201eJede Sprache ist eine neue Art, die Welt zu sehen.\u201c<\/em><\/span><\/h2>\t\t\t\t\t\t\t\t<\/div>\n\t\t\t\t<\/div>\n\t\t\t\t\t<\/div>\n\t\t<\/div>\n\t\t\t\t\t<\/div>\n\t\t<\/section>\n\t\t\t\t<section class=\"elementor-section elementor-top-section elementor-element elementor-element-085c30d elementor-section-boxed elementor-section-height-default elementor-section-height-default\" data-id=\"085c30d\" data-element_type=\"section\" data-e-type=\"section\">\n\t\t\t\t\t\t<div class=\"elementor-container elementor-column-gap-default\">\n\t\t\t\t\t<div class=\"elementor-column elementor-col-100 elementor-top-column elementor-element elementor-element-38a9fae\" data-id=\"38a9fae\" data-element_type=\"column\" data-e-type=\"column\">\n\t\t\t<div class=\"elementor-widget-wrap elementor-element-populated\">\n\t\t\t\t\t\t<section class=\"elementor-section elementor-inner-section elementor-element elementor-element-9423f50 elementor-section-boxed elementor-section-height-default elementor-section-height-default\" data-id=\"9423f50\" data-element_type=\"section\" data-e-type=\"section\">\n\t\t\t\t\t\t<div class=\"elementor-container elementor-column-gap-default\">\n\t\t\t\t\t<div class=\"elementor-column elementor-col-50 elementor-inner-column elementor-element elementor-element-cf37a5b\" data-id=\"cf37a5b\" data-element_type=\"column\" data-e-type=\"column\">\n\t\t\t<div class=\"elementor-widget-wrap elementor-element-populated\">\n\t\t\t\t\t\t<div class=\"elementor-element elementor-element-0ac6da2 elementor-widget elementor-widget-image\" data-id=\"0ac6da2\" data-element_type=\"widget\" data-e-type=\"widget\" data-widget_type=\"image.default\">\n\t\t\t\t<div class=\"elementor-widget-container\">\n\t\t\t\t\t\t\t\t\t\t\t\t\t\t\t<img fetchpriority=\"high\" decoding=\"async\" width=\"640\" height=\"839\" src=\"https:\/\/academiaedelmann.com\/wp-content\/uploads\/2025\/11\/anita-edelmann-profesora-idiomas-en-lapalma-781x1024.jpg\" class=\"attachment-large size-large wp-image-7424\" alt=\"Academia de idiomas en La Palma: Alem\u00e1n, Espa\u00f1ol e Ingl\u00e9s\" srcset=\"https:\/\/academiaedelmann.com\/wp-content\/uploads\/2025\/11\/anita-edelmann-profesora-idiomas-en-lapalma-781x1024.jpg 781w, https:\/\/academiaedelmann.com\/wp-content\/uploads\/2025\/11\/anita-edelmann-profesora-idiomas-en-lapalma-229x300.jpg 229w, https:\/\/academiaedelmann.com\/wp-content\/uploads\/2025\/11\/anita-edelmann-profesora-idiomas-en-lapalma-768x1007.jpg 768w, https:\/\/academiaedelmann.com\/wp-content\/uploads\/2025\/11\/anita-edelmann-profesora-idiomas-en-lapalma.jpg 976w\" sizes=\"(max-width: 640px) 100vw, 640px\" \/>\t\t\t\t\t\t\t\t\t\t\t\t\t\t\t<\/div>\n\t\t\t\t<\/div>\n\t\t\t\t<div class=\"elementor-element elementor-element-20a6fd9 elementor-widget elementor-widget-image\" data-id=\"20a6fd9\" data-element_type=\"widget\" data-e-type=\"widget\" data-widget_type=\"image.default\">\n\t\t\t\t<div class=\"elementor-widget-container\">\n\t\t\t\t\t\t\t\t\t\t\t\t\t\t\t<img decoding=\"async\" width=\"640\" height=\"342\" src=\"https:\/\/academiaedelmann.com\/wp-content\/uploads\/2025\/11\/academiade-idiomas-edelmann-lapalma-1024x547.jpg\" class=\"attachment-large size-large wp-image-7425\" alt=\"Academia de idiomas en La Palma: Alem\u00e1n, Espa\u00f1ol e Ingl\u00e9s\" srcset=\"https:\/\/academiaedelmann.com\/wp-content\/uploads\/2025\/11\/academiade-idiomas-edelmann-lapalma-1024x547.jpg 1024w, https:\/\/academiaedelmann.com\/wp-content\/uploads\/2025\/11\/academiade-idiomas-edelmann-lapalma-300x160.jpg 300w, https:\/\/academiaedelmann.com\/wp-content\/uploads\/2025\/11\/academiade-idiomas-edelmann-lapalma-768x410.jpg 768w, https:\/\/academiaedelmann.com\/wp-content\/uploads\/2025\/11\/academiade-idiomas-edelmann-lapalma-1536x821.jpg 1536w, https:\/\/academiaedelmann.com\/wp-content\/uploads\/2025\/11\/academiade-idiomas-edelmann-lapalma.jpg 1879w\" sizes=\"(max-width: 640px) 100vw, 640px\" \/>\t\t\t\t\t\t\t\t\t\t\t\t\t\t\t<\/div>\n\t\t\t\t<\/div>\n\t\t\t\t<div class=\"elementor-element elementor-element-e9c7955 elementor-button-danger elementor-align-left elementor-widget elementor-widget-button\" data-id=\"e9c7955\" data-element_type=\"widget\" data-e-type=\"widget\" data-widget_type=\"button.default\">\n\t\t\t\t<div class=\"elementor-widget-container\">\n\t\t\t\t\t\t\t\t\t<div class=\"elementor-button-wrapper\">\n\t\t\t\t\t<a class=\"elementor-button elementor-button-link elementor-size-sm\" href=\"https:\/\/academiaedelmann.com\/de\/unterrichtsformate\/\">\n\t\t\t\t\t\t<span class=\"elementor-button-content-wrapper\">\n\t\t\t\t\t\t\t\t\t<span class=\"elementor-button-text\">Unterrichtsformate<\/span>\n\t\t\t\t\t<\/span>\n\t\t\t\t\t<\/a>\n\t\t\t\t<\/div>\n\t\t\t\t\t\t\t\t<\/div>\n\t\t\t\t<\/div>\n\t\t\t\t<div class=\"elementor-element elementor-element-6f083b3 elementor-button-danger elementor-widget elementor-widget-button\" data-id=\"6f083b3\" data-element_type=\"widget\" data-e-type=\"widget\" data-widget_type=\"button.default\">\n\t\t\t\t<div class=\"elementor-widget-container\">\n\t\t\t\t\t\t\t\t\t<div class=\"elementor-button-wrapper\">\n\t\t\t\t\t<a class=\"elementor-button elementor-button-link elementor-size-sm\" href=\"https:\/\/academiaedelmann.com\/de\/sprachen\/offizielle-prufungen\/\">\n\t\t\t\t\t\t<span class=\"elementor-button-content-wrapper\">\n\t\t\t\t\t\t\t\t\t<span class=\"elementor-button-text\">Offizielle Prufungen<\/span>\n\t\t\t\t\t<\/span>\n\t\t\t\t\t<\/a>\n\t\t\t\t<\/div>\n\t\t\t\t\t\t\t\t<\/div>\n\t\t\t\t<\/div>\n\t\t\t\t<div class=\"elementor-element elementor-element-eb5d4bc elementor-button-danger elementor-align-left elementor-widget elementor-widget-button\" data-id=\"eb5d4bc\" data-element_type=\"widget\" data-e-type=\"widget\" data-widget_type=\"button.default\">\n\t\t\t\t<div class=\"elementor-widget-container\">\n\t\t\t\t\t\t\t\t\t<div class=\"elementor-button-wrapper\">\n\t\t\t\t\t<a class=\"elementor-button elementor-button-link elementor-size-sm\" href=\"https:\/\/academiaedelmann.com\/de\/sprachen\/\">\n\t\t\t\t\t\t<span class=\"elementor-button-content-wrapper\">\n\t\t\t\t\t\t\t\t\t<span class=\"elementor-button-text\">Sprachen<\/span>\n\t\t\t\t\t<\/span>\n\t\t\t\t\t<\/a>\n\t\t\t\t<\/div>\n\t\t\t\t\t\t\t\t<\/div>\n\t\t\t\t<\/div>\n\t\t\t\t<div class=\"elementor-element elementor-element-d636aac elementor-widget elementor-widget-spacer\" data-id=\"d636aac\" data-element_type=\"widget\" data-e-type=\"widget\" data-widget_type=\"spacer.default\">\n\t\t\t\t<div class=\"elementor-widget-container\">\n\t\t\t\t\t\t\t<div class=\"elementor-spacer\">\n\t\t\t<div class=\"elementor-spacer-inner\"><\/div>\n\t\t<\/div>\n\t\t\t\t\t\t<\/div>\n\t\t\t\t<\/div>\n\t\t\t\t\t<\/div>\n\t\t<\/div>\n\t\t\t\t<div class=\"elementor-column elementor-col-50 elementor-inner-column elementor-element elementor-element-cddd4b4\" data-id=\"cddd4b4\" data-element_type=\"column\" data-e-type=\"column\">\n\t\t\t<div class=\"elementor-widget-wrap elementor-element-populated\">\n\t\t\t\t\t\t<div class=\"elementor-element elementor-element-c300216 elementor-widget elementor-widget-text-editor\" data-id=\"c300216\" data-element_type=\"widget\" data-e-type=\"widget\" data-widget_type=\"text-editor.default\">\n\t\t\t\t<div class=\"elementor-widget-container\">\n\t\t\t\t\t\t\t\t\t<p>Hallo! Ich bin Anita Edelmann, Sprachlehrerin und Gr\u00fcnderin der Academia Edelmann.<\/p>\n<p>Ich wurde in W\u00fcrzburg geboren, bin jedoch auf der wundersch\u00f6nen Insel La Palma aufgewachsen \u2013 in einer zweisprachigen Umgebung, die meine Sicht auf die Welt tief gepr\u00e4gt hat. Schon immer haben mich Worte, Kl\u00e4nge und die Kulturen, die sich hinter jeder Sprache verbergen, fasziniert. Eine andere Sprache zu sprechen, bedeutet nicht nur, Vokabeln zu lernen: Es bedeutet, die T\u00fcr zu neuen Denk-, F\u00fchl- und Verbindungsweisen zur Welt zu \u00f6ffnen.<\/p>\n<p>Mit 15 Jahren begann ich, Sprachunterricht zu geben, nachdem einige Eltern mich fragten, ob ich ihren Kindern etwas beibringen k\u00f6nnte. Diese erste Erfahrung weckte meine Leidenschaft f\u00fcr das Unterrichten. Meine gesamte Schulzeit sowie das Abitur absolvierte ich auf La Palma, und mit 18 Jahren kehrte ich nach Deutschland zur\u00fcck, um meine Ausbildung fortzusetzen. Dort studierte ich Betriebswirtschaftslehre und arbeitete mehrere Jahre in diesem Bereich. Dennoch war meine wahre Berufung immer mit Sprachen und dem Unterrichten verbunden.<br \/>Deshalb entschied ich mich, mich \u00fcber das Programm DLL \u2013 Deutsch Lehren Lernen als Lehrerin f\u00fcr Deutsch als Fremdsprache zu spezialisieren. Diese Ausbildung des Goethe-Instituts vermittelte mir moderne, effektive und lernorientierte p\u00e4dagogische Werkzeuge.<\/p>\n<p>Seit mehreren Jahren unterrichte ich Deutsch, Spanisch und Englisch f\u00fcr Menschen aller Altersgruppen und Niveaus. Ich habe mit neugierigen Kindern, Jugendlichen auf der Suche nach Herausforderungen und Erwachsenen mit pers\u00f6nlichen oder beruflichen Zielen gearbeitet. Jede Sch\u00fclerin und jeder Sch\u00fcler ist anders \u2013 deshalb passe ich jede Stunde an ihre Lernweise, ihre Interessen und ihr Tempo an.<\/p>\n<p>Meine Ausbildung am Goethe-Institut hat mir das notwendige didaktische Fundament gegeben, doch meine Erfahrung hat mich gelehrt, dass das Wichtigste ein Umfeld voller Vertrauen, Motivation und Freude ist. Denn ja \u2013 Sprachenlernen kann Spa\u00df machen!<\/p>\n<p>Ich unterrichte in El Llanito, Bre\u00f1a Alta (La Palma), in einem ruhigen, angenehmen Raum, ideal zum Konzentrieren und Genie\u00dfen des Lernprozesses. Mich macht es gl\u00fccklich, meine Wurzeln, meine internationale Erfahrung und meine Liebe zu Sprachen in einem Projekt zu vereinen, das Menschen durch das Lernen verbindet.<\/p>\n<p>Au\u00dferdem bereite ich meine Sch\u00fcler auf offizielle Pr\u00fcfungen vor, wie das Goethe-Zertifikat, Cambridge oder DELE (Spanisch f\u00fcr Ausl\u00e4nder).<br \/>In meinem Unterricht kombiniere ich Struktur und Klarheit mit Dynamik und N\u00e4he. Mein Ziel ist es, dir zu helfen, sicher und fl\u00fcssig zu kommunizieren und die Freude daran zu entdecken, dich in einer anderen Sprache auszudr\u00fccken und sie verstehen zu k\u00f6nnen.<\/p>\n<p>Sehen wir uns im Unterricht?<\/p>\t\t\t\t\t\t\t\t<\/div>\n\t\t\t\t<\/div>\n\t\t\t\t\t<\/div>\n\t\t<\/div>\n\t\t\t\t\t<\/div>\n\t\t<\/section>\n\t\t\t\t\t<\/div>\n\t\t<\/div>\n\t\t\t\t\t<\/div>\n\t\t<\/section>\n\t\t\t\t<\/div>\n\t\t","protected":false},"excerpt":{"rendered":"<p>Wer bin ich? \u201eJede Sprache ist eine neue Art, die Welt zu sehen.\u201c Unterrichtsformate Offizielle Prufungen Sprachen Hallo! Ich bin Anita Edelmann, Sprachlehrerin und Gr\u00fcnderin der Academia Edelmann. Ich wurde in W\u00fcrzburg geboren, bin jedoch auf der wundersch\u00f6nen Insel La Palma aufgewachsen \u2013 in einer zweisprachigen Umgebung, die meine Sicht auf die Welt tief gepr\u00e4gt <\/p>\n","protected":false},"author":1,"featured_media":0,"parent":0,"menu_order":0,"comment_status":"closed","ping_status":"closed","template":"elementor_header_footer","meta":{"_acf_changed":false,"footnotes":""},"class_list":["post-7276","page","type-page","status-publish","hentry"],"acf":[],"_links":{"self":[{"href":"https:\/\/academiaedelmann.com\/de\/wp-json\/wp\/v2\/pages\/7276","targetHints":{"allow":["GET"]}}],"collection":[{"href":"https:\/\/academiaedelmann.com\/de\/wp-json\/wp\/v2\/pages"}],"about":[{"href":"https:\/\/academiaedelmann.com\/de\/wp-json\/wp\/v2\/types\/page"}],"author":[{"embeddable":true,"href":"https:\/\/academiaedelmann.com\/de\/wp-json\/wp\/v2\/users\/1"}],"replies":[{"embeddable":true,"href":"https:\/\/academiaedelmann.com\/de\/wp-json\/wp\/v2\/comments?post=7276"}],"version-history":[{"count":8,"href":"https:\/\/academiaedelmann.com\/de\/wp-json\/wp\/v2\/pages\/7276\/revisions"}],"predecessor-version":[{"id":7532,"href":"https:\/\/academiaedelmann.com\/de\/wp-json\/wp\/v2\/pages\/7276\/revisions\/7532"}],"wp:attachment":[{"href":"https:\/\/academiaedelmann.com\/de\/wp-json\/wp\/v2\/media?parent=7276"}],"curies":[{"name":"wp","href":"https:\/\/api.w.org\/{rel}","templated":true}]}}